{"id":22992,"date":"2020-09-05T16:16:55","date_gmt":"2020-09-05T16:16:55","guid":{"rendered":"https:\/\/torebunia.pl\/sklep\/produkt\/twinset-plecak\/"},"modified":"2021-01-27T17:13:35","modified_gmt":"2021-01-27T17:13:35","slug":"twinset-plecak","status":"publish","type":"product","link":"https:\/\/torebunia.pl\/sklep\/produkt\/twinset-plecak\/","title":{"rendered":"Twinset &#8211; Plecak"},"content":{"rendered":"<p>Parametry produktu:<\/p>\n<ul>\n<li>cena: <strong>799.9 PLN<\/strong><\/li>\n<li>marka: <strong>TWINSET<\/strong><\/li>\n<li>p\u0142e\u0107: <strong>Female<\/strong><\/li>\n<li>kategoria: <strong>ONA \/ Akcesoria \/ Plecaki<\/strong><\/li>\n<li>kolor: <strong>be\u017cowy<\/strong><\/li>\n<\/ul>\n<p>Opis:<br \/>\nPlecak z kolekcji Twinset. Model wykonany z sk\u00f3ry ekologicznej. &#8211; Jednokomorowy model. &#8211; Zapinana kiesze\u0144 zewn\u0119trzna. &#8211; Zapinana komora. &#8211; Uchwyt do r\u0119ki. &#8211; Regulowana d\u0142ugo\u015b\u0107 pask\u00f3w. &#8211; Nie mie\u015bci formatu A4. &#8211; Do\u0142\u0105czony pokrowiec. &#8211; G\u0142\u0119boko\u015b\u0107: 11,5 cm. &#8211; Wysoko\u015b\u0107: 33 cm. &#8211; Szeroko\u015b\u0107 u podstawy: 24,5 cm. Wz\u00f3r: wzorzyste Wielko\u015b\u0107: nie mie\u015bci A4 Materia\u0142: imitacja sk\u00f3ry licowej Sk\u0142ad: Podszewka: 100 % Poliester, Materia\u0142 zasadniczy: 100 % PVC ID produktu: 4900-PKD09J Kod producenta: 202TB7172.S12589<\/p>\n","protected":false},"excerpt":{"rendered":"<p>Parametry produktu: cena: 799.9 PLN marka: TWINSET p\u0142e\u0107: Female kategoria: ONA \/ Akcesoria \/ Plecaki kolor: be\u017cowy Opis: Plecak z kolekcji Twinset. Model wykonany z sk\u00f3ry ekologicznej. &#8211; Jednokomorowy model.<\/p>\n","protected":false},"featured_media":22993,"comment_status":"closed","ping_status":"open","template":"","meta":[],"class_list":{"0":"post-22992","1":"product","2":"type-product","3":"status-publish","5":"hentry","6":"product_cat-akcesoria","7":"product_cat-ona","8":"product_cat-plecaki","9":"product_tag-twinset","10":"product_tag-twinset-plecak"},"yoast_head":"<!-- This site is optimized with the Yoast SEO plugin v15.6.2 - https:\/\/yoast.com\/wordpress\/plugins\/seo\/ -->\n<title>Twinset - Plecak<\/title>\n<meta name=\"robots\" content=\"index, follow, max-snippet:-1, max-image-preview:large, max-video-preview:-1\" \/>\n<link rel=\"canonical\" href=\"https:\/\/torebunia.pl\/sklep\/produkt\/twinset-plecak\/\" \/>\n<meta property=\"og:locale\" content=\"pl_PL\" \/>\n<meta property=\"og:type\" content=\"article\" \/>\n<meta property=\"og:title\" content=\"Twinset - Plecak\" \/>\n<meta property=\"og:description\" content=\"Parametry produktu: cena: 799.9 PLN marka: TWINSET p\u0142e\u0107: Female kategoria: ONA \/ Akcesoria \/ Plecaki kolor: be\u017cowy Opis: Plecak z kolekcji Twinset. Model wykonany z sk\u00f3ry ekologicznej. &#8211; Jednokomorowy model.\" \/>\n<meta property=\"og:url\" content=\"https:\/\/torebunia.pl\/sklep\/produkt\/twinset-plecak\/\" \/>\n<meta property=\"og:site_name\" content=\"Moje Blog\" \/>\n<meta property=\"article:modified_time\" content=\"2021-01-27T17:13:35+00:00\" \/>\n<meta property=\"og:image\" content=\"https:\/\/torebunia.pl\/sklep\/wp-content\/uploads\/2021\/01\/d8041e57cfd67bbfb6d40b1bcf8b7b0cc08db2b2.jpg\" \/>\n\t<meta property=\"og:image:width\" content=\"855\" \/>\n\t<meta property=\"og:image:height\" content=\"1290\" \/>\n<meta name=\"twitter:card\" content=\"summary_large_image\" \/>\n<script type=\"application\/ld+json\" class=\"yoast-schema-graph\">{\"@context\":\"https:\/\/schema.org\",\"@graph\":[{\"@type\":\"WebSite\",\"@id\":\"https:\/\/torebunia.pl\/sklep\/#website\",\"url\":\"https:\/\/torebunia.pl\/sklep\/\",\"name\":\"Moje Blog\",\"description\":\"Kolejna witryna WordPress\",\"potentialAction\":[{\"@type\":\"SearchAction\",\"target\":\"https:\/\/torebunia.pl\/sklep\/?s={search_term_string}\",\"query-input\":\"required name=search_term_string\"}],\"inLanguage\":\"pl-PL\"},{\"@type\":\"ImageObject\",\"@id\":\"https:\/\/torebunia.pl\/sklep\/produkt\/twinset-plecak\/#primaryimage\",\"inLanguage\":\"pl-PL\",\"url\":\"https:\/\/torebunia.pl\/sklep\/wp-content\/uploads\/2021\/01\/d8041e57cfd67bbfb6d40b1bcf8b7b0cc08db2b2.jpg\",\"width\":855,\"height\":1290,\"caption\":\"Twinset - Plecak\"},{\"@type\":\"WebPage\",\"@id\":\"https:\/\/torebunia.pl\/sklep\/produkt\/twinset-plecak\/#webpage\",\"url\":\"https:\/\/torebunia.pl\/sklep\/produkt\/twinset-plecak\/\",\"name\":\"Twinset - Plecak\",\"isPartOf\":{\"@id\":\"https:\/\/torebunia.pl\/sklep\/#website\"},\"primaryImageOfPage\":{\"@id\":\"https:\/\/torebunia.pl\/sklep\/produkt\/twinset-plecak\/#primaryimage\"},\"datePublished\":\"2020-09-05T16:16:55+00:00\",\"dateModified\":\"2021-01-27T17:13:35+00:00\",\"inLanguage\":\"pl-PL\",\"potentialAction\":[{\"@type\":\"ReadAction\",\"target\":[\"https:\/\/torebunia.pl\/sklep\/produkt\/twinset-plecak\/\"]}]}]}<\/script>\n<!-- \/ Yoast SEO plugin. -->","_links":{"self":[{"href":"https:\/\/torebunia.pl\/sklep\/wp-json\/wp\/v2\/product\/22992","targetHints":{"allow":["GET"]}}],"collection":[{"href":"https:\/\/torebunia.pl\/sklep\/wp-json\/wp\/v2\/product"}],"about":[{"href":"https:\/\/torebunia.pl\/sklep\/wp-json\/wp\/v2\/types\/product"}],"replies":[{"embeddable":true,"href":"https:\/\/torebunia.pl\/sklep\/wp-json\/wp\/v2\/comments?post=22992"}],"wp:featuredmedia":[{"embeddable":true,"href":"https:\/\/torebunia.pl\/sklep\/wp-json\/wp\/v2\/media\/22993"}],"wp:attachment":[{"href":"https:\/\/torebunia.pl\/sklep\/wp-json\/wp\/v2\/media?parent=22992"}],"curies":[{"name":"wp","href":"https:\/\/api.w.org\/{rel}","templated":true}]}}