{"id":2289,"date":"2020-11-03T08:43:26","date_gmt":"2020-11-03T08:43:26","guid":{"rendered":"https:\/\/torebunia.pl\/sklep\/produkt\/guess-jeans-legginsy-2\/"},"modified":"2021-01-25T14:25:37","modified_gmt":"2021-01-25T14:25:37","slug":"guess-jeans-legginsy-2","status":"publish","type":"product","link":"https:\/\/torebunia.pl\/sklep\/produkt\/guess-jeans-legginsy-2\/","title":{"rendered":"Guess Jeans &#8211; Legginsy"},"content":{"rendered":"<p>Parametry produktu:<\/p>\n<ul>\n<li>cena: <strong>169.9 PLN<\/strong><\/li>\n<li>marka: <strong>Guess<\/strong><\/li>\n<li>p\u0142e\u0107: <strong>Female<\/strong><\/li>\n<li>kategoria: <strong>ONA \/ Odzie\u017c \/ Spodnie i legginsy \/ Legginsy<\/strong><\/li>\n<li>kolor: <strong>czarny<\/strong><\/li>\n<\/ul>\n<p>Opis:<br \/>\nLegginsy z kolekcji Guess Jeans. Model wykonany z dzianiny. &#8211; Dopasowany fason. &#8211; Regularna talia. &#8211; Elastyczna listwa w pasie. &#8211; Cienka, elastyczna dzianina. &#8211; Szeroko\u015b\u0107 w pasie: 33 cm. &#8211; Wysoko\u015b\u0107 stanu: 22 cm. &#8211; D\u0142ugo\u015b\u0107: 83 cm. &#8211; Wymiary podane dla rozmiaru: S. Wz\u00f3r: nadruk Materia\u0142: dzianina Sk\u0142ad: 57 % Bawe\u0142na, 38 % Poliester, 5 % Spandex ID produktu: 4900-LGD00N Kod producenta: O0BB00.KABQ0<\/p>\n","protected":false},"excerpt":{"rendered":"<p>Parametry produktu: cena: 169.9 PLN marka: Guess p\u0142e\u0107: Female kategoria: ONA \/ Odzie\u017c \/ Spodnie i legginsy \/ Legginsy kolor: czarny Opis: Legginsy z kolekcji Guess Jeans. Model wykonany z<\/p>\n","protected":false},"featured_media":2290,"comment_status":"closed","ping_status":"open","template":"","meta":[],"class_list":{"0":"post-2289","1":"product","2":"type-product","3":"status-publish","5":"hentry","6":"product_cat-legginsy","7":"product_cat-odziez","8":"product_cat-ona","9":"product_cat-spodnie-i-legginsy","10":"product_tag-guess","11":"product_tag-guess-jeans-legginsy"},"yoast_head":"<!-- This site is optimized with the Yoast SEO plugin v15.6.2 - https:\/\/yoast.com\/wordpress\/plugins\/seo\/ -->\n<title>Guess Jeans - Legginsy<\/title>\n<meta name=\"robots\" content=\"index, follow, max-snippet:-1, max-image-preview:large, max-video-preview:-1\" \/>\n<link rel=\"canonical\" href=\"https:\/\/torebunia.pl\/sklep\/produkt\/guess-jeans-legginsy-2\/\" \/>\n<meta property=\"og:locale\" content=\"pl_PL\" \/>\n<meta property=\"og:type\" content=\"article\" \/>\n<meta property=\"og:title\" content=\"Guess Jeans - Legginsy\" \/>\n<meta property=\"og:description\" content=\"Parametry produktu: cena: 169.9 PLN marka: Guess p\u0142e\u0107: Female kategoria: ONA \/ Odzie\u017c \/ Spodnie i legginsy \/ Legginsy kolor: czarny Opis: Legginsy z kolekcji Guess Jeans. Model wykonany z\" \/>\n<meta property=\"og:url\" content=\"https:\/\/torebunia.pl\/sklep\/produkt\/guess-jeans-legginsy-2\/\" \/>\n<meta property=\"og:site_name\" content=\"Moje Blog\" \/>\n<meta property=\"article:modified_time\" content=\"2021-01-25T14:25:37+00:00\" \/>\n<meta property=\"og:image\" content=\"https:\/\/torebunia.pl\/sklep\/wp-content\/uploads\/2021\/01\/8d2f1b432d8222712be3ac69d9b361361eb07b6e.jpg\" \/>\n\t<meta property=\"og:image:width\" content=\"855\" \/>\n\t<meta property=\"og:image:height\" content=\"1290\" \/>\n<meta name=\"twitter:card\" content=\"summary_large_image\" \/>\n<script type=\"application\/ld+json\" class=\"yoast-schema-graph\">{\"@context\":\"https:\/\/schema.org\",\"@graph\":[{\"@type\":\"WebSite\",\"@id\":\"https:\/\/torebunia.pl\/sklep\/#website\",\"url\":\"https:\/\/torebunia.pl\/sklep\/\",\"name\":\"Moje Blog\",\"description\":\"Kolejna witryna WordPress\",\"potentialAction\":[{\"@type\":\"SearchAction\",\"target\":\"https:\/\/torebunia.pl\/sklep\/?s={search_term_string}\",\"query-input\":\"required name=search_term_string\"}],\"inLanguage\":\"pl-PL\"},{\"@type\":\"ImageObject\",\"@id\":\"https:\/\/torebunia.pl\/sklep\/produkt\/guess-jeans-legginsy-2\/#primaryimage\",\"inLanguage\":\"pl-PL\",\"url\":\"https:\/\/torebunia.pl\/sklep\/wp-content\/uploads\/2021\/01\/8d2f1b432d8222712be3ac69d9b361361eb07b6e.jpg\",\"width\":855,\"height\":1290,\"caption\":\"Guess Jeans - Legginsy\"},{\"@type\":\"WebPage\",\"@id\":\"https:\/\/torebunia.pl\/sklep\/produkt\/guess-jeans-legginsy-2\/#webpage\",\"url\":\"https:\/\/torebunia.pl\/sklep\/produkt\/guess-jeans-legginsy-2\/\",\"name\":\"Guess Jeans - Legginsy\",\"isPartOf\":{\"@id\":\"https:\/\/torebunia.pl\/sklep\/#website\"},\"primaryImageOfPage\":{\"@id\":\"https:\/\/torebunia.pl\/sklep\/produkt\/guess-jeans-legginsy-2\/#primaryimage\"},\"datePublished\":\"2020-11-03T08:43:26+00:00\",\"dateModified\":\"2021-01-25T14:25:37+00:00\",\"inLanguage\":\"pl-PL\",\"potentialAction\":[{\"@type\":\"ReadAction\",\"target\":[\"https:\/\/torebunia.pl\/sklep\/produkt\/guess-jeans-legginsy-2\/\"]}]}]}<\/script>\n<!-- \/ Yoast SEO plugin. -->","_links":{"self":[{"href":"https:\/\/torebunia.pl\/sklep\/wp-json\/wp\/v2\/product\/2289","targetHints":{"allow":["GET"]}}],"collection":[{"href":"https:\/\/torebunia.pl\/sklep\/wp-json\/wp\/v2\/product"}],"about":[{"href":"https:\/\/torebunia.pl\/sklep\/wp-json\/wp\/v2\/types\/product"}],"replies":[{"embeddable":true,"href":"https:\/\/torebunia.pl\/sklep\/wp-json\/wp\/v2\/comments?post=2289"}],"wp:featuredmedia":[{"embeddable":true,"href":"https:\/\/torebunia.pl\/sklep\/wp-json\/wp\/v2\/media\/2290"}],"wp:attachment":[{"href":"https:\/\/torebunia.pl\/sklep\/wp-json\/wp\/v2\/media?parent=2289"}],"curies":[{"name":"wp","href":"https:\/\/api.w.org\/{rel}","templated":true}]}}