{"id":22774,"date":"2020-06-26T19:46:21","date_gmt":"2020-06-26T19:46:21","guid":{"rendered":"https:\/\/torebunia.pl\/sklep\/produkt\/calvin-klein-jeans-jeansy-5\/"},"modified":"2021-01-27T17:06:46","modified_gmt":"2021-01-27T17:06:46","slug":"calvin-klein-jeans-jeansy-5","status":"publish","type":"product","link":"https:\/\/torebunia.pl\/sklep\/produkt\/calvin-klein-jeans-jeansy-5\/","title":{"rendered":"Calvin Klein Jeans &#8211; Jeansy"},"content":{"rendered":"<p>Parametry produktu:<\/p>\n<ul>\n<li>cena: <strong>449.9 PLN<\/strong><\/li>\n<li>marka: <strong>Calvin Klein Jeans<\/strong><\/li>\n<li>p\u0142e\u0107: <strong>Female<\/strong><\/li>\n<li>kategoria: <strong>ONA \/ Odzie\u017c \/ Jeansy<\/strong><\/li>\n<li>kolor: <strong>niebieski<\/strong><\/li>\n<\/ul>\n<p>Opis:<br \/>\nJeansy z kolekcji Calvin Klein Jeans w fasonie skinny z podwy\u017cszon\u0105 tali\u0105. Model wykonany z elastycznego denimu. &#8211; Fason skinny. &#8211; Wsuwane kieszenie. &#8211; Zapi\u0119cie na guzik i suwak. &#8211; Cienka, elastyczna tkanina. &#8211; Szeroko\u015b\u0107 w pasie: 34,5 cm. &#8211; Szeroko\u015b\u0107 w biodrach: 41 cm. &#8211; Wysoko\u015b\u0107 stanu: 20 cm. &#8211; Szeroko\u015b\u0107 nogawki na dole: 13,5 cm. &#8211; Szeroko\u015b\u0107 nogawki: 24,5 cm. &#8211; D\u0142ugo\u015b\u0107 nogawki: 100 cm. &#8211; Wymiary podane dla rozmiaru: 27\/32. Sk\u0142ad: 91 % Bawe\u0142na, 4 % Elastan, 5 % Poliester ID produktu: 4900-SJD0EC Kod producenta: J20J213899<\/p>\n","protected":false},"excerpt":{"rendered":"<p>Parametry produktu: cena: 449.9 PLN marka: Calvin Klein Jeans p\u0142e\u0107: Female kategoria: ONA \/ Odzie\u017c \/ Jeansy kolor: niebieski Opis: Jeansy z kolekcji Calvin Klein Jeans w fasonie skinny z<\/p>\n","protected":false},"featured_media":22775,"comment_status":"closed","ping_status":"open","template":"","meta":[],"class_list":{"0":"post-22774","1":"product","2":"type-product","3":"status-publish","5":"hentry","6":"product_cat-jeansy","7":"product_cat-odziez","8":"product_cat-ona","9":"product_tag-calvin-klein-jeans","10":"product_tag-calvin-klein-jeans-jeansy"},"yoast_head":"<!-- This site is optimized with the Yoast SEO plugin v15.6.2 - https:\/\/yoast.com\/wordpress\/plugins\/seo\/ -->\n<title>Calvin Klein Jeans - Jeansy<\/title>\n<meta name=\"robots\" content=\"index, follow, max-snippet:-1, max-image-preview:large, max-video-preview:-1\" \/>\n<link rel=\"canonical\" href=\"https:\/\/torebunia.pl\/sklep\/produkt\/calvin-klein-jeans-jeansy-5\/\" \/>\n<meta property=\"og:locale\" content=\"pl_PL\" \/>\n<meta property=\"og:type\" content=\"article\" \/>\n<meta property=\"og:title\" content=\"Calvin Klein Jeans - Jeansy\" \/>\n<meta property=\"og:description\" content=\"Parametry produktu: cena: 449.9 PLN marka: Calvin Klein Jeans p\u0142e\u0107: Female kategoria: ONA \/ Odzie\u017c \/ Jeansy kolor: niebieski Opis: Jeansy z kolekcji Calvin Klein Jeans w fasonie skinny z\" \/>\n<meta property=\"og:url\" content=\"https:\/\/torebunia.pl\/sklep\/produkt\/calvin-klein-jeans-jeansy-5\/\" \/>\n<meta property=\"og:site_name\" content=\"Moje Blog\" \/>\n<meta property=\"article:modified_time\" content=\"2021-01-27T17:06:46+00:00\" \/>\n<meta property=\"og:image\" content=\"https:\/\/torebunia.pl\/sklep\/wp-content\/uploads\/2021\/01\/153ba20b7bdf3eb63eedc60ab42ef238ba38a5c6.jpg\" \/>\n\t<meta property=\"og:image:width\" content=\"855\" \/>\n\t<meta property=\"og:image:height\" content=\"1290\" \/>\n<meta name=\"twitter:card\" content=\"summary_large_image\" \/>\n<meta name=\"twitter:label1\" content=\"Est. reading time\">\n\t<meta name=\"twitter:data1\" content=\"1 minuta\">\n<script type=\"application\/ld+json\" class=\"yoast-schema-graph\">{\"@context\":\"https:\/\/schema.org\",\"@graph\":[{\"@type\":\"WebSite\",\"@id\":\"https:\/\/torebunia.pl\/sklep\/#website\",\"url\":\"https:\/\/torebunia.pl\/sklep\/\",\"name\":\"Moje Blog\",\"description\":\"Kolejna witryna WordPress\",\"potentialAction\":[{\"@type\":\"SearchAction\",\"target\":\"https:\/\/torebunia.pl\/sklep\/?s={search_term_string}\",\"query-input\":\"required name=search_term_string\"}],\"inLanguage\":\"pl-PL\"},{\"@type\":\"ImageObject\",\"@id\":\"https:\/\/torebunia.pl\/sklep\/produkt\/calvin-klein-jeans-jeansy-5\/#primaryimage\",\"inLanguage\":\"pl-PL\",\"url\":\"https:\/\/torebunia.pl\/sklep\/wp-content\/uploads\/2021\/01\/153ba20b7bdf3eb63eedc60ab42ef238ba38a5c6.jpg\",\"width\":855,\"height\":1290,\"caption\":\"Calvin Klein Jeans - Jeansy\"},{\"@type\":\"WebPage\",\"@id\":\"https:\/\/torebunia.pl\/sklep\/produkt\/calvin-klein-jeans-jeansy-5\/#webpage\",\"url\":\"https:\/\/torebunia.pl\/sklep\/produkt\/calvin-klein-jeans-jeansy-5\/\",\"name\":\"Calvin Klein Jeans - Jeansy\",\"isPartOf\":{\"@id\":\"https:\/\/torebunia.pl\/sklep\/#website\"},\"primaryImageOfPage\":{\"@id\":\"https:\/\/torebunia.pl\/sklep\/produkt\/calvin-klein-jeans-jeansy-5\/#primaryimage\"},\"datePublished\":\"2020-06-26T19:46:21+00:00\",\"dateModified\":\"2021-01-27T17:06:46+00:00\",\"inLanguage\":\"pl-PL\",\"potentialAction\":[{\"@type\":\"ReadAction\",\"target\":[\"https:\/\/torebunia.pl\/sklep\/produkt\/calvin-klein-jeans-jeansy-5\/\"]}]}]}<\/script>\n<!-- \/ Yoast SEO plugin. -->","_links":{"self":[{"href":"https:\/\/torebunia.pl\/sklep\/wp-json\/wp\/v2\/product\/22774","targetHints":{"allow":["GET"]}}],"collection":[{"href":"https:\/\/torebunia.pl\/sklep\/wp-json\/wp\/v2\/product"}],"about":[{"href":"https:\/\/torebunia.pl\/sklep\/wp-json\/wp\/v2\/types\/product"}],"replies":[{"embeddable":true,"href":"https:\/\/torebunia.pl\/sklep\/wp-json\/wp\/v2\/comments?post=22774"}],"wp:featuredmedia":[{"embeddable":true,"href":"https:\/\/torebunia.pl\/sklep\/wp-json\/wp\/v2\/media\/22775"}],"wp:attachment":[{"href":"https:\/\/torebunia.pl\/sklep\/wp-json\/wp\/v2\/media?parent=22774"}],"curies":[{"name":"wp","href":"https:\/\/api.w.org\/{rel}","templated":true}]}}