{"id":22678,"date":"2020-11-21T09:15:02","date_gmt":"2020-11-21T09:15:02","guid":{"rendered":"https:\/\/torebunia.pl\/sklep\/produkt\/crocs-japonki-crocband\/"},"modified":"2021-01-27T17:03:45","modified_gmt":"2021-01-27T17:03:45","slug":"crocs-japonki-crocband","status":"publish","type":"product","link":"https:\/\/torebunia.pl\/sklep\/produkt\/crocs-japonki-crocband\/","title":{"rendered":"Crocs &#8211; Japonki Crocband"},"content":{"rendered":"<p>Parametry produktu:<\/p>\n<ul>\n<li>cena: <strong>119.9 PLN<\/strong><\/li>\n<li>marka: <strong>Crocs<\/strong><\/li>\n<li>p\u0142e\u0107: <strong>Female<\/strong><\/li>\n<li>kategoria: <strong>ONA \/ Obuwie \/ Klapki i sanda\u0142y \/ Japonki<\/strong><\/li>\n<li>kolor: <strong>granatowy<\/strong><\/li>\n<\/ul>\n<p>Opis:<br \/>\nJaponki z kolekcji Crocs. Model wykonany z materia\u0142u syntetycznego. &#8211; G\u0142adki materia\u0142. &#8211; T\u0142oczona podeszwa. &#8211; Wyprofilowana wk\u0142adka. &#8211; Model na p\u0142askim obcasie. &#8211; D\u0142ugo\u015b\u0107 wk\u0142adki wynosi: 24 cm. &#8211; Wymiary podane dla rozmiaru: 37\/38. Materia\u0142: syntetyczny Obcas: p\u0142aski Sk\u0142ad: Materia\u0142 syntetyczny ID produktu: 100-KLD00T Kod producenta: 11033.NAVY.<\/p>\n","protected":false},"excerpt":{"rendered":"<p>Parametry produktu: cena: 119.9 PLN marka: Crocs p\u0142e\u0107: Female kategoria: ONA \/ Obuwie \/ Klapki i sanda\u0142y \/ Japonki kolor: granatowy Opis: Japonki z kolekcji Crocs. Model wykonany z materia\u0142u<\/p>\n","protected":false},"featured_media":22679,"comment_status":"closed","ping_status":"open","template":"","meta":[],"class_list":{"0":"post-22678","1":"product","2":"type-product","3":"status-publish","5":"hentry","6":"product_cat-japonki","7":"product_cat-klapki-i-sandaly","8":"product_cat-obuwie","9":"product_cat-ona","10":"product_tag-crocs","11":"product_tag-crocs-japonki-crocband"},"yoast_head":"<!-- This site is optimized with the Yoast SEO plugin v15.6.2 - https:\/\/yoast.com\/wordpress\/plugins\/seo\/ -->\n<title>Crocs - Japonki Crocband<\/title>\n<meta name=\"robots\" content=\"index, follow, max-snippet:-1, max-image-preview:large, max-video-preview:-1\" \/>\n<link rel=\"canonical\" href=\"https:\/\/torebunia.pl\/sklep\/produkt\/crocs-japonki-crocband\/\" \/>\n<meta property=\"og:locale\" content=\"pl_PL\" \/>\n<meta property=\"og:type\" content=\"article\" \/>\n<meta property=\"og:title\" content=\"Crocs - Japonki Crocband\" \/>\n<meta property=\"og:description\" content=\"Parametry produktu: cena: 119.9 PLN marka: Crocs p\u0142e\u0107: Female kategoria: ONA \/ Obuwie \/ Klapki i sanda\u0142y \/ Japonki kolor: granatowy Opis: Japonki z kolekcji Crocs. Model wykonany z materia\u0142u\" \/>\n<meta property=\"og:url\" content=\"https:\/\/torebunia.pl\/sklep\/produkt\/crocs-japonki-crocband\/\" \/>\n<meta property=\"og:site_name\" content=\"Moje Blog\" \/>\n<meta property=\"article:modified_time\" content=\"2021-01-27T17:03:45+00:00\" \/>\n<meta property=\"og:image\" content=\"https:\/\/torebunia.pl\/sklep\/wp-content\/uploads\/2021\/01\/7946351a38cd924d44d9f2886bb7842d3a73b700.jpg\" \/>\n\t<meta property=\"og:image:width\" content=\"855\" \/>\n\t<meta property=\"og:image:height\" content=\"1290\" \/>\n<meta name=\"twitter:card\" content=\"summary_large_image\" \/>\n<script type=\"application\/ld+json\" class=\"yoast-schema-graph\">{\"@context\":\"https:\/\/schema.org\",\"@graph\":[{\"@type\":\"WebSite\",\"@id\":\"https:\/\/torebunia.pl\/sklep\/#website\",\"url\":\"https:\/\/torebunia.pl\/sklep\/\",\"name\":\"Moje Blog\",\"description\":\"Kolejna witryna WordPress\",\"potentialAction\":[{\"@type\":\"SearchAction\",\"target\":\"https:\/\/torebunia.pl\/sklep\/?s={search_term_string}\",\"query-input\":\"required name=search_term_string\"}],\"inLanguage\":\"pl-PL\"},{\"@type\":\"ImageObject\",\"@id\":\"https:\/\/torebunia.pl\/sklep\/produkt\/crocs-japonki-crocband\/#primaryimage\",\"inLanguage\":\"pl-PL\",\"url\":\"https:\/\/torebunia.pl\/sklep\/wp-content\/uploads\/2021\/01\/7946351a38cd924d44d9f2886bb7842d3a73b700.jpg\",\"width\":855,\"height\":1290,\"caption\":\"Crocs - Japonki Crocband\"},{\"@type\":\"WebPage\",\"@id\":\"https:\/\/torebunia.pl\/sklep\/produkt\/crocs-japonki-crocband\/#webpage\",\"url\":\"https:\/\/torebunia.pl\/sklep\/produkt\/crocs-japonki-crocband\/\",\"name\":\"Crocs - Japonki Crocband\",\"isPartOf\":{\"@id\":\"https:\/\/torebunia.pl\/sklep\/#website\"},\"primaryImageOfPage\":{\"@id\":\"https:\/\/torebunia.pl\/sklep\/produkt\/crocs-japonki-crocband\/#primaryimage\"},\"datePublished\":\"2020-11-21T09:15:02+00:00\",\"dateModified\":\"2021-01-27T17:03:45+00:00\",\"inLanguage\":\"pl-PL\",\"potentialAction\":[{\"@type\":\"ReadAction\",\"target\":[\"https:\/\/torebunia.pl\/sklep\/produkt\/crocs-japonki-crocband\/\"]}]}]}<\/script>\n<!-- \/ Yoast SEO plugin. -->","_links":{"self":[{"href":"https:\/\/torebunia.pl\/sklep\/wp-json\/wp\/v2\/product\/22678","targetHints":{"allow":["GET"]}}],"collection":[{"href":"https:\/\/torebunia.pl\/sklep\/wp-json\/wp\/v2\/product"}],"about":[{"href":"https:\/\/torebunia.pl\/sklep\/wp-json\/wp\/v2\/types\/product"}],"replies":[{"embeddable":true,"href":"https:\/\/torebunia.pl\/sklep\/wp-json\/wp\/v2\/comments?post=22678"}],"wp:featuredmedia":[{"embeddable":true,"href":"https:\/\/torebunia.pl\/sklep\/wp-json\/wp\/v2\/media\/22679"}],"wp:attachment":[{"href":"https:\/\/torebunia.pl\/sklep\/wp-json\/wp\/v2\/media?parent=22678"}],"curies":[{"name":"wp","href":"https:\/\/api.w.org\/{rel}","templated":true}]}}