{"id":22624,"date":"2020-11-24T19:00:12","date_gmt":"2020-11-24T19:00:12","guid":{"rendered":"https:\/\/torebunia.pl\/sklep\/produkt\/emporio-armani-japonki-6\/"},"modified":"2021-01-27T17:01:58","modified_gmt":"2021-01-27T17:01:58","slug":"emporio-armani-japonki-6","status":"publish","type":"product","link":"https:\/\/torebunia.pl\/sklep\/produkt\/emporio-armani-japonki-6\/","title":{"rendered":"Emporio Armani &#8211; Japonki"},"content":{"rendered":"<p>Parametry produktu:<\/p>\n<ul>\n<li>cena: <strong>179.9 PLN<\/strong><\/li>\n<li>marka: <strong>Emporio Armani<\/strong><\/li>\n<li>p\u0142e\u0107: <strong>Female<\/strong><\/li>\n<li>kategoria: <strong>ONA \/ Obuwie \/ Klapki i sanda\u0142y \/ Japonki<\/strong><\/li>\n<li>kolor: <strong>czarny<\/strong><\/li>\n<\/ul>\n<p>Opis:<br \/>\nJaponki z kolekcji Emporio Armani. Model wykonany z materia\u0142u syntetycznego. &#8211; G\u0142adki materia\u0142. &#8211; Gumowa podeszwa. &#8211; Tekstylne wn\u0119trze. &#8211; D\u0142ugo\u015b\u0107 wk\u0142adki wynosi: 25 cm. &#8211; Wymiary podane dla rozmiaru: 39. Materia\u0142: syntetyczny Obcas: p\u0142aski Wysoko\u015b\u0107 obcasa: bez obcasa Sk\u0142ad: Cholewka: Materia\u0142 syntetyczny, Wn\u0119trze: Materia\u0142 syntetyczny, Podeszwa: Materia\u0142 syntetyczny ID produktu: 4901-KLD01L Kod producenta: X4QS02.XL827<\/p>\n","protected":false},"excerpt":{"rendered":"<p>Parametry produktu: cena: 179.9 PLN marka: Emporio Armani p\u0142e\u0107: Female kategoria: ONA \/ Obuwie \/ Klapki i sanda\u0142y \/ Japonki kolor: czarny Opis: Japonki z kolekcji Emporio Armani. Model wykonany<\/p>\n","protected":false},"featured_media":22625,"comment_status":"closed","ping_status":"open","template":"","meta":[],"class_list":{"0":"post-22624","1":"product","2":"type-product","3":"status-publish","5":"hentry","6":"product_cat-japonki","7":"product_cat-klapki-i-sandaly","8":"product_cat-obuwie","9":"product_cat-ona","10":"product_tag-emporio-armani","11":"product_tag-emporio-armani-japonki"},"yoast_head":"<!-- This site is optimized with the Yoast SEO plugin v15.6.2 - https:\/\/yoast.com\/wordpress\/plugins\/seo\/ -->\n<title>Emporio Armani - Japonki<\/title>\n<meta name=\"robots\" content=\"index, follow, max-snippet:-1, max-image-preview:large, max-video-preview:-1\" \/>\n<link rel=\"canonical\" href=\"https:\/\/torebunia.pl\/sklep\/produkt\/emporio-armani-japonki-6\/\" \/>\n<meta property=\"og:locale\" content=\"pl_PL\" \/>\n<meta property=\"og:type\" content=\"article\" \/>\n<meta property=\"og:title\" content=\"Emporio Armani - Japonki\" \/>\n<meta property=\"og:description\" content=\"Parametry produktu: cena: 179.9 PLN marka: Emporio Armani p\u0142e\u0107: Female kategoria: ONA \/ Obuwie \/ Klapki i sanda\u0142y \/ Japonki kolor: czarny Opis: Japonki z kolekcji Emporio Armani. Model wykonany\" \/>\n<meta property=\"og:url\" content=\"https:\/\/torebunia.pl\/sklep\/produkt\/emporio-armani-japonki-6\/\" \/>\n<meta property=\"og:site_name\" content=\"Moje Blog\" \/>\n<meta property=\"article:modified_time\" content=\"2021-01-27T17:01:58+00:00\" \/>\n<meta property=\"og:image\" content=\"https:\/\/torebunia.pl\/sklep\/wp-content\/uploads\/2021\/01\/9ad29039118ed1aaadd9f130838d571fdcd41373.jpg\" \/>\n\t<meta property=\"og:image:width\" content=\"855\" \/>\n\t<meta property=\"og:image:height\" content=\"1290\" \/>\n<meta name=\"twitter:card\" content=\"summary_large_image\" \/>\n<script type=\"application\/ld+json\" class=\"yoast-schema-graph\">{\"@context\":\"https:\/\/schema.org\",\"@graph\":[{\"@type\":\"WebSite\",\"@id\":\"https:\/\/torebunia.pl\/sklep\/#website\",\"url\":\"https:\/\/torebunia.pl\/sklep\/\",\"name\":\"Moje Blog\",\"description\":\"Kolejna witryna WordPress\",\"potentialAction\":[{\"@type\":\"SearchAction\",\"target\":\"https:\/\/torebunia.pl\/sklep\/?s={search_term_string}\",\"query-input\":\"required name=search_term_string\"}],\"inLanguage\":\"pl-PL\"},{\"@type\":\"ImageObject\",\"@id\":\"https:\/\/torebunia.pl\/sklep\/produkt\/emporio-armani-japonki-6\/#primaryimage\",\"inLanguage\":\"pl-PL\",\"url\":\"https:\/\/torebunia.pl\/sklep\/wp-content\/uploads\/2021\/01\/9ad29039118ed1aaadd9f130838d571fdcd41373.jpg\",\"width\":855,\"height\":1290,\"caption\":\"Emporio Armani - Japonki\"},{\"@type\":\"WebPage\",\"@id\":\"https:\/\/torebunia.pl\/sklep\/produkt\/emporio-armani-japonki-6\/#webpage\",\"url\":\"https:\/\/torebunia.pl\/sklep\/produkt\/emporio-armani-japonki-6\/\",\"name\":\"Emporio Armani - Japonki\",\"isPartOf\":{\"@id\":\"https:\/\/torebunia.pl\/sklep\/#website\"},\"primaryImageOfPage\":{\"@id\":\"https:\/\/torebunia.pl\/sklep\/produkt\/emporio-armani-japonki-6\/#primaryimage\"},\"datePublished\":\"2020-11-24T19:00:12+00:00\",\"dateModified\":\"2021-01-27T17:01:58+00:00\",\"inLanguage\":\"pl-PL\",\"potentialAction\":[{\"@type\":\"ReadAction\",\"target\":[\"https:\/\/torebunia.pl\/sklep\/produkt\/emporio-armani-japonki-6\/\"]}]}]}<\/script>\n<!-- \/ Yoast SEO plugin. -->","_links":{"self":[{"href":"https:\/\/torebunia.pl\/sklep\/wp-json\/wp\/v2\/product\/22624","targetHints":{"allow":["GET"]}}],"collection":[{"href":"https:\/\/torebunia.pl\/sklep\/wp-json\/wp\/v2\/product"}],"about":[{"href":"https:\/\/torebunia.pl\/sklep\/wp-json\/wp\/v2\/types\/product"}],"replies":[{"embeddable":true,"href":"https:\/\/torebunia.pl\/sklep\/wp-json\/wp\/v2\/comments?post=22624"}],"wp:featuredmedia":[{"embeddable":true,"href":"https:\/\/torebunia.pl\/sklep\/wp-json\/wp\/v2\/media\/22625"}],"wp:attachment":[{"href":"https:\/\/torebunia.pl\/sklep\/wp-json\/wp\/v2\/media?parent=22624"}],"curies":[{"name":"wp","href":"https:\/\/api.w.org\/{rel}","templated":true}]}}