{"id":22592,"date":"2020-07-27T02:57:55","date_gmt":"2020-07-27T02:57:55","guid":{"rendered":"https:\/\/torebunia.pl\/sklep\/produkt\/columbia-spodnie-2\/"},"modified":"2021-01-27T17:00:53","modified_gmt":"2021-01-27T17:00:53","slug":"columbia-spodnie-2","status":"publish","type":"product","link":"https:\/\/torebunia.pl\/sklep\/produkt\/columbia-spodnie-2\/","title":{"rendered":"Columbia &#8211; Spodnie"},"content":{"rendered":"<p>Parametry produktu:<\/p>\n<ul>\n<li>cena: <strong>429.9 PLN<\/strong><\/li>\n<li>marka: <strong>Columbia<\/strong><\/li>\n<li>p\u0142e\u0107: <strong>Female<\/strong><\/li>\n<li>kategoria: <strong>ONA \/ Odzie\u017c \/ Spodnie i legginsy \/ Techniczne<\/strong><\/li>\n<li>kolor: <strong>ostry r\u00f3\u017cowy<\/strong><\/li>\n<\/ul>\n<p>Opis:<br \/>\nSpodnie z kolekcji Columbia . Model wykonany z wytrzyma\u0142ego, wzorzystego materia\u0142u. &#8211; Technologia Omni-Tech to oddychaj\u0105ca membrana i uszczelnione szwy pokryte trwa\u0142\u0105, wodoszczeln\u0105 pow\u0142ok\u0105, co zapewnia ochron\u0119 na wypadek nag\u0142ych zmian pogody. &#8211; Prosty fason. &#8211; W dole nogawki regulacja na rzep. &#8211; Zapinane kieszenie. &#8211; Zapi\u0119cie na suwak i zatrzaski. &#8211; Suwaki u do\u0142u nogawek. &#8211; Dolna cz\u0119\u015b\u0107 nogawki z podgumowanym \u015bci\u0105gaczem. &#8211; Szeroko\u015b\u0107 w pasie: 35 cm. &#8211; Szeroko\u015b\u0107 w biodrach: 48 cm. &#8211; Wysoko\u015b\u0107 stanu: 24 cm. &#8211; Szeroko\u015b\u0107 nogawki na dole: 23 cm. &#8211; Szeroko\u015b\u0107 nogawki: 27 cm. &#8211; D\u0142ugo\u015b\u0107: 106 cm. &#8211; Wymiary podane dla rozmiaru: S. Sk\u0142ad: Materia\u0142 1: 100 % Nylon, Materia\u0142 2: 100 % Poliester ID produktu: 4910-SPD0EC Kod producenta: 1827451<\/p>\n","protected":false},"excerpt":{"rendered":"<p>Parametry produktu: cena: 429.9 PLN marka: Columbia p\u0142e\u0107: Female kategoria: ONA \/ Odzie\u017c \/ Spodnie i legginsy \/ Techniczne kolor: ostry r\u00f3\u017cowy Opis: Spodnie z kolekcji Columbia . Model wykonany<\/p>\n","protected":false},"featured_media":22593,"comment_status":"closed","ping_status":"open","template":"","meta":[],"class_list":{"0":"post-22592","1":"product","2":"type-product","3":"status-publish","5":"hentry","6":"product_cat-odziez","7":"product_cat-ona","8":"product_cat-spodnie-i-legginsy","9":"product_cat-techniczne","10":"product_tag-columbia","11":"product_tag-columbia-spodnie"},"yoast_head":"<!-- This site is optimized with the Yoast SEO plugin v15.6.2 - https:\/\/yoast.com\/wordpress\/plugins\/seo\/ -->\n<title>Columbia - Spodnie<\/title>\n<meta name=\"robots\" content=\"index, follow, max-snippet:-1, max-image-preview:large, max-video-preview:-1\" \/>\n<link rel=\"canonical\" href=\"https:\/\/torebunia.pl\/sklep\/produkt\/columbia-spodnie-2\/\" \/>\n<meta property=\"og:locale\" content=\"pl_PL\" \/>\n<meta property=\"og:type\" content=\"article\" \/>\n<meta property=\"og:title\" content=\"Columbia - Spodnie\" \/>\n<meta property=\"og:description\" content=\"Parametry produktu: cena: 429.9 PLN marka: Columbia p\u0142e\u0107: Female kategoria: ONA \/ Odzie\u017c \/ Spodnie i legginsy \/ Techniczne kolor: ostry r\u00f3\u017cowy Opis: Spodnie z kolekcji Columbia . Model wykonany\" \/>\n<meta property=\"og:url\" content=\"https:\/\/torebunia.pl\/sklep\/produkt\/columbia-spodnie-2\/\" \/>\n<meta property=\"og:site_name\" content=\"Moje Blog\" \/>\n<meta property=\"article:modified_time\" content=\"2021-01-27T17:00:53+00:00\" \/>\n<meta property=\"og:image\" content=\"https:\/\/torebunia.pl\/sklep\/wp-content\/uploads\/2021\/01\/6eff8f63e0c45b436a48b2513dfa0268f0754b6c.jpg\" \/>\n\t<meta property=\"og:image:width\" content=\"855\" \/>\n\t<meta property=\"og:image:height\" content=\"1290\" \/>\n<meta name=\"twitter:card\" content=\"summary_large_image\" \/>\n<meta name=\"twitter:label1\" content=\"Est. reading time\">\n\t<meta name=\"twitter:data1\" content=\"1 minuta\">\n<script type=\"application\/ld+json\" class=\"yoast-schema-graph\">{\"@context\":\"https:\/\/schema.org\",\"@graph\":[{\"@type\":\"WebSite\",\"@id\":\"https:\/\/torebunia.pl\/sklep\/#website\",\"url\":\"https:\/\/torebunia.pl\/sklep\/\",\"name\":\"Moje Blog\",\"description\":\"Kolejna witryna WordPress\",\"potentialAction\":[{\"@type\":\"SearchAction\",\"target\":\"https:\/\/torebunia.pl\/sklep\/?s={search_term_string}\",\"query-input\":\"required name=search_term_string\"}],\"inLanguage\":\"pl-PL\"},{\"@type\":\"ImageObject\",\"@id\":\"https:\/\/torebunia.pl\/sklep\/produkt\/columbia-spodnie-2\/#primaryimage\",\"inLanguage\":\"pl-PL\",\"url\":\"https:\/\/torebunia.pl\/sklep\/wp-content\/uploads\/2021\/01\/6eff8f63e0c45b436a48b2513dfa0268f0754b6c.jpg\",\"width\":855,\"height\":1290,\"caption\":\"Columbia - Spodnie\"},{\"@type\":\"WebPage\",\"@id\":\"https:\/\/torebunia.pl\/sklep\/produkt\/columbia-spodnie-2\/#webpage\",\"url\":\"https:\/\/torebunia.pl\/sklep\/produkt\/columbia-spodnie-2\/\",\"name\":\"Columbia - Spodnie\",\"isPartOf\":{\"@id\":\"https:\/\/torebunia.pl\/sklep\/#website\"},\"primaryImageOfPage\":{\"@id\":\"https:\/\/torebunia.pl\/sklep\/produkt\/columbia-spodnie-2\/#primaryimage\"},\"datePublished\":\"2020-07-27T02:57:55+00:00\",\"dateModified\":\"2021-01-27T17:00:53+00:00\",\"inLanguage\":\"pl-PL\",\"potentialAction\":[{\"@type\":\"ReadAction\",\"target\":[\"https:\/\/torebunia.pl\/sklep\/produkt\/columbia-spodnie-2\/\"]}]}]}<\/script>\n<!-- \/ Yoast SEO plugin. -->","_links":{"self":[{"href":"https:\/\/torebunia.pl\/sklep\/wp-json\/wp\/v2\/product\/22592","targetHints":{"allow":["GET"]}}],"collection":[{"href":"https:\/\/torebunia.pl\/sklep\/wp-json\/wp\/v2\/product"}],"about":[{"href":"https:\/\/torebunia.pl\/sklep\/wp-json\/wp\/v2\/types\/product"}],"replies":[{"embeddable":true,"href":"https:\/\/torebunia.pl\/sklep\/wp-json\/wp\/v2\/comments?post=22592"}],"wp:featuredmedia":[{"embeddable":true,"href":"https:\/\/torebunia.pl\/sklep\/wp-json\/wp\/v2\/media\/22593"}],"wp:attachment":[{"href":"https:\/\/torebunia.pl\/sklep\/wp-json\/wp\/v2\/media?parent=22592"}],"curies":[{"name":"wp","href":"https:\/\/api.w.org\/{rel}","templated":true}]}}