{"id":22534,"date":"2021-01-12T08:09:15","date_gmt":"2021-01-12T08:09:15","guid":{"rendered":"https:\/\/torebunia.pl\/sklep\/produkt\/answear-lab-kapcie-welniane\/"},"modified":"2021-01-27T16:59:01","modified_gmt":"2021-01-27T16:59:01","slug":"answear-lab-kapcie-welniane","status":"publish","type":"product","link":"https:\/\/torebunia.pl\/sklep\/produkt\/answear-lab-kapcie-welniane\/","title":{"rendered":"Answear Lab &#8211; Kapcie we\u0142niane"},"content":{"rendered":"<p>Parametry produktu:<\/p>\n<ul>\n<li>cena: <strong>119.9 PLN<\/strong><\/li>\n<li>marka: <strong>Answear Lab<\/strong><\/li>\n<li>p\u0142e\u0107: <strong>Female<\/strong><\/li>\n<li>kategoria: <strong>ONA \/ Obuwie \/ Kapcie<\/strong><\/li>\n<li>kolor: <strong>szary<\/strong><\/li>\n<\/ul>\n<p>Opis:<br \/>\nKapcie z kolekcji Answear Lab. Model wykonany z we\u0142ny. &#8211; Gumowa podeszwa. &#8211; Komfortowe wn\u0119trze. &#8211; Okr\u0105g\u0142y nosek. &#8211; D\u0142ugo\u015b\u0107 wk\u0142adki wynosi: 23,5 cm. &#8211; Wymiary podane dla rozmiaru: 37. Sk\u0142ad: Cholewka: We\u0142na, Wn\u0119trze: We\u0142na, Podeszwa: Materia\u0142 syntetyczny ID produktu: -100-KLD003 Kod producenta: WZ20.KLD003<\/p>\n","protected":false},"excerpt":{"rendered":"<p>Parametry produktu: cena: 119.9 PLN marka: Answear Lab p\u0142e\u0107: Female kategoria: ONA \/ Obuwie \/ Kapcie kolor: szary Opis: Kapcie z kolekcji Answear Lab. Model wykonany z we\u0142ny. &#8211; Gumowa<\/p>\n","protected":false},"featured_media":22535,"comment_status":"closed","ping_status":"open","template":"","meta":[],"class_list":{"0":"post-22534","1":"product","2":"type-product","3":"status-publish","5":"hentry","6":"product_cat-kapcie","7":"product_cat-obuwie","8":"product_cat-ona","9":"product_tag-answear-lab","10":"product_tag-answear-lab-kapcie-welniane"},"yoast_head":"<!-- This site is optimized with the Yoast SEO plugin v15.6.2 - https:\/\/yoast.com\/wordpress\/plugins\/seo\/ -->\n<title>Answear Lab - Kapcie we\u0142niane<\/title>\n<meta name=\"robots\" content=\"index, follow, max-snippet:-1, max-image-preview:large, max-video-preview:-1\" \/>\n<link rel=\"canonical\" href=\"https:\/\/torebunia.pl\/sklep\/produkt\/answear-lab-kapcie-welniane\/\" \/>\n<meta property=\"og:locale\" content=\"pl_PL\" \/>\n<meta property=\"og:type\" content=\"article\" \/>\n<meta property=\"og:title\" content=\"Answear Lab - Kapcie we\u0142niane\" \/>\n<meta property=\"og:description\" content=\"Parametry produktu: cena: 119.9 PLN marka: Answear Lab p\u0142e\u0107: Female kategoria: ONA \/ Obuwie \/ Kapcie kolor: szary Opis: Kapcie z kolekcji Answear Lab. Model wykonany z we\u0142ny. &#8211; Gumowa\" \/>\n<meta property=\"og:url\" content=\"https:\/\/torebunia.pl\/sklep\/produkt\/answear-lab-kapcie-welniane\/\" \/>\n<meta property=\"og:site_name\" content=\"Moje Blog\" \/>\n<meta property=\"article:modified_time\" content=\"2021-01-27T16:59:01+00:00\" \/>\n<meta property=\"og:image\" content=\"https:\/\/torebunia.pl\/sklep\/wp-content\/uploads\/2021\/01\/bcdbddecb701b2cfc62c7e2e1e2bd0a00dd8d13d.jpg\" \/>\n\t<meta property=\"og:image:width\" content=\"855\" \/>\n\t<meta property=\"og:image:height\" content=\"1290\" \/>\n<meta name=\"twitter:card\" content=\"summary_large_image\" \/>\n<script type=\"application\/ld+json\" class=\"yoast-schema-graph\">{\"@context\":\"https:\/\/schema.org\",\"@graph\":[{\"@type\":\"WebSite\",\"@id\":\"https:\/\/torebunia.pl\/sklep\/#website\",\"url\":\"https:\/\/torebunia.pl\/sklep\/\",\"name\":\"Moje Blog\",\"description\":\"Kolejna witryna WordPress\",\"potentialAction\":[{\"@type\":\"SearchAction\",\"target\":\"https:\/\/torebunia.pl\/sklep\/?s={search_term_string}\",\"query-input\":\"required name=search_term_string\"}],\"inLanguage\":\"pl-PL\"},{\"@type\":\"ImageObject\",\"@id\":\"https:\/\/torebunia.pl\/sklep\/produkt\/answear-lab-kapcie-welniane\/#primaryimage\",\"inLanguage\":\"pl-PL\",\"url\":\"https:\/\/torebunia.pl\/sklep\/wp-content\/uploads\/2021\/01\/bcdbddecb701b2cfc62c7e2e1e2bd0a00dd8d13d.jpg\",\"width\":855,\"height\":1290,\"caption\":\"Answear Lab - Kapcie we\\u0142niane\"},{\"@type\":\"WebPage\",\"@id\":\"https:\/\/torebunia.pl\/sklep\/produkt\/answear-lab-kapcie-welniane\/#webpage\",\"url\":\"https:\/\/torebunia.pl\/sklep\/produkt\/answear-lab-kapcie-welniane\/\",\"name\":\"Answear Lab - Kapcie we\\u0142niane\",\"isPartOf\":{\"@id\":\"https:\/\/torebunia.pl\/sklep\/#website\"},\"primaryImageOfPage\":{\"@id\":\"https:\/\/torebunia.pl\/sklep\/produkt\/answear-lab-kapcie-welniane\/#primaryimage\"},\"datePublished\":\"2021-01-12T08:09:15+00:00\",\"dateModified\":\"2021-01-27T16:59:01+00:00\",\"inLanguage\":\"pl-PL\",\"potentialAction\":[{\"@type\":\"ReadAction\",\"target\":[\"https:\/\/torebunia.pl\/sklep\/produkt\/answear-lab-kapcie-welniane\/\"]}]}]}<\/script>\n<!-- \/ Yoast SEO plugin. -->","_links":{"self":[{"href":"https:\/\/torebunia.pl\/sklep\/wp-json\/wp\/v2\/product\/22534","targetHints":{"allow":["GET"]}}],"collection":[{"href":"https:\/\/torebunia.pl\/sklep\/wp-json\/wp\/v2\/product"}],"about":[{"href":"https:\/\/torebunia.pl\/sklep\/wp-json\/wp\/v2\/types\/product"}],"replies":[{"embeddable":true,"href":"https:\/\/torebunia.pl\/sklep\/wp-json\/wp\/v2\/comments?post=22534"}],"wp:featuredmedia":[{"embeddable":true,"href":"https:\/\/torebunia.pl\/sklep\/wp-json\/wp\/v2\/media\/22535"}],"wp:attachment":[{"href":"https:\/\/torebunia.pl\/sklep\/wp-json\/wp\/v2\/media?parent=22534"}],"curies":[{"name":"wp","href":"https:\/\/api.w.org\/{rel}","templated":true}]}}