{"id":22368,"date":"2020-04-02T10:49:01","date_gmt":"2020-04-02T10:49:01","guid":{"rendered":"https:\/\/torebunia.pl\/sklep\/produkt\/medicine-sukienka-tapestry-stripes-8\/"},"modified":"2021-01-27T16:54:01","modified_gmt":"2021-01-27T16:54:01","slug":"medicine-sukienka-tapestry-stripes-8","status":"publish","type":"product","link":"https:\/\/torebunia.pl\/sklep\/produkt\/medicine-sukienka-tapestry-stripes-8\/","title":{"rendered":"Medicine &#8211; Sukienka Tapestry Stripes"},"content":{"rendered":"<p>Parametry produktu:<\/p>\n<ul>\n<li>cena: <strong>159.9 PLN<\/strong><\/li>\n<li>marka: <strong>MEDICINE<\/strong><\/li>\n<li>p\u0142e\u0107: <strong>Female<\/strong><\/li>\n<li>kategoria: <strong>ONA \/ Odzie\u017c \/ Sukienki<\/strong><\/li>\n<li>kolor: <strong>miedziany<\/strong><\/li>\n<\/ul>\n<p>Opis:<br \/>\nSukienka z kolekcji Medicine. Prosty model wykonany z g\u0142adkiej tkaniny. &#8211; Dopasowana g\u00f3ra i lu\u017any d\u00f3\u0142. &#8211; Wi\u0105zanie w talii. &#8211; Model z ko\u0142nierzykiem. &#8211; Zapi\u0119cie na guziki. &#8211; Obni\u017cona linia ramion. &#8211; Posiada rozci\u0119cia. &#8211; Szeroko\u015b\u0107 w pasie: 47 cm. &#8211; D\u0142ugo\u015b\u0107: 106 cm. &#8211; Szeroko\u015b\u0107 pod pachami: 51 cm. &#8211; Wymiary podane dla rozmiaru: S. Wz\u00f3r: g\u0142adkie Materia\u0142: tkanina R\u0119kaw: bez r\u0119kaw\u00f3w D\u0142ugo\u015b\u0107: mini Dekolt: z ko\u0142nierzykiem Fason: prosty Sk\u0142ad: Materia\u0142 zasadniczy: 100 % Lyocell ID produktu: 6910-SUD105 Kod producenta: RW19.SUD105<\/p>\n","protected":false},"excerpt":{"rendered":"<p>Parametry produktu: cena: 159.9 PLN marka: MEDICINE p\u0142e\u0107: Female kategoria: ONA \/ Odzie\u017c \/ Sukienki kolor: miedziany Opis: Sukienka z kolekcji Medicine. Prosty model wykonany z g\u0142adkiej tkaniny. &#8211; Dopasowana<\/p>\n","protected":false},"featured_media":22369,"comment_status":"closed","ping_status":"open","template":"","meta":[],"class_list":{"0":"post-22368","1":"product","2":"type-product","3":"status-publish","5":"hentry","6":"product_cat-odziez","7":"product_cat-ona","8":"product_cat-sukienki","9":"product_tag-medicine","10":"product_tag-medicine-sukienka-tapestry-stripes"},"yoast_head":"<!-- This site is optimized with the Yoast SEO plugin v15.6.2 - https:\/\/yoast.com\/wordpress\/plugins\/seo\/ -->\n<title>Medicine - Sukienka Tapestry Stripes<\/title>\n<meta name=\"robots\" content=\"index, follow, max-snippet:-1, max-image-preview:large, max-video-preview:-1\" \/>\n<link rel=\"canonical\" href=\"https:\/\/torebunia.pl\/sklep\/produkt\/medicine-sukienka-tapestry-stripes-8\/\" \/>\n<meta property=\"og:locale\" content=\"pl_PL\" \/>\n<meta property=\"og:type\" content=\"article\" \/>\n<meta property=\"og:title\" content=\"Medicine - Sukienka Tapestry Stripes\" \/>\n<meta property=\"og:description\" content=\"Parametry produktu: cena: 159.9 PLN marka: MEDICINE p\u0142e\u0107: Female kategoria: ONA \/ Odzie\u017c \/ Sukienki kolor: miedziany Opis: Sukienka z kolekcji Medicine. Prosty model wykonany z g\u0142adkiej tkaniny. &#8211; Dopasowana\" \/>\n<meta property=\"og:url\" content=\"https:\/\/torebunia.pl\/sklep\/produkt\/medicine-sukienka-tapestry-stripes-8\/\" \/>\n<meta property=\"og:site_name\" content=\"Moje Blog\" \/>\n<meta property=\"article:modified_time\" content=\"2021-01-27T16:54:01+00:00\" \/>\n<meta property=\"og:image\" content=\"https:\/\/torebunia.pl\/sklep\/wp-content\/uploads\/2021\/01\/323589e79632def580f53d3a505d315baf9d4c98-1.jpg\" \/>\n\t<meta property=\"og:image:width\" content=\"855\" \/>\n\t<meta property=\"og:image:height\" content=\"1290\" \/>\n<meta name=\"twitter:card\" content=\"summary_large_image\" \/>\n<meta name=\"twitter:label1\" content=\"Est. reading time\">\n\t<meta name=\"twitter:data1\" content=\"1 minuta\">\n<script type=\"application\/ld+json\" class=\"yoast-schema-graph\">{\"@context\":\"https:\/\/schema.org\",\"@graph\":[{\"@type\":\"WebSite\",\"@id\":\"https:\/\/torebunia.pl\/sklep\/#website\",\"url\":\"https:\/\/torebunia.pl\/sklep\/\",\"name\":\"Moje Blog\",\"description\":\"Kolejna witryna WordPress\",\"potentialAction\":[{\"@type\":\"SearchAction\",\"target\":\"https:\/\/torebunia.pl\/sklep\/?s={search_term_string}\",\"query-input\":\"required name=search_term_string\"}],\"inLanguage\":\"pl-PL\"},{\"@type\":\"ImageObject\",\"@id\":\"https:\/\/torebunia.pl\/sklep\/produkt\/medicine-sukienka-tapestry-stripes-8\/#primaryimage\",\"inLanguage\":\"pl-PL\",\"url\":\"https:\/\/torebunia.pl\/sklep\/wp-content\/uploads\/2021\/01\/323589e79632def580f53d3a505d315baf9d4c98-1.jpg\",\"width\":855,\"height\":1290,\"caption\":\"Medicine - Sukienka Tapestry Stripes\"},{\"@type\":\"WebPage\",\"@id\":\"https:\/\/torebunia.pl\/sklep\/produkt\/medicine-sukienka-tapestry-stripes-8\/#webpage\",\"url\":\"https:\/\/torebunia.pl\/sklep\/produkt\/medicine-sukienka-tapestry-stripes-8\/\",\"name\":\"Medicine - Sukienka Tapestry Stripes\",\"isPartOf\":{\"@id\":\"https:\/\/torebunia.pl\/sklep\/#website\"},\"primaryImageOfPage\":{\"@id\":\"https:\/\/torebunia.pl\/sklep\/produkt\/medicine-sukienka-tapestry-stripes-8\/#primaryimage\"},\"datePublished\":\"2020-04-02T10:49:01+00:00\",\"dateModified\":\"2021-01-27T16:54:01+00:00\",\"inLanguage\":\"pl-PL\",\"potentialAction\":[{\"@type\":\"ReadAction\",\"target\":[\"https:\/\/torebunia.pl\/sklep\/produkt\/medicine-sukienka-tapestry-stripes-8\/\"]}]}]}<\/script>\n<!-- \/ Yoast SEO plugin. -->","_links":{"self":[{"href":"https:\/\/torebunia.pl\/sklep\/wp-json\/wp\/v2\/product\/22368","targetHints":{"allow":["GET"]}}],"collection":[{"href":"https:\/\/torebunia.pl\/sklep\/wp-json\/wp\/v2\/product"}],"about":[{"href":"https:\/\/torebunia.pl\/sklep\/wp-json\/wp\/v2\/types\/product"}],"replies":[{"embeddable":true,"href":"https:\/\/torebunia.pl\/sklep\/wp-json\/wp\/v2\/comments?post=22368"}],"wp:featuredmedia":[{"embeddable":true,"href":"https:\/\/torebunia.pl\/sklep\/wp-json\/wp\/v2\/media\/22369"}],"wp:attachment":[{"href":"https:\/\/torebunia.pl\/sklep\/wp-json\/wp\/v2\/media?parent=22368"}],"curies":[{"name":"wp","href":"https:\/\/api.w.org\/{rel}","templated":true}]}}