{"id":22160,"date":"2021-01-15T00:35:43","date_gmt":"2021-01-15T00:35:43","guid":{"rendered":"https:\/\/torebunia.pl\/sklep\/produkt\/swarovski-etui-na-telefon-high-ipxs-max\/"},"modified":"2021-01-27T16:47:25","modified_gmt":"2021-01-27T16:47:25","slug":"swarovski-etui-na-telefon-high-ipxs-max","status":"publish","type":"product","link":"https:\/\/torebunia.pl\/sklep\/produkt\/swarovski-etui-na-telefon-high-ipxs-max\/","title":{"rendered":"Swarovski &#8211; Etui na telefon HIGH IPXS MAX"},"content":{"rendered":"<p>Parametry produktu:<\/p>\n<ul>\n<li>cena: <strong>349.9 PLN<\/strong><\/li>\n<li>marka: <strong>Swarovski<\/strong><\/li>\n<li>p\u0142e\u0107: <strong>Female<\/strong><\/li>\n<li>kategoria: <strong>ONA \/ Akcesoria \/ Etui i pokrowce<\/strong><\/li>\n<li>kolor: <strong>czarny<\/strong><\/li>\n<\/ul>\n<p>Opis:<br \/>\nPokrowiec IPhona z kolekcji Swarovski. Model wykonany wytrzyma\u0142ego materia\u0142u. Wz\u00f3r: g\u0142adkie Rodzaj: na telefon Sk\u0142ad: Materia\u0142 syntetyczny ID produktu: 4900-AKD0JE Kod producenta: 5449152<\/p>\n","protected":false},"excerpt":{"rendered":"<p>Parametry produktu: cena: 349.9 PLN marka: Swarovski p\u0142e\u0107: Female kategoria: ONA \/ Akcesoria \/ Etui i pokrowce kolor: czarny Opis: Pokrowiec IPhona z kolekcji Swarovski. Model wykonany wytrzyma\u0142ego materia\u0142u. Wz\u00f3r:<\/p>\n","protected":false},"featured_media":22161,"comment_status":"closed","ping_status":"open","template":"","meta":[],"class_list":{"0":"post-22160","1":"product","2":"type-product","3":"status-publish","5":"hentry","6":"product_cat-akcesoria","7":"product_cat-etui-i-pokrowce","8":"product_cat-ona","9":"product_tag-swarovski","10":"product_tag-swarovski-etui-na-telefon-high-ipxs-max"},"yoast_head":"<!-- This site is optimized with the Yoast SEO plugin v15.6.2 - https:\/\/yoast.com\/wordpress\/plugins\/seo\/ -->\n<title>Swarovski - Etui na telefon HIGH IPXS MAX<\/title>\n<meta name=\"robots\" content=\"index, follow, max-snippet:-1, max-image-preview:large, max-video-preview:-1\" \/>\n<link rel=\"canonical\" href=\"https:\/\/torebunia.pl\/sklep\/produkt\/swarovski-etui-na-telefon-high-ipxs-max\/\" \/>\n<meta property=\"og:locale\" content=\"pl_PL\" \/>\n<meta property=\"og:type\" content=\"article\" \/>\n<meta property=\"og:title\" content=\"Swarovski - Etui na telefon HIGH IPXS MAX\" \/>\n<meta property=\"og:description\" content=\"Parametry produktu: cena: 349.9 PLN marka: Swarovski p\u0142e\u0107: Female kategoria: ONA \/ Akcesoria \/ Etui i pokrowce kolor: czarny Opis: Pokrowiec IPhona z kolekcji Swarovski. Model wykonany wytrzyma\u0142ego materia\u0142u. Wz\u00f3r:\" \/>\n<meta property=\"og:url\" content=\"https:\/\/torebunia.pl\/sklep\/produkt\/swarovski-etui-na-telefon-high-ipxs-max\/\" \/>\n<meta property=\"og:site_name\" content=\"Moje Blog\" \/>\n<meta property=\"article:modified_time\" content=\"2021-01-27T16:47:25+00:00\" \/>\n<meta property=\"og:image\" content=\"https:\/\/torebunia.pl\/sklep\/wp-content\/uploads\/2021\/01\/b259213c717660950dcee04321bb0585815bbbbd.jpg\" \/>\n\t<meta property=\"og:image:width\" content=\"855\" \/>\n\t<meta property=\"og:image:height\" content=\"1290\" \/>\n<meta name=\"twitter:card\" content=\"summary_large_image\" \/>\n<script type=\"application\/ld+json\" class=\"yoast-schema-graph\">{\"@context\":\"https:\/\/schema.org\",\"@graph\":[{\"@type\":\"WebSite\",\"@id\":\"https:\/\/torebunia.pl\/sklep\/#website\",\"url\":\"https:\/\/torebunia.pl\/sklep\/\",\"name\":\"Moje Blog\",\"description\":\"Kolejna witryna WordPress\",\"potentialAction\":[{\"@type\":\"SearchAction\",\"target\":\"https:\/\/torebunia.pl\/sklep\/?s={search_term_string}\",\"query-input\":\"required name=search_term_string\"}],\"inLanguage\":\"pl-PL\"},{\"@type\":\"ImageObject\",\"@id\":\"https:\/\/torebunia.pl\/sklep\/produkt\/swarovski-etui-na-telefon-high-ipxs-max\/#primaryimage\",\"inLanguage\":\"pl-PL\",\"url\":\"https:\/\/torebunia.pl\/sklep\/wp-content\/uploads\/2021\/01\/b259213c717660950dcee04321bb0585815bbbbd.jpg\",\"width\":855,\"height\":1290,\"caption\":\"Swarovski - Etui na telefon HIGH IPXS MAX\"},{\"@type\":\"WebPage\",\"@id\":\"https:\/\/torebunia.pl\/sklep\/produkt\/swarovski-etui-na-telefon-high-ipxs-max\/#webpage\",\"url\":\"https:\/\/torebunia.pl\/sklep\/produkt\/swarovski-etui-na-telefon-high-ipxs-max\/\",\"name\":\"Swarovski - Etui na telefon HIGH IPXS MAX\",\"isPartOf\":{\"@id\":\"https:\/\/torebunia.pl\/sklep\/#website\"},\"primaryImageOfPage\":{\"@id\":\"https:\/\/torebunia.pl\/sklep\/produkt\/swarovski-etui-na-telefon-high-ipxs-max\/#primaryimage\"},\"datePublished\":\"2021-01-15T00:35:43+00:00\",\"dateModified\":\"2021-01-27T16:47:25+00:00\",\"inLanguage\":\"pl-PL\",\"potentialAction\":[{\"@type\":\"ReadAction\",\"target\":[\"https:\/\/torebunia.pl\/sklep\/produkt\/swarovski-etui-na-telefon-high-ipxs-max\/\"]}]}]}<\/script>\n<!-- \/ Yoast SEO plugin. -->","_links":{"self":[{"href":"https:\/\/torebunia.pl\/sklep\/wp-json\/wp\/v2\/product\/22160","targetHints":{"allow":["GET"]}}],"collection":[{"href":"https:\/\/torebunia.pl\/sklep\/wp-json\/wp\/v2\/product"}],"about":[{"href":"https:\/\/torebunia.pl\/sklep\/wp-json\/wp\/v2\/types\/product"}],"replies":[{"embeddable":true,"href":"https:\/\/torebunia.pl\/sklep\/wp-json\/wp\/v2\/comments?post=22160"}],"wp:featuredmedia":[{"embeddable":true,"href":"https:\/\/torebunia.pl\/sklep\/wp-json\/wp\/v2\/media\/22161"}],"wp:attachment":[{"href":"https:\/\/torebunia.pl\/sklep\/wp-json\/wp\/v2\/media?parent=22160"}],"curies":[{"name":"wp","href":"https:\/\/api.w.org\/{rel}","templated":true}]}}