{"id":22056,"date":"2020-07-07T17:10:27","date_gmt":"2020-07-07T17:10:27","guid":{"rendered":"https:\/\/torebunia.pl\/sklep\/produkt\/nike-buty-classic-cortez-leather-3\/"},"modified":"2021-01-27T16:43:59","modified_gmt":"2021-01-27T16:43:59","slug":"nike-buty-classic-cortez-leather-3","status":"publish","type":"product","link":"https:\/\/torebunia.pl\/sklep\/produkt\/nike-buty-classic-cortez-leather-3\/","title":{"rendered":"Nike &#8211; Buty Classic Cortez Leather"},"content":{"rendered":"<p>Parametry produktu:<\/p>\n<ul>\n<li>cena: <strong>399.9 PLN<\/strong><\/li>\n<li>marka: <strong>Nike<\/strong><\/li>\n<li>p\u0142e\u0107: <strong>Female<\/strong><\/li>\n<li>kategoria: <strong>ONA \/ Obuwie \/ Sneakersy i sportowe \/ Sneakersy<\/strong><\/li>\n<li>kolor: <strong>niebieski<\/strong><\/li>\n<\/ul>\n<p>Opis:<br \/>\nButy z kolekcji Nike. Model wykonany z po\u0142\u0105czenia sk\u00f3ry naturalnej i sk\u00f3ry ekologicznej. &#8211; Lekko usztywniony nosek. &#8211; Stabilna podeszwa. &#8211; Usztywniony zapi\u0119tek. Sk\u0142ad: Cholewka: Materia\u0142 syntetyczny, Sk\u00f3ra naturalna, Wn\u0119trze: Materia\u0142 tekstylny, Podeszwa: Materia\u0142 syntetyczny, ID produktu: -90-OBD006 Kod producenta: C.807471.406<\/p>\n","protected":false},"excerpt":{"rendered":"<p>Parametry produktu: cena: 399.9 PLN marka: Nike p\u0142e\u0107: Female kategoria: ONA \/ Obuwie \/ Sneakersy i sportowe \/ Sneakersy kolor: niebieski Opis: Buty z kolekcji Nike. Model wykonany z po\u0142\u0105czenia<\/p>\n","protected":false},"featured_media":22057,"comment_status":"closed","ping_status":"open","template":"","meta":[],"class_list":{"0":"post-22056","1":"product","2":"type-product","3":"status-publish","5":"hentry","6":"product_cat-obuwie","7":"product_cat-ona","8":"product_cat-sneakersy","9":"product_cat-sneakersy-i-sportowe","10":"product_tag-nike","11":"product_tag-nike-buty-classic-cortez-leather"},"yoast_head":"<!-- This site is optimized with the Yoast SEO plugin v15.6.2 - https:\/\/yoast.com\/wordpress\/plugins\/seo\/ -->\n<title>Nike - Buty Classic Cortez Leather<\/title>\n<meta name=\"robots\" content=\"index, follow, max-snippet:-1, max-image-preview:large, max-video-preview:-1\" \/>\n<link rel=\"canonical\" href=\"https:\/\/torebunia.pl\/sklep\/produkt\/nike-buty-classic-cortez-leather-3\/\" \/>\n<meta property=\"og:locale\" content=\"pl_PL\" \/>\n<meta property=\"og:type\" content=\"article\" \/>\n<meta property=\"og:title\" content=\"Nike - Buty Classic Cortez Leather\" \/>\n<meta property=\"og:description\" content=\"Parametry produktu: cena: 399.9 PLN marka: Nike p\u0142e\u0107: Female kategoria: ONA \/ Obuwie \/ Sneakersy i sportowe \/ Sneakersy kolor: niebieski Opis: Buty z kolekcji Nike. Model wykonany z po\u0142\u0105czenia\" \/>\n<meta property=\"og:url\" content=\"https:\/\/torebunia.pl\/sklep\/produkt\/nike-buty-classic-cortez-leather-3\/\" \/>\n<meta property=\"og:site_name\" content=\"Moje Blog\" \/>\n<meta property=\"article:modified_time\" content=\"2021-01-27T16:43:59+00:00\" \/>\n<meta property=\"og:image\" content=\"https:\/\/torebunia.pl\/sklep\/wp-content\/uploads\/2021\/01\/e86fe3a30aa551fed1a66743e15c1e548b08d6ab.jpg\" \/>\n\t<meta property=\"og:image:width\" content=\"855\" \/>\n\t<meta property=\"og:image:height\" content=\"1290\" \/>\n<meta name=\"twitter:card\" content=\"summary_large_image\" \/>\n<script type=\"application\/ld+json\" class=\"yoast-schema-graph\">{\"@context\":\"https:\/\/schema.org\",\"@graph\":[{\"@type\":\"WebSite\",\"@id\":\"https:\/\/torebunia.pl\/sklep\/#website\",\"url\":\"https:\/\/torebunia.pl\/sklep\/\",\"name\":\"Moje Blog\",\"description\":\"Kolejna witryna WordPress\",\"potentialAction\":[{\"@type\":\"SearchAction\",\"target\":\"https:\/\/torebunia.pl\/sklep\/?s={search_term_string}\",\"query-input\":\"required name=search_term_string\"}],\"inLanguage\":\"pl-PL\"},{\"@type\":\"ImageObject\",\"@id\":\"https:\/\/torebunia.pl\/sklep\/produkt\/nike-buty-classic-cortez-leather-3\/#primaryimage\",\"inLanguage\":\"pl-PL\",\"url\":\"https:\/\/torebunia.pl\/sklep\/wp-content\/uploads\/2021\/01\/e86fe3a30aa551fed1a66743e15c1e548b08d6ab.jpg\",\"width\":855,\"height\":1290,\"caption\":\"Nike - Buty Classic Cortez Leather\"},{\"@type\":\"WebPage\",\"@id\":\"https:\/\/torebunia.pl\/sklep\/produkt\/nike-buty-classic-cortez-leather-3\/#webpage\",\"url\":\"https:\/\/torebunia.pl\/sklep\/produkt\/nike-buty-classic-cortez-leather-3\/\",\"name\":\"Nike - Buty Classic Cortez Leather\",\"isPartOf\":{\"@id\":\"https:\/\/torebunia.pl\/sklep\/#website\"},\"primaryImageOfPage\":{\"@id\":\"https:\/\/torebunia.pl\/sklep\/produkt\/nike-buty-classic-cortez-leather-3\/#primaryimage\"},\"datePublished\":\"2020-07-07T17:10:27+00:00\",\"dateModified\":\"2021-01-27T16:43:59+00:00\",\"inLanguage\":\"pl-PL\",\"potentialAction\":[{\"@type\":\"ReadAction\",\"target\":[\"https:\/\/torebunia.pl\/sklep\/produkt\/nike-buty-classic-cortez-leather-3\/\"]}]}]}<\/script>\n<!-- \/ Yoast SEO plugin. -->","_links":{"self":[{"href":"https:\/\/torebunia.pl\/sklep\/wp-json\/wp\/v2\/product\/22056","targetHints":{"allow":["GET"]}}],"collection":[{"href":"https:\/\/torebunia.pl\/sklep\/wp-json\/wp\/v2\/product"}],"about":[{"href":"https:\/\/torebunia.pl\/sklep\/wp-json\/wp\/v2\/types\/product"}],"replies":[{"embeddable":true,"href":"https:\/\/torebunia.pl\/sklep\/wp-json\/wp\/v2\/comments?post=22056"}],"wp:featuredmedia":[{"embeddable":true,"href":"https:\/\/torebunia.pl\/sklep\/wp-json\/wp\/v2\/media\/22057"}],"wp:attachment":[{"href":"https:\/\/torebunia.pl\/sklep\/wp-json\/wp\/v2\/media?parent=22056"}],"curies":[{"name":"wp","href":"https:\/\/api.w.org\/{rel}","templated":true}]}}