{"id":21980,"date":"2020-07-23T21:47:43","date_gmt":"2020-07-23T21:47:43","guid":{"rendered":"https:\/\/torebunia.pl\/sklep\/produkt\/levis-spodnica-jeansowa-7\/"},"modified":"2021-01-27T16:41:03","modified_gmt":"2021-01-27T16:41:03","slug":"levis-spodnica-jeansowa-7","status":"publish","type":"product","link":"https:\/\/torebunia.pl\/sklep\/produkt\/levis-spodnica-jeansowa-7\/","title":{"rendered":"Levi&#8217;s &#8211; Sp\u00f3dnica jeansowa"},"content":{"rendered":"<p>Parametry produktu:<\/p>\n<ul>\n<li>cena: <strong>279.9 PLN<\/strong><\/li>\n<li>marka: <strong>Levi&#8217;s<\/strong><\/li>\n<li>p\u0142e\u0107: <strong>Female<\/strong><\/li>\n<li>kategoria: <strong>ONA \/ Odzie\u017c \/ Sp\u00f3dnice<\/strong><\/li>\n<li>kolor: <strong>blady niebieski<\/strong><\/li>\n<\/ul>\n<p>Opis:<br \/>\nSp\u00f3dnica z kolekcji Levi&#8217;s. Model o prostym kroju, wykonany z denimu. Informujemy, i\u017c ze wzgl\u0119du na polityk\u0119 ochrony znak\u00f3w towarowych marki Levi&#8217;s oko\u0142o 10% asortymentu posiada &#8222;pust\u0105 wszywk\u0119&#8221; (w kolorze czerwonym, bez logo marki, wy\u0142\u0105cznie z mi\u0119dzynarodowym symbolem zarejestrowanego znaku towarowego). &#8222;Pusta wszywka&#8221; jest zarejestrowanym znakiem towarowym marki Levi&#8217;s i opatrzone ni\u0105 modele s\u0105 pe\u0142nowarto\u015bciowymi, oryginalnymi produktami. W razie w\u0105tpliwo\u015bci prosimy o kontakt z Biurem Obs\u0142ugi Klienta. &#8211; Zapi\u0119cie na guziki. &#8211; Prosty fason. &#8211; Wsuwane kieszenie. &#8211; Szeroko\u015b\u0107 w pasie: 36 cm. &#8211; D\u0142ugo\u015b\u0107: 41 cm. &#8211; Wymiary podane dla rozmiaru: 27. Wz\u00f3r: g\u0142adkie Materia\u0142: tkanina D\u0142ugo\u015b\u0107: mini Materia\u0142: jeans Okazje: casual Fason: prosty Sk\u0142ad: 79 % Bawe\u0142na, 21 % Lyocell ID produktu: 4900-SDD02W Kod producenta: 27889.0001<\/p>\n","protected":false},"excerpt":{"rendered":"<p>Parametry produktu: cena: 279.9 PLN marka: Levi&#8217;s p\u0142e\u0107: Female kategoria: ONA \/ Odzie\u017c \/ Sp\u00f3dnice kolor: blady niebieski Opis: Sp\u00f3dnica z kolekcji Levi&#8217;s. Model o prostym kroju, wykonany z denimu.<\/p>\n","protected":false},"featured_media":21981,"comment_status":"closed","ping_status":"open","template":"","meta":[],"class_list":{"0":"post-21980","1":"product","2":"type-product","3":"status-publish","5":"hentry","6":"product_cat-odziez","7":"product_cat-ona","8":"product_cat-spodnice","9":"product_tag-levis","10":"product_tag-levis-spodnica-jeansowa"},"yoast_head":"<!-- This site is optimized with the Yoast SEO plugin v15.6.2 - https:\/\/yoast.com\/wordpress\/plugins\/seo\/ -->\n<title>Levi&#039;s - Sp\u00f3dnica jeansowa<\/title>\n<meta name=\"robots\" content=\"index, follow, max-snippet:-1, max-image-preview:large, max-video-preview:-1\" \/>\n<link rel=\"canonical\" href=\"https:\/\/torebunia.pl\/sklep\/produkt\/levis-spodnica-jeansowa-7\/\" \/>\n<meta property=\"og:locale\" content=\"pl_PL\" \/>\n<meta property=\"og:type\" content=\"article\" \/>\n<meta property=\"og:title\" content=\"Levi&#039;s - Sp\u00f3dnica jeansowa\" \/>\n<meta property=\"og:description\" content=\"Parametry produktu: cena: 279.9 PLN marka: Levi&#8217;s p\u0142e\u0107: Female kategoria: ONA \/ Odzie\u017c \/ Sp\u00f3dnice kolor: blady niebieski Opis: Sp\u00f3dnica z kolekcji Levi&#8217;s. Model o prostym kroju, wykonany z denimu.\" \/>\n<meta property=\"og:url\" content=\"https:\/\/torebunia.pl\/sklep\/produkt\/levis-spodnica-jeansowa-7\/\" \/>\n<meta property=\"og:site_name\" content=\"Moje Blog\" \/>\n<meta property=\"article:modified_time\" content=\"2021-01-27T16:41:03+00:00\" \/>\n<meta property=\"og:image\" content=\"https:\/\/torebunia.pl\/sklep\/wp-content\/uploads\/2021\/01\/2ffa280350b60e740dd3bf5cb31bf68265ea3085-1.jpg\" \/>\n\t<meta property=\"og:image:width\" content=\"855\" \/>\n\t<meta property=\"og:image:height\" content=\"1290\" \/>\n<meta name=\"twitter:card\" content=\"summary_large_image\" \/>\n<meta name=\"twitter:label1\" content=\"Est. reading time\">\n\t<meta name=\"twitter:data1\" content=\"1 minuta\">\n<script type=\"application\/ld+json\" class=\"yoast-schema-graph\">{\"@context\":\"https:\/\/schema.org\",\"@graph\":[{\"@type\":\"WebSite\",\"@id\":\"https:\/\/torebunia.pl\/sklep\/#website\",\"url\":\"https:\/\/torebunia.pl\/sklep\/\",\"name\":\"Moje Blog\",\"description\":\"Kolejna witryna WordPress\",\"potentialAction\":[{\"@type\":\"SearchAction\",\"target\":\"https:\/\/torebunia.pl\/sklep\/?s={search_term_string}\",\"query-input\":\"required name=search_term_string\"}],\"inLanguage\":\"pl-PL\"},{\"@type\":\"ImageObject\",\"@id\":\"https:\/\/torebunia.pl\/sklep\/produkt\/levis-spodnica-jeansowa-7\/#primaryimage\",\"inLanguage\":\"pl-PL\",\"url\":\"https:\/\/torebunia.pl\/sklep\/wp-content\/uploads\/2021\/01\/2ffa280350b60e740dd3bf5cb31bf68265ea3085-1.jpg\",\"width\":855,\"height\":1290,\"caption\":\"Levi's - Sp\\u00f3dnica jeansowa\"},{\"@type\":\"WebPage\",\"@id\":\"https:\/\/torebunia.pl\/sklep\/produkt\/levis-spodnica-jeansowa-7\/#webpage\",\"url\":\"https:\/\/torebunia.pl\/sklep\/produkt\/levis-spodnica-jeansowa-7\/\",\"name\":\"Levi's - Sp\\u00f3dnica jeansowa\",\"isPartOf\":{\"@id\":\"https:\/\/torebunia.pl\/sklep\/#website\"},\"primaryImageOfPage\":{\"@id\":\"https:\/\/torebunia.pl\/sklep\/produkt\/levis-spodnica-jeansowa-7\/#primaryimage\"},\"datePublished\":\"2020-07-23T21:47:43+00:00\",\"dateModified\":\"2021-01-27T16:41:03+00:00\",\"inLanguage\":\"pl-PL\",\"potentialAction\":[{\"@type\":\"ReadAction\",\"target\":[\"https:\/\/torebunia.pl\/sklep\/produkt\/levis-spodnica-jeansowa-7\/\"]}]}]}<\/script>\n<!-- \/ Yoast SEO plugin. -->","_links":{"self":[{"href":"https:\/\/torebunia.pl\/sklep\/wp-json\/wp\/v2\/product\/21980","targetHints":{"allow":["GET"]}}],"collection":[{"href":"https:\/\/torebunia.pl\/sklep\/wp-json\/wp\/v2\/product"}],"about":[{"href":"https:\/\/torebunia.pl\/sklep\/wp-json\/wp\/v2\/types\/product"}],"replies":[{"embeddable":true,"href":"https:\/\/torebunia.pl\/sklep\/wp-json\/wp\/v2\/comments?post=21980"}],"wp:featuredmedia":[{"embeddable":true,"href":"https:\/\/torebunia.pl\/sklep\/wp-json\/wp\/v2\/media\/21981"}],"wp:attachment":[{"href":"https:\/\/torebunia.pl\/sklep\/wp-json\/wp\/v2\/media?parent=21980"}],"curies":[{"name":"wp","href":"https:\/\/api.w.org\/{rel}","templated":true}]}}