{"id":21922,"date":"2020-12-20T03:40:35","date_gmt":"2020-12-20T03:40:35","guid":{"rendered":"https:\/\/torebunia.pl\/sklep\/produkt\/fossil-zegarek-4\/"},"modified":"2021-01-27T16:38:46","modified_gmt":"2021-01-27T16:38:46","slug":"fossil-zegarek-4","status":"publish","type":"product","link":"https:\/\/torebunia.pl\/sklep\/produkt\/fossil-zegarek-4\/","title":{"rendered":"Fossil &#8211; Zegarek"},"content":{"rendered":"<p>Parametry produktu:<\/p>\n<ul>\n<li>cena: <strong>669.9 PLN<\/strong><\/li>\n<li>marka: <strong>Fossil<\/strong><\/li>\n<li>p\u0142e\u0107: <strong>Female<\/strong><\/li>\n<li>kategoria: <strong>ONA \/ Akcesoria \/ Zegarki<\/strong><\/li>\n<li>kolor: <strong>srebrny<\/strong><\/li>\n<\/ul>\n<p>Opis:<br \/>\nZegarek z kolekcji Fossil. Model z okr\u0105g\u0142\u0105 tarcz\u0105 i bi\u017cuteryjn\u0105 bransolet\u0105. &#8211; Materia\u0142 koperty i bransolety: stal szlachetna antyalergiczna (symbol 316l). Jest nierdzewna i posiada nisk\u0105 zawarto\u015b\u0107 niklu, co znacznie zmniejsza prawdopodobie\u0144stwo wyst\u0105pienia uczule\u0144. &#8211; Kszta\u0142t koperty: okr\u0105g\u0142y. &#8211; Bi\u017cuteryjna bransoleta. &#8211; Wodoszczelno\u015b\u0107: WR. 30M (3ATM) &#8211; odporny na zachlapania. &#8211; Szk\u0142o: mineralne (utwardzane, bardzo odporne na st\u0142uczenia, ci\u0119\u017cko je zarysowa\u0107). &#8211; Mechanizm: kwarcowy, zasilany bateri\u0105. &#8211; Indeksy godzinowe. &#8211; Cyfry: rzymskie. &#8211; Ozdobna tarcza. &#8211; Model ozdobiony kryszta\u0142kami. &#8211; Model zapakowany w pude\u0142ko firmowe. Sk\u0142ad: Materia\u0142 1: 100 % Stal szlachetna, Materia\u0142 2: 100 % Szk\u0142o mineralne ID produktu: 100-AKD0YI Kod producenta: ES4627<\/p>\n","protected":false},"excerpt":{"rendered":"<p>Parametry produktu: cena: 669.9 PLN marka: Fossil p\u0142e\u0107: Female kategoria: ONA \/ Akcesoria \/ Zegarki kolor: srebrny Opis: Zegarek z kolekcji Fossil. Model z okr\u0105g\u0142\u0105 tarcz\u0105 i bi\u017cuteryjn\u0105 bransolet\u0105. &#8211;<\/p>\n","protected":false},"featured_media":21923,"comment_status":"closed","ping_status":"open","template":"","meta":[],"class_list":{"0":"post-21922","1":"product","2":"type-product","3":"status-publish","5":"hentry","6":"product_cat-akcesoria","7":"product_cat-ona","8":"product_cat-zegarki","9":"product_tag-fossil","10":"product_tag-fossil-zegarek"},"yoast_head":"<!-- This site is optimized with the Yoast SEO plugin v15.6.2 - https:\/\/yoast.com\/wordpress\/plugins\/seo\/ -->\n<title>Fossil - Zegarek<\/title>\n<meta name=\"robots\" content=\"index, follow, max-snippet:-1, max-image-preview:large, max-video-preview:-1\" \/>\n<link rel=\"canonical\" href=\"https:\/\/torebunia.pl\/sklep\/produkt\/fossil-zegarek-4\/\" \/>\n<meta property=\"og:locale\" content=\"pl_PL\" \/>\n<meta property=\"og:type\" content=\"article\" \/>\n<meta property=\"og:title\" content=\"Fossil - Zegarek\" \/>\n<meta property=\"og:description\" content=\"Parametry produktu: cena: 669.9 PLN marka: Fossil p\u0142e\u0107: Female kategoria: ONA \/ Akcesoria \/ Zegarki kolor: srebrny Opis: Zegarek z kolekcji Fossil. Model z okr\u0105g\u0142\u0105 tarcz\u0105 i bi\u017cuteryjn\u0105 bransolet\u0105. &#8211;\" \/>\n<meta property=\"og:url\" content=\"https:\/\/torebunia.pl\/sklep\/produkt\/fossil-zegarek-4\/\" \/>\n<meta property=\"og:site_name\" content=\"Moje Blog\" \/>\n<meta property=\"article:modified_time\" content=\"2021-01-27T16:38:46+00:00\" \/>\n<meta property=\"og:image\" content=\"https:\/\/torebunia.pl\/sklep\/wp-content\/uploads\/2021\/01\/8ace8819034f2089ce2b9cb982d95adbf86d930b.jpg\" \/>\n\t<meta property=\"og:image:width\" content=\"855\" \/>\n\t<meta property=\"og:image:height\" content=\"1290\" \/>\n<meta name=\"twitter:card\" content=\"summary_large_image\" \/>\n<meta name=\"twitter:label1\" content=\"Est. reading time\">\n\t<meta name=\"twitter:data1\" content=\"1 minuta\">\n<script type=\"application\/ld+json\" class=\"yoast-schema-graph\">{\"@context\":\"https:\/\/schema.org\",\"@graph\":[{\"@type\":\"WebSite\",\"@id\":\"https:\/\/torebunia.pl\/sklep\/#website\",\"url\":\"https:\/\/torebunia.pl\/sklep\/\",\"name\":\"Moje Blog\",\"description\":\"Kolejna witryna WordPress\",\"potentialAction\":[{\"@type\":\"SearchAction\",\"target\":\"https:\/\/torebunia.pl\/sklep\/?s={search_term_string}\",\"query-input\":\"required name=search_term_string\"}],\"inLanguage\":\"pl-PL\"},{\"@type\":\"ImageObject\",\"@id\":\"https:\/\/torebunia.pl\/sklep\/produkt\/fossil-zegarek-4\/#primaryimage\",\"inLanguage\":\"pl-PL\",\"url\":\"https:\/\/torebunia.pl\/sklep\/wp-content\/uploads\/2021\/01\/8ace8819034f2089ce2b9cb982d95adbf86d930b.jpg\",\"width\":855,\"height\":1290,\"caption\":\"Fossil - Zegarek\"},{\"@type\":\"WebPage\",\"@id\":\"https:\/\/torebunia.pl\/sklep\/produkt\/fossil-zegarek-4\/#webpage\",\"url\":\"https:\/\/torebunia.pl\/sklep\/produkt\/fossil-zegarek-4\/\",\"name\":\"Fossil - Zegarek\",\"isPartOf\":{\"@id\":\"https:\/\/torebunia.pl\/sklep\/#website\"},\"primaryImageOfPage\":{\"@id\":\"https:\/\/torebunia.pl\/sklep\/produkt\/fossil-zegarek-4\/#primaryimage\"},\"datePublished\":\"2020-12-20T03:40:35+00:00\",\"dateModified\":\"2021-01-27T16:38:46+00:00\",\"inLanguage\":\"pl-PL\",\"potentialAction\":[{\"@type\":\"ReadAction\",\"target\":[\"https:\/\/torebunia.pl\/sklep\/produkt\/fossil-zegarek-4\/\"]}]}]}<\/script>\n<!-- \/ Yoast SEO plugin. -->","_links":{"self":[{"href":"https:\/\/torebunia.pl\/sklep\/wp-json\/wp\/v2\/product\/21922","targetHints":{"allow":["GET"]}}],"collection":[{"href":"https:\/\/torebunia.pl\/sklep\/wp-json\/wp\/v2\/product"}],"about":[{"href":"https:\/\/torebunia.pl\/sklep\/wp-json\/wp\/v2\/types\/product"}],"replies":[{"embeddable":true,"href":"https:\/\/torebunia.pl\/sklep\/wp-json\/wp\/v2\/comments?post=21922"}],"wp:featuredmedia":[{"embeddable":true,"href":"https:\/\/torebunia.pl\/sklep\/wp-json\/wp\/v2\/media\/21923"}],"wp:attachment":[{"href":"https:\/\/torebunia.pl\/sklep\/wp-json\/wp\/v2\/media?parent=21922"}],"curies":[{"name":"wp","href":"https:\/\/api.w.org\/{rel}","templated":true}]}}