{"id":21892,"date":"2020-04-15T00:10:46","date_gmt":"2020-04-15T00:10:46","guid":{"rendered":"https:\/\/torebunia.pl\/sklep\/produkt\/twinset-torebka-skorzana\/"},"modified":"2021-01-27T16:37:50","modified_gmt":"2021-01-27T16:37:50","slug":"twinset-torebka-skorzana","status":"publish","type":"product","link":"https:\/\/torebunia.pl\/sklep\/produkt\/twinset-torebka-skorzana\/","title":{"rendered":"Twinset &#8211; Torebka sk\u00f3rzana"},"content":{"rendered":"<p>Parametry produktu:<\/p>\n<ul>\n<li>cena: <strong>1519.0 PLN<\/strong><\/li>\n<li>marka: <strong>TWINSET<\/strong><\/li>\n<li>p\u0142e\u0107: <strong>Female<\/strong><\/li>\n<li>kategoria: <strong>ONA \/ Akcesoria \/ Torebki \/ Shopper i tote<\/strong><\/li>\n<li>kolor: <strong>cielisty<\/strong><\/li>\n<\/ul>\n<p>Opis:<br \/>\n\u015aredniej wielko\u015bci torebka z kolekcji Twinset. Zapinany wykonany ze sk\u00f3ry naturalnej. &#8211; Zapi\u0119cie na suwak. &#8211; Torebka do noszenia w r\u0119ku lub na ramieniu. &#8211; Dopinany d\u0142u\u017cszy pasek z regulacj\u0105. &#8211; Kr\u00f3tkie uchwyty. &#8211; Nie mie\u015bci formatu A4. &#8211; D\u0142ugo\u015b\u0107 uchwyt\u00f3w: 26 cm. &#8211; G\u0142\u0119boko\u015b\u0107: 9 cm. &#8211; Wysoko\u015b\u0107: 25 cm. &#8211; Szeroko\u015b\u0107 u podstawy: 25 cm. Wz\u00f3r: g\u0142adkie Wielko\u015b\u0107: nie mie\u015bci A4 Materia\u0142: sk\u00f3ra licowa Pasek: odpinany pasek Sk\u0142ad: 100 % Sk\u00f3ra naturalna ID produktu: 4901-TOD0IY Kod producenta: 201TO8141.S12081<\/p>\n","protected":false},"excerpt":{"rendered":"<p>Parametry produktu: cena: 1519.0 PLN marka: TWINSET p\u0142e\u0107: Female kategoria: ONA \/ Akcesoria \/ Torebki \/ Shopper i tote kolor: cielisty Opis: \u015aredniej wielko\u015bci torebka z kolekcji Twinset. Zapinany wykonany<\/p>\n","protected":false},"featured_media":21893,"comment_status":"closed","ping_status":"open","template":"","meta":[],"class_list":{"0":"post-21892","1":"product","2":"type-product","3":"status-publish","5":"hentry","6":"product_cat-akcesoria","7":"product_cat-ona","8":"product_cat-shopper-i-tote","9":"product_cat-torebki","10":"product_tag-twinset","11":"product_tag-twinset-torebka-skorzana"},"yoast_head":"<!-- This site is optimized with the Yoast SEO plugin v15.6.2 - https:\/\/yoast.com\/wordpress\/plugins\/seo\/ -->\n<title>Twinset - Torebka sk\u00f3rzana<\/title>\n<meta name=\"robots\" content=\"index, follow, max-snippet:-1, max-image-preview:large, max-video-preview:-1\" \/>\n<link rel=\"canonical\" href=\"https:\/\/torebunia.pl\/sklep\/produkt\/twinset-torebka-skorzana\/\" \/>\n<meta property=\"og:locale\" content=\"pl_PL\" \/>\n<meta property=\"og:type\" content=\"article\" \/>\n<meta property=\"og:title\" content=\"Twinset - Torebka sk\u00f3rzana\" \/>\n<meta property=\"og:description\" content=\"Parametry produktu: cena: 1519.0 PLN marka: TWINSET p\u0142e\u0107: Female kategoria: ONA \/ Akcesoria \/ Torebki \/ Shopper i tote kolor: cielisty Opis: \u015aredniej wielko\u015bci torebka z kolekcji Twinset. Zapinany wykonany\" \/>\n<meta property=\"og:url\" content=\"https:\/\/torebunia.pl\/sklep\/produkt\/twinset-torebka-skorzana\/\" \/>\n<meta property=\"og:site_name\" content=\"Moje Blog\" \/>\n<meta property=\"article:modified_time\" content=\"2021-01-27T16:37:50+00:00\" \/>\n<meta property=\"og:image\" content=\"https:\/\/torebunia.pl\/sklep\/wp-content\/uploads\/2021\/01\/2413308c50f18a69f32533075805ce7ad2a1b9dc.jpg\" \/>\n\t<meta property=\"og:image:width\" content=\"855\" \/>\n\t<meta property=\"og:image:height\" content=\"1290\" \/>\n<meta name=\"twitter:card\" content=\"summary_large_image\" \/>\n<meta name=\"twitter:label1\" content=\"Est. reading time\">\n\t<meta name=\"twitter:data1\" content=\"1 minuta\">\n<script type=\"application\/ld+json\" class=\"yoast-schema-graph\">{\"@context\":\"https:\/\/schema.org\",\"@graph\":[{\"@type\":\"WebSite\",\"@id\":\"https:\/\/torebunia.pl\/sklep\/#website\",\"url\":\"https:\/\/torebunia.pl\/sklep\/\",\"name\":\"Moje Blog\",\"description\":\"Kolejna witryna WordPress\",\"potentialAction\":[{\"@type\":\"SearchAction\",\"target\":\"https:\/\/torebunia.pl\/sklep\/?s={search_term_string}\",\"query-input\":\"required name=search_term_string\"}],\"inLanguage\":\"pl-PL\"},{\"@type\":\"ImageObject\",\"@id\":\"https:\/\/torebunia.pl\/sklep\/produkt\/twinset-torebka-skorzana\/#primaryimage\",\"inLanguage\":\"pl-PL\",\"url\":\"https:\/\/torebunia.pl\/sklep\/wp-content\/uploads\/2021\/01\/2413308c50f18a69f32533075805ce7ad2a1b9dc.jpg\",\"width\":855,\"height\":1290,\"caption\":\"Twinset - Torebka sk\\u00f3rzana\"},{\"@type\":\"WebPage\",\"@id\":\"https:\/\/torebunia.pl\/sklep\/produkt\/twinset-torebka-skorzana\/#webpage\",\"url\":\"https:\/\/torebunia.pl\/sklep\/produkt\/twinset-torebka-skorzana\/\",\"name\":\"Twinset - Torebka sk\\u00f3rzana\",\"isPartOf\":{\"@id\":\"https:\/\/torebunia.pl\/sklep\/#website\"},\"primaryImageOfPage\":{\"@id\":\"https:\/\/torebunia.pl\/sklep\/produkt\/twinset-torebka-skorzana\/#primaryimage\"},\"datePublished\":\"2020-04-15T00:10:46+00:00\",\"dateModified\":\"2021-01-27T16:37:50+00:00\",\"inLanguage\":\"pl-PL\",\"potentialAction\":[{\"@type\":\"ReadAction\",\"target\":[\"https:\/\/torebunia.pl\/sklep\/produkt\/twinset-torebka-skorzana\/\"]}]}]}<\/script>\n<!-- \/ Yoast SEO plugin. -->","_links":{"self":[{"href":"https:\/\/torebunia.pl\/sklep\/wp-json\/wp\/v2\/product\/21892","targetHints":{"allow":["GET"]}}],"collection":[{"href":"https:\/\/torebunia.pl\/sklep\/wp-json\/wp\/v2\/product"}],"about":[{"href":"https:\/\/torebunia.pl\/sklep\/wp-json\/wp\/v2\/types\/product"}],"replies":[{"embeddable":true,"href":"https:\/\/torebunia.pl\/sklep\/wp-json\/wp\/v2\/comments?post=21892"}],"wp:featuredmedia":[{"embeddable":true,"href":"https:\/\/torebunia.pl\/sklep\/wp-json\/wp\/v2\/media\/21893"}],"wp:attachment":[{"href":"https:\/\/torebunia.pl\/sklep\/wp-json\/wp\/v2\/media?parent=21892"}],"curies":[{"name":"wp","href":"https:\/\/api.w.org\/{rel}","templated":true}]}}