{"id":21888,"date":"2020-07-29T11:21:24","date_gmt":"2020-07-29T11:21:24","guid":{"rendered":"https:\/\/torebunia.pl\/sklep\/produkt\/michael-kors-figi-kapielowe\/"},"modified":"2021-01-27T16:37:43","modified_gmt":"2021-01-27T16:37:43","slug":"michael-kors-figi-kapielowe","status":"publish","type":"product","link":"https:\/\/torebunia.pl\/sklep\/produkt\/michael-kors-figi-kapielowe\/","title":{"rendered":"Michael Kors &#8211; Figi k\u0105pielowe"},"content":{"rendered":"<p>Parametry produktu:<\/p>\n<ul>\n<li>cena: <strong>299.9 PLN<\/strong><\/li>\n<li>marka: <strong>Michael Kors<\/strong><\/li>\n<li>p\u0142e\u0107: <strong>Female<\/strong><\/li>\n<li>kategoria: <strong>ONA \/ Odzie\u017c \/ Stroje k\u0105pielowe \/ Dwucz\u0119\u015bciowe<\/strong><\/li>\n<li>kolor: <strong>bia\u0142y<\/strong><\/li>\n<\/ul>\n<p>Opis:<br \/>\nFigi k\u0105pielowe z kolekcji Michael Kors. Model wykonany z g\u0142adkiego materia\u0142u. &#8211; Cienka, elastyczna dzianina. &#8211; Ozdobne detale. Wz\u00f3r: g\u0142adkie Rodzaj: d\u00f3\u0142 Sk\u0142ad: 8 % Elastan, 92 % Poliester ID produktu: 4900-BID0A1 Kod producenta: MM1W429<\/p>\n","protected":false},"excerpt":{"rendered":"<p>Parametry produktu: cena: 299.9 PLN marka: Michael Kors p\u0142e\u0107: Female kategoria: ONA \/ Odzie\u017c \/ Stroje k\u0105pielowe \/ Dwucz\u0119\u015bciowe kolor: bia\u0142y Opis: Figi k\u0105pielowe z kolekcji Michael Kors. Model wykonany<\/p>\n","protected":false},"featured_media":21889,"comment_status":"closed","ping_status":"open","template":"","meta":[],"class_list":{"0":"post-21888","1":"product","2":"type-product","3":"status-publish","5":"hentry","6":"product_cat-dwuczesciowe","7":"product_cat-odziez","8":"product_cat-ona","9":"product_cat-stroje-kapielowe","10":"product_tag-michael-kors","11":"product_tag-michael-kors-figi-kapielowe"},"yoast_head":"<!-- This site is optimized with the Yoast SEO plugin v15.6.2 - https:\/\/yoast.com\/wordpress\/plugins\/seo\/ -->\n<title>Michael Kors - Figi k\u0105pielowe<\/title>\n<meta name=\"robots\" content=\"index, follow, max-snippet:-1, max-image-preview:large, max-video-preview:-1\" \/>\n<link rel=\"canonical\" href=\"https:\/\/torebunia.pl\/sklep\/produkt\/michael-kors-figi-kapielowe\/\" \/>\n<meta property=\"og:locale\" content=\"pl_PL\" \/>\n<meta property=\"og:type\" content=\"article\" \/>\n<meta property=\"og:title\" content=\"Michael Kors - Figi k\u0105pielowe\" \/>\n<meta property=\"og:description\" content=\"Parametry produktu: cena: 299.9 PLN marka: Michael Kors p\u0142e\u0107: Female kategoria: ONA \/ Odzie\u017c \/ Stroje k\u0105pielowe \/ Dwucz\u0119\u015bciowe kolor: bia\u0142y Opis: Figi k\u0105pielowe z kolekcji Michael Kors. Model wykonany\" \/>\n<meta property=\"og:url\" content=\"https:\/\/torebunia.pl\/sklep\/produkt\/michael-kors-figi-kapielowe\/\" \/>\n<meta property=\"og:site_name\" content=\"Moje Blog\" \/>\n<meta property=\"article:modified_time\" content=\"2021-01-27T16:37:43+00:00\" \/>\n<meta property=\"og:image\" content=\"https:\/\/torebunia.pl\/sklep\/wp-content\/uploads\/2021\/01\/07ce3a5e41b24c42d80db87f1f74f5b3008daa56.jpg\" \/>\n\t<meta property=\"og:image:width\" content=\"855\" \/>\n\t<meta property=\"og:image:height\" content=\"1290\" \/>\n<meta name=\"twitter:card\" content=\"summary_large_image\" \/>\n<script type=\"application\/ld+json\" class=\"yoast-schema-graph\">{\"@context\":\"https:\/\/schema.org\",\"@graph\":[{\"@type\":\"WebSite\",\"@id\":\"https:\/\/torebunia.pl\/sklep\/#website\",\"url\":\"https:\/\/torebunia.pl\/sklep\/\",\"name\":\"Moje Blog\",\"description\":\"Kolejna witryna WordPress\",\"potentialAction\":[{\"@type\":\"SearchAction\",\"target\":\"https:\/\/torebunia.pl\/sklep\/?s={search_term_string}\",\"query-input\":\"required name=search_term_string\"}],\"inLanguage\":\"pl-PL\"},{\"@type\":\"ImageObject\",\"@id\":\"https:\/\/torebunia.pl\/sklep\/produkt\/michael-kors-figi-kapielowe\/#primaryimage\",\"inLanguage\":\"pl-PL\",\"url\":\"https:\/\/torebunia.pl\/sklep\/wp-content\/uploads\/2021\/01\/07ce3a5e41b24c42d80db87f1f74f5b3008daa56.jpg\",\"width\":855,\"height\":1290,\"caption\":\"Michael Kors - Figi k\\u0105pielowe\"},{\"@type\":\"WebPage\",\"@id\":\"https:\/\/torebunia.pl\/sklep\/produkt\/michael-kors-figi-kapielowe\/#webpage\",\"url\":\"https:\/\/torebunia.pl\/sklep\/produkt\/michael-kors-figi-kapielowe\/\",\"name\":\"Michael Kors - Figi k\\u0105pielowe\",\"isPartOf\":{\"@id\":\"https:\/\/torebunia.pl\/sklep\/#website\"},\"primaryImageOfPage\":{\"@id\":\"https:\/\/torebunia.pl\/sklep\/produkt\/michael-kors-figi-kapielowe\/#primaryimage\"},\"datePublished\":\"2020-07-29T11:21:24+00:00\",\"dateModified\":\"2021-01-27T16:37:43+00:00\",\"inLanguage\":\"pl-PL\",\"potentialAction\":[{\"@type\":\"ReadAction\",\"target\":[\"https:\/\/torebunia.pl\/sklep\/produkt\/michael-kors-figi-kapielowe\/\"]}]}]}<\/script>\n<!-- \/ Yoast SEO plugin. -->","_links":{"self":[{"href":"https:\/\/torebunia.pl\/sklep\/wp-json\/wp\/v2\/product\/21888","targetHints":{"allow":["GET"]}}],"collection":[{"href":"https:\/\/torebunia.pl\/sklep\/wp-json\/wp\/v2\/product"}],"about":[{"href":"https:\/\/torebunia.pl\/sklep\/wp-json\/wp\/v2\/types\/product"}],"replies":[{"embeddable":true,"href":"https:\/\/torebunia.pl\/sklep\/wp-json\/wp\/v2\/comments?post=21888"}],"wp:featuredmedia":[{"embeddable":true,"href":"https:\/\/torebunia.pl\/sklep\/wp-json\/wp\/v2\/media\/21889"}],"wp:attachment":[{"href":"https:\/\/torebunia.pl\/sklep\/wp-json\/wp\/v2\/media?parent=21888"}],"curies":[{"name":"wp","href":"https:\/\/api.w.org\/{rel}","templated":true}]}}