{"id":21846,"date":"2020-03-03T10:56:42","date_gmt":"2020-03-03T10:56:42","guid":{"rendered":"https:\/\/torebunia.pl\/sklep\/produkt\/tommy-hilfiger-pasek-skorzany-10\/"},"modified":"2021-01-27T16:36:26","modified_gmt":"2021-01-27T16:36:26","slug":"tommy-hilfiger-pasek-skorzany-10","status":"publish","type":"product","link":"https:\/\/torebunia.pl\/sklep\/produkt\/tommy-hilfiger-pasek-skorzany-10\/","title":{"rendered":"Tommy Hilfiger &#8211; Pasek sk\u00f3rzany"},"content":{"rendered":"<p>Parametry produktu:<\/p>\n<ul>\n<li>cena: <strong>279.9 PLN<\/strong><\/li>\n<li>marka: <strong>Tommy Hilfiger<\/strong><\/li>\n<li>p\u0142e\u0107: <strong>Female<\/strong><\/li>\n<li>kategoria: <strong>ONA \/ Akcesoria \/ Paski<\/strong><\/li>\n<li>kolor: <strong>czarny<\/strong><\/li>\n<\/ul>\n<p>Opis:<br \/>\nPasek z kolekcji Tommy Hilfiger. Model wykonany ze sk\u00f3ry naturalnej. &#8211; D\u0142ugo\u015b\u0107 paska: 103 cm. &#8211; D\u0142ugo\u015b\u0107 paska od szpilki do pierwszej dziurki: 83 cm. &#8211; D\u0142ugo\u015b\u0107 paska od pocz\u0105tku klamry do ostatniej dziurki: 93 cm. &#8211; Szeroko\u015b\u0107 paska: 2,5 cm. &#8211; Ilo\u015b\u0107 dziurek: 5. &#8211; Wymiary podane dla paska o rozmiarze: 85. Materia\u0142: sk\u00f3ra licowa Sk\u0142ad: 100 % Sk\u00f3ra naturalna ID produktu: 4900-PAD06S Kod producenta: AW0AW05370<\/p>\n","protected":false},"excerpt":{"rendered":"<p>Parametry produktu: cena: 279.9 PLN marka: Tommy Hilfiger p\u0142e\u0107: Female kategoria: ONA \/ Akcesoria \/ Paski kolor: czarny Opis: Pasek z kolekcji Tommy Hilfiger. Model wykonany ze sk\u00f3ry naturalnej. &#8211;<\/p>\n","protected":false},"featured_media":21847,"comment_status":"closed","ping_status":"open","template":"","meta":[],"class_list":{"0":"post-21846","1":"product","2":"type-product","3":"status-publish","5":"hentry","6":"product_cat-akcesoria","7":"product_cat-ona","8":"product_cat-paski","9":"product_tag-tommy-hilfiger","10":"product_tag-tommy-hilfiger-pasek-skorzany"},"yoast_head":"<!-- This site is optimized with the Yoast SEO plugin v15.6.2 - https:\/\/yoast.com\/wordpress\/plugins\/seo\/ -->\n<title>Tommy Hilfiger - Pasek sk\u00f3rzany<\/title>\n<meta name=\"robots\" content=\"index, follow, max-snippet:-1, max-image-preview:large, max-video-preview:-1\" \/>\n<link rel=\"canonical\" href=\"https:\/\/torebunia.pl\/sklep\/produkt\/tommy-hilfiger-pasek-skorzany-10\/\" \/>\n<meta property=\"og:locale\" content=\"pl_PL\" \/>\n<meta property=\"og:type\" content=\"article\" \/>\n<meta property=\"og:title\" content=\"Tommy Hilfiger - Pasek sk\u00f3rzany\" \/>\n<meta property=\"og:description\" content=\"Parametry produktu: cena: 279.9 PLN marka: Tommy Hilfiger p\u0142e\u0107: Female kategoria: ONA \/ Akcesoria \/ Paski kolor: czarny Opis: Pasek z kolekcji Tommy Hilfiger. Model wykonany ze sk\u00f3ry naturalnej. &#8211;\" \/>\n<meta property=\"og:url\" content=\"https:\/\/torebunia.pl\/sklep\/produkt\/tommy-hilfiger-pasek-skorzany-10\/\" \/>\n<meta property=\"og:site_name\" content=\"Moje Blog\" \/>\n<meta property=\"article:modified_time\" content=\"2021-01-27T16:36:26+00:00\" \/>\n<meta property=\"og:image\" content=\"https:\/\/torebunia.pl\/sklep\/wp-content\/uploads\/2021\/01\/6e5fa801c1dc1f642346a8d0e4f087bde5a34d91-1.jpg\" \/>\n\t<meta property=\"og:image:width\" content=\"855\" \/>\n\t<meta property=\"og:image:height\" content=\"1290\" \/>\n<meta name=\"twitter:card\" content=\"summary_large_image\" \/>\n<script type=\"application\/ld+json\" class=\"yoast-schema-graph\">{\"@context\":\"https:\/\/schema.org\",\"@graph\":[{\"@type\":\"WebSite\",\"@id\":\"https:\/\/torebunia.pl\/sklep\/#website\",\"url\":\"https:\/\/torebunia.pl\/sklep\/\",\"name\":\"Moje Blog\",\"description\":\"Kolejna witryna WordPress\",\"potentialAction\":[{\"@type\":\"SearchAction\",\"target\":\"https:\/\/torebunia.pl\/sklep\/?s={search_term_string}\",\"query-input\":\"required name=search_term_string\"}],\"inLanguage\":\"pl-PL\"},{\"@type\":\"ImageObject\",\"@id\":\"https:\/\/torebunia.pl\/sklep\/produkt\/tommy-hilfiger-pasek-skorzany-10\/#primaryimage\",\"inLanguage\":\"pl-PL\",\"url\":\"https:\/\/torebunia.pl\/sklep\/wp-content\/uploads\/2021\/01\/6e5fa801c1dc1f642346a8d0e4f087bde5a34d91-1.jpg\",\"width\":855,\"height\":1290,\"caption\":\"Tommy Hilfiger - Pasek sk\\u00f3rzany\"},{\"@type\":\"WebPage\",\"@id\":\"https:\/\/torebunia.pl\/sklep\/produkt\/tommy-hilfiger-pasek-skorzany-10\/#webpage\",\"url\":\"https:\/\/torebunia.pl\/sklep\/produkt\/tommy-hilfiger-pasek-skorzany-10\/\",\"name\":\"Tommy Hilfiger - Pasek sk\\u00f3rzany\",\"isPartOf\":{\"@id\":\"https:\/\/torebunia.pl\/sklep\/#website\"},\"primaryImageOfPage\":{\"@id\":\"https:\/\/torebunia.pl\/sklep\/produkt\/tommy-hilfiger-pasek-skorzany-10\/#primaryimage\"},\"datePublished\":\"2020-03-03T10:56:42+00:00\",\"dateModified\":\"2021-01-27T16:36:26+00:00\",\"inLanguage\":\"pl-PL\",\"potentialAction\":[{\"@type\":\"ReadAction\",\"target\":[\"https:\/\/torebunia.pl\/sklep\/produkt\/tommy-hilfiger-pasek-skorzany-10\/\"]}]}]}<\/script>\n<!-- \/ Yoast SEO plugin. -->","_links":{"self":[{"href":"https:\/\/torebunia.pl\/sklep\/wp-json\/wp\/v2\/product\/21846","targetHints":{"allow":["GET"]}}],"collection":[{"href":"https:\/\/torebunia.pl\/sklep\/wp-json\/wp\/v2\/product"}],"about":[{"href":"https:\/\/torebunia.pl\/sklep\/wp-json\/wp\/v2\/types\/product"}],"replies":[{"embeddable":true,"href":"https:\/\/torebunia.pl\/sklep\/wp-json\/wp\/v2\/comments?post=21846"}],"wp:featuredmedia":[{"embeddable":true,"href":"https:\/\/torebunia.pl\/sklep\/wp-json\/wp\/v2\/media\/21847"}],"wp:attachment":[{"href":"https:\/\/torebunia.pl\/sklep\/wp-json\/wp\/v2\/media?parent=21846"}],"curies":[{"name":"wp","href":"https:\/\/api.w.org\/{rel}","templated":true}]}}