{"id":21742,"date":"2020-07-10T18:07:25","date_gmt":"2020-07-10T18:07:25","guid":{"rendered":"https:\/\/torebunia.pl\/sklep\/produkt\/tommy-hilfiger-torebka-16\/"},"modified":"2021-01-27T16:33:02","modified_gmt":"2021-01-27T16:33:02","slug":"tommy-hilfiger-torebka-16","status":"publish","type":"product","link":"https:\/\/torebunia.pl\/sklep\/produkt\/tommy-hilfiger-torebka-16\/","title":{"rendered":"Tommy Hilfiger &#8211; Torebka"},"content":{"rendered":"<p>Parametry produktu:<\/p>\n<ul>\n<li>cena: <strong>649.9 PLN<\/strong><\/li>\n<li>marka: <strong>Tommy Hilfiger<\/strong><\/li>\n<li>p\u0142e\u0107: <strong>Female<\/strong><\/li>\n<li>kategoria: <strong>ONA \/ Akcesoria \/ Torebki \/ Casual (na co dzie\u0144)<\/strong><\/li>\n<li>kolor: <strong>czarny<\/strong><\/li>\n<\/ul>\n<p>Opis:<br \/>\nDu\u017ca torebka z kolekcji Tommy Hilfiger. Zapinany model wykonany ze sk\u00f3ry ekologicznej. &#8211; Wewn\u0105trz dodatkowe kieszenie. &#8211; Zapi\u0119cie na magnes. &#8211; Torebka do noszenia w r\u0119ku lub na ramieniu. &#8211; Kr\u00f3tkie uchwyty. &#8211; Mie\u015bci format A4. &#8211; D\u0142ugo\u015b\u0107 uchwyt\u00f3w: 56 cm. &#8211; G\u0142\u0119boko\u015b\u0107: 12 cm. &#8211; Wysoko\u015b\u0107: 33,5 cm. &#8211; Szeroko\u015b\u0107 u podstawy: 31 cm. Materia\u0142: sk\u00f3ra ekologiczna Sk\u0142ad: Materia\u0142 zasadniczy: 100 % Poliuretan ID produktu: 4921-TOD00C Kod producenta: AW0AW04853<\/p>\n","protected":false},"excerpt":{"rendered":"<p>Parametry produktu: cena: 649.9 PLN marka: Tommy Hilfiger p\u0142e\u0107: Female kategoria: ONA \/ Akcesoria \/ Torebki \/ Casual (na co dzie\u0144) kolor: czarny Opis: Du\u017ca torebka z kolekcji Tommy Hilfiger.<\/p>\n","protected":false},"featured_media":21743,"comment_status":"closed","ping_status":"open","template":"","meta":[],"class_list":{"0":"post-21742","1":"product","2":"type-product","3":"status-publish","5":"hentry","6":"product_cat-akcesoria","7":"product_cat-casual-na-co-dzien","8":"product_cat-ona","9":"product_cat-torebki","10":"product_tag-tommy-hilfiger","11":"product_tag-tommy-hilfiger-torebka"},"yoast_head":"<!-- This site is optimized with the Yoast SEO plugin v15.6.2 - https:\/\/yoast.com\/wordpress\/plugins\/seo\/ -->\n<title>Tommy Hilfiger - Torebka<\/title>\n<meta name=\"robots\" content=\"index, follow, max-snippet:-1, max-image-preview:large, max-video-preview:-1\" \/>\n<link rel=\"canonical\" href=\"https:\/\/torebunia.pl\/sklep\/produkt\/tommy-hilfiger-torebka-16\/\" \/>\n<meta property=\"og:locale\" content=\"pl_PL\" \/>\n<meta property=\"og:type\" content=\"article\" \/>\n<meta property=\"og:title\" content=\"Tommy Hilfiger - Torebka\" \/>\n<meta property=\"og:description\" content=\"Parametry produktu: cena: 649.9 PLN marka: Tommy Hilfiger p\u0142e\u0107: Female kategoria: ONA \/ Akcesoria \/ Torebki \/ Casual (na co dzie\u0144) kolor: czarny Opis: Du\u017ca torebka z kolekcji Tommy Hilfiger.\" \/>\n<meta property=\"og:url\" content=\"https:\/\/torebunia.pl\/sklep\/produkt\/tommy-hilfiger-torebka-16\/\" \/>\n<meta property=\"og:site_name\" content=\"Moje Blog\" \/>\n<meta property=\"article:modified_time\" content=\"2021-01-27T16:33:02+00:00\" \/>\n<meta property=\"og:image\" content=\"https:\/\/torebunia.pl\/sklep\/wp-content\/uploads\/2021\/01\/d780e581880697418d827e1b6d954f057ae99c6c.jpg\" \/>\n\t<meta property=\"og:image:width\" content=\"855\" \/>\n\t<meta property=\"og:image:height\" content=\"1290\" \/>\n<meta name=\"twitter:card\" content=\"summary_large_image\" \/>\n<script type=\"application\/ld+json\" class=\"yoast-schema-graph\">{\"@context\":\"https:\/\/schema.org\",\"@graph\":[{\"@type\":\"WebSite\",\"@id\":\"https:\/\/torebunia.pl\/sklep\/#website\",\"url\":\"https:\/\/torebunia.pl\/sklep\/\",\"name\":\"Moje Blog\",\"description\":\"Kolejna witryna WordPress\",\"potentialAction\":[{\"@type\":\"SearchAction\",\"target\":\"https:\/\/torebunia.pl\/sklep\/?s={search_term_string}\",\"query-input\":\"required name=search_term_string\"}],\"inLanguage\":\"pl-PL\"},{\"@type\":\"ImageObject\",\"@id\":\"https:\/\/torebunia.pl\/sklep\/produkt\/tommy-hilfiger-torebka-16\/#primaryimage\",\"inLanguage\":\"pl-PL\",\"url\":\"https:\/\/torebunia.pl\/sklep\/wp-content\/uploads\/2021\/01\/d780e581880697418d827e1b6d954f057ae99c6c.jpg\",\"width\":855,\"height\":1290,\"caption\":\"Tommy Hilfiger - Torebka\"},{\"@type\":\"WebPage\",\"@id\":\"https:\/\/torebunia.pl\/sklep\/produkt\/tommy-hilfiger-torebka-16\/#webpage\",\"url\":\"https:\/\/torebunia.pl\/sklep\/produkt\/tommy-hilfiger-torebka-16\/\",\"name\":\"Tommy Hilfiger - Torebka\",\"isPartOf\":{\"@id\":\"https:\/\/torebunia.pl\/sklep\/#website\"},\"primaryImageOfPage\":{\"@id\":\"https:\/\/torebunia.pl\/sklep\/produkt\/tommy-hilfiger-torebka-16\/#primaryimage\"},\"datePublished\":\"2020-07-10T18:07:25+00:00\",\"dateModified\":\"2021-01-27T16:33:02+00:00\",\"inLanguage\":\"pl-PL\",\"potentialAction\":[{\"@type\":\"ReadAction\",\"target\":[\"https:\/\/torebunia.pl\/sklep\/produkt\/tommy-hilfiger-torebka-16\/\"]}]}]}<\/script>\n<!-- \/ Yoast SEO plugin. -->","_links":{"self":[{"href":"https:\/\/torebunia.pl\/sklep\/wp-json\/wp\/v2\/product\/21742","targetHints":{"allow":["GET"]}}],"collection":[{"href":"https:\/\/torebunia.pl\/sklep\/wp-json\/wp\/v2\/product"}],"about":[{"href":"https:\/\/torebunia.pl\/sklep\/wp-json\/wp\/v2\/types\/product"}],"replies":[{"embeddable":true,"href":"https:\/\/torebunia.pl\/sklep\/wp-json\/wp\/v2\/comments?post=21742"}],"wp:featuredmedia":[{"embeddable":true,"href":"https:\/\/torebunia.pl\/sklep\/wp-json\/wp\/v2\/media\/21743"}],"wp:attachment":[{"href":"https:\/\/torebunia.pl\/sklep\/wp-json\/wp\/v2\/media?parent=21742"}],"curies":[{"name":"wp","href":"https:\/\/api.w.org\/{rel}","templated":true}]}}