{"id":21594,"date":"2021-01-12T01:56:28","date_gmt":"2021-01-12T01:56:28","guid":{"rendered":"https:\/\/torebunia.pl\/sklep\/produkt\/emporio-armani-zegarek-ar11128\/"},"modified":"2021-01-27T16:28:34","modified_gmt":"2021-01-27T16:28:34","slug":"emporio-armani-zegarek-ar11128","status":"publish","type":"product","link":"https:\/\/torebunia.pl\/sklep\/produkt\/emporio-armani-zegarek-ar11128\/","title":{"rendered":"Emporio Armani &#8211; Zegarek AR11128"},"content":{"rendered":"<p>Parametry produktu:<\/p>\n<ul>\n<li>cena: <strong>1149.0 PLN<\/strong><\/li>\n<li>marka: <strong>Emporio Armani<\/strong><\/li>\n<li>p\u0142e\u0107: <strong>Female<\/strong><\/li>\n<li>kategoria: <strong>ONA \/ Akcesoria \/ Zegarki<\/strong><\/li>\n<li>kolor: <strong>srebrny<\/strong><\/li>\n<\/ul>\n<p>Opis:<br \/>\nZegarek z kolekcji Emporio Armani. Model z okr\u0105g\u0142\u0105 tarcz\u0105 i bi\u017cuteryjn\u0105 bransolet\u0105. &#8211; Materia\u0142 koperty i bransolety: stal. &#8211; Kszta\u0142t koperty: okr\u0105g\u0142y. &#8211; Wodoszczelno\u015b\u0107: WR. 30M (3ATM) &#8211; odporny na zachlapania. &#8211; Mechanizm: kwarcowy, zasilany bateri\u0105. &#8211; Szk\u0142o: mineralne (utwardzane, bardzo odporne na st\u0142uczenia, ci\u0119\u017cko je zarysowa\u0107). Sk\u0142ad: Stal szlachetna, Szk\u0142o mineralne ID produktu: 100-AKD1HY Kod producenta: AR11128<\/p>\n","protected":false},"excerpt":{"rendered":"<p>Parametry produktu: cena: 1149.0 PLN marka: Emporio Armani p\u0142e\u0107: Female kategoria: ONA \/ Akcesoria \/ Zegarki kolor: srebrny Opis: Zegarek z kolekcji Emporio Armani. Model z okr\u0105g\u0142\u0105 tarcz\u0105 i bi\u017cuteryjn\u0105<\/p>\n","protected":false},"featured_media":21595,"comment_status":"closed","ping_status":"open","template":"","meta":[],"class_list":{"0":"post-21594","1":"product","2":"type-product","3":"status-publish","5":"hentry","6":"product_cat-akcesoria","7":"product_cat-ona","8":"product_cat-zegarki","9":"product_tag-emporio-armani","10":"product_tag-emporio-armani-zegarek-ar11128"},"yoast_head":"<!-- This site is optimized with the Yoast SEO plugin v15.6.2 - https:\/\/yoast.com\/wordpress\/plugins\/seo\/ -->\n<title>Emporio Armani - Zegarek AR11128<\/title>\n<meta name=\"robots\" content=\"index, follow, max-snippet:-1, max-image-preview:large, max-video-preview:-1\" \/>\n<link rel=\"canonical\" href=\"https:\/\/torebunia.pl\/sklep\/produkt\/emporio-armani-zegarek-ar11128\/\" \/>\n<meta property=\"og:locale\" content=\"pl_PL\" \/>\n<meta property=\"og:type\" content=\"article\" \/>\n<meta property=\"og:title\" content=\"Emporio Armani - Zegarek AR11128\" \/>\n<meta property=\"og:description\" content=\"Parametry produktu: cena: 1149.0 PLN marka: Emporio Armani p\u0142e\u0107: Female kategoria: ONA \/ Akcesoria \/ Zegarki kolor: srebrny Opis: Zegarek z kolekcji Emporio Armani. Model z okr\u0105g\u0142\u0105 tarcz\u0105 i bi\u017cuteryjn\u0105\" \/>\n<meta property=\"og:url\" content=\"https:\/\/torebunia.pl\/sklep\/produkt\/emporio-armani-zegarek-ar11128\/\" \/>\n<meta property=\"og:site_name\" content=\"Moje Blog\" \/>\n<meta property=\"article:modified_time\" content=\"2021-01-27T16:28:34+00:00\" \/>\n<meta property=\"og:image\" content=\"https:\/\/torebunia.pl\/sklep\/wp-content\/uploads\/2021\/01\/3e4cc27f5094aef66845ce073dbb259cce3133b2.jpg\" \/>\n\t<meta property=\"og:image:width\" content=\"855\" \/>\n\t<meta property=\"og:image:height\" content=\"1290\" \/>\n<meta name=\"twitter:card\" content=\"summary_large_image\" \/>\n<script type=\"application\/ld+json\" class=\"yoast-schema-graph\">{\"@context\":\"https:\/\/schema.org\",\"@graph\":[{\"@type\":\"WebSite\",\"@id\":\"https:\/\/torebunia.pl\/sklep\/#website\",\"url\":\"https:\/\/torebunia.pl\/sklep\/\",\"name\":\"Moje Blog\",\"description\":\"Kolejna witryna WordPress\",\"potentialAction\":[{\"@type\":\"SearchAction\",\"target\":\"https:\/\/torebunia.pl\/sklep\/?s={search_term_string}\",\"query-input\":\"required name=search_term_string\"}],\"inLanguage\":\"pl-PL\"},{\"@type\":\"ImageObject\",\"@id\":\"https:\/\/torebunia.pl\/sklep\/produkt\/emporio-armani-zegarek-ar11128\/#primaryimage\",\"inLanguage\":\"pl-PL\",\"url\":\"https:\/\/torebunia.pl\/sklep\/wp-content\/uploads\/2021\/01\/3e4cc27f5094aef66845ce073dbb259cce3133b2.jpg\",\"width\":855,\"height\":1290,\"caption\":\"Emporio Armani - Zegarek AR11128\"},{\"@type\":\"WebPage\",\"@id\":\"https:\/\/torebunia.pl\/sklep\/produkt\/emporio-armani-zegarek-ar11128\/#webpage\",\"url\":\"https:\/\/torebunia.pl\/sklep\/produkt\/emporio-armani-zegarek-ar11128\/\",\"name\":\"Emporio Armani - Zegarek AR11128\",\"isPartOf\":{\"@id\":\"https:\/\/torebunia.pl\/sklep\/#website\"},\"primaryImageOfPage\":{\"@id\":\"https:\/\/torebunia.pl\/sklep\/produkt\/emporio-armani-zegarek-ar11128\/#primaryimage\"},\"datePublished\":\"2021-01-12T01:56:28+00:00\",\"dateModified\":\"2021-01-27T16:28:34+00:00\",\"inLanguage\":\"pl-PL\",\"potentialAction\":[{\"@type\":\"ReadAction\",\"target\":[\"https:\/\/torebunia.pl\/sklep\/produkt\/emporio-armani-zegarek-ar11128\/\"]}]}]}<\/script>\n<!-- \/ Yoast SEO plugin. -->","_links":{"self":[{"href":"https:\/\/torebunia.pl\/sklep\/wp-json\/wp\/v2\/product\/21594","targetHints":{"allow":["GET"]}}],"collection":[{"href":"https:\/\/torebunia.pl\/sklep\/wp-json\/wp\/v2\/product"}],"about":[{"href":"https:\/\/torebunia.pl\/sklep\/wp-json\/wp\/v2\/types\/product"}],"replies":[{"embeddable":true,"href":"https:\/\/torebunia.pl\/sklep\/wp-json\/wp\/v2\/comments?post=21594"}],"wp:featuredmedia":[{"embeddable":true,"href":"https:\/\/torebunia.pl\/sklep\/wp-json\/wp\/v2\/media\/21595"}],"wp:attachment":[{"href":"https:\/\/torebunia.pl\/sklep\/wp-json\/wp\/v2\/media?parent=21594"}],"curies":[{"name":"wp","href":"https:\/\/api.w.org\/{rel}","templated":true}]}}