{"id":21420,"date":"2020-05-21T07:50:06","date_gmt":"2020-05-21T07:50:06","guid":{"rendered":"https:\/\/torebunia.pl\/sklep\/produkt\/pepe-jeans-bluza-baily\/"},"modified":"2021-01-27T16:23:00","modified_gmt":"2021-01-27T16:23:00","slug":"pepe-jeans-bluza-baily","status":"publish","type":"product","link":"https:\/\/torebunia.pl\/sklep\/produkt\/pepe-jeans-bluza-baily\/","title":{"rendered":"Pepe Jeans &#8211; Bluza Baily"},"content":{"rendered":"<p>Parametry produktu:<\/p>\n<ul>\n<li>cena: <strong>339.9 PLN<\/strong><\/li>\n<li>marka: <strong>Pepe Jeans<\/strong><\/li>\n<li>p\u0142e\u0107: <strong>Female<\/strong><\/li>\n<li>kategoria: <strong>ONA \/ Odzie\u017c \/ Bluzy \/ Przez g\u0142ow\u0119<\/strong><\/li>\n<li>kolor: <strong>multikolor<\/strong><\/li>\n<\/ul>\n<p>Opis:<br \/>\nBluza z kolekcji Pepe Jeans. Model wykonany z cienkiej, elastycznej dzianiny. &#8211; Lu\u017any fason. &#8211; Obni\u017cona linia ramion. &#8211; Okr\u0105g\u0142y dekolt. &#8211; Cienka, elastyczna dzianina. &#8211; Wyko\u0144czenie ze \u015bci\u0105gacza. &#8211; Szeroko\u015b\u0107 pod pachami: 62 cm. &#8211; D\u0142ugo\u015b\u0107 r\u0119kawa(mierzona od dekoltu): 74,5 cm. &#8211; D\u0142ugo\u015b\u0107: 68,5 cm. &#8211; Wymiary podane dla rozmiaru: S. Wz\u00f3r: wzorzyste Materia\u0142: bawe\u0142na Kaptur: bez kaptura Sk\u0142ad: Materia\u0142 zasadniczy: 100 % Bawe\u0142na, \u015aci\u0105gacz: 98 % Bawe\u0142na, 2 % Elastan ID produktu: 4900-BLD05Y Kod producenta: PL580972<\/p>\n","protected":false},"excerpt":{"rendered":"<p>Parametry produktu: cena: 339.9 PLN marka: Pepe Jeans p\u0142e\u0107: Female kategoria: ONA \/ Odzie\u017c \/ Bluzy \/ Przez g\u0142ow\u0119 kolor: multikolor Opis: Bluza z kolekcji Pepe Jeans. Model wykonany z<\/p>\n","protected":false},"featured_media":21421,"comment_status":"closed","ping_status":"open","template":"","meta":[],"class_list":{"0":"post-21420","1":"product","2":"type-product","3":"status-publish","5":"hentry","6":"product_cat-bluzy","7":"product_cat-odziez","8":"product_cat-ona","9":"product_cat-przez-glowe","10":"product_tag-pepe-jeans","11":"product_tag-pepe-jeans-bluza-baily"},"yoast_head":"<!-- This site is optimized with the Yoast SEO plugin v15.6.2 - https:\/\/yoast.com\/wordpress\/plugins\/seo\/ -->\n<title>Pepe Jeans - Bluza Baily<\/title>\n<meta name=\"robots\" content=\"index, follow, max-snippet:-1, max-image-preview:large, max-video-preview:-1\" \/>\n<link rel=\"canonical\" href=\"https:\/\/torebunia.pl\/sklep\/produkt\/pepe-jeans-bluza-baily\/\" \/>\n<meta property=\"og:locale\" content=\"pl_PL\" \/>\n<meta property=\"og:type\" content=\"article\" \/>\n<meta property=\"og:title\" content=\"Pepe Jeans - Bluza Baily\" \/>\n<meta property=\"og:description\" content=\"Parametry produktu: cena: 339.9 PLN marka: Pepe Jeans p\u0142e\u0107: Female kategoria: ONA \/ Odzie\u017c \/ Bluzy \/ Przez g\u0142ow\u0119 kolor: multikolor Opis: Bluza z kolekcji Pepe Jeans. Model wykonany z\" \/>\n<meta property=\"og:url\" content=\"https:\/\/torebunia.pl\/sklep\/produkt\/pepe-jeans-bluza-baily\/\" \/>\n<meta property=\"og:site_name\" content=\"Moje Blog\" \/>\n<meta property=\"article:modified_time\" content=\"2021-01-27T16:23:00+00:00\" \/>\n<meta property=\"og:image\" content=\"https:\/\/torebunia.pl\/sklep\/wp-content\/uploads\/2021\/01\/711c08e643b6d3b089650a0f947393ebcc856b9a.jpg\" \/>\n\t<meta property=\"og:image:width\" content=\"855\" \/>\n\t<meta property=\"og:image:height\" content=\"1290\" \/>\n<meta name=\"twitter:card\" content=\"summary_large_image\" \/>\n<meta name=\"twitter:label1\" content=\"Est. reading time\">\n\t<meta name=\"twitter:data1\" content=\"1 minuta\">\n<script type=\"application\/ld+json\" class=\"yoast-schema-graph\">{\"@context\":\"https:\/\/schema.org\",\"@graph\":[{\"@type\":\"WebSite\",\"@id\":\"https:\/\/torebunia.pl\/sklep\/#website\",\"url\":\"https:\/\/torebunia.pl\/sklep\/\",\"name\":\"Moje Blog\",\"description\":\"Kolejna witryna WordPress\",\"potentialAction\":[{\"@type\":\"SearchAction\",\"target\":\"https:\/\/torebunia.pl\/sklep\/?s={search_term_string}\",\"query-input\":\"required name=search_term_string\"}],\"inLanguage\":\"pl-PL\"},{\"@type\":\"ImageObject\",\"@id\":\"https:\/\/torebunia.pl\/sklep\/produkt\/pepe-jeans-bluza-baily\/#primaryimage\",\"inLanguage\":\"pl-PL\",\"url\":\"https:\/\/torebunia.pl\/sklep\/wp-content\/uploads\/2021\/01\/711c08e643b6d3b089650a0f947393ebcc856b9a.jpg\",\"width\":855,\"height\":1290,\"caption\":\"Pepe Jeans - Bluza Baily\"},{\"@type\":\"WebPage\",\"@id\":\"https:\/\/torebunia.pl\/sklep\/produkt\/pepe-jeans-bluza-baily\/#webpage\",\"url\":\"https:\/\/torebunia.pl\/sklep\/produkt\/pepe-jeans-bluza-baily\/\",\"name\":\"Pepe Jeans - Bluza Baily\",\"isPartOf\":{\"@id\":\"https:\/\/torebunia.pl\/sklep\/#website\"},\"primaryImageOfPage\":{\"@id\":\"https:\/\/torebunia.pl\/sklep\/produkt\/pepe-jeans-bluza-baily\/#primaryimage\"},\"datePublished\":\"2020-05-21T07:50:06+00:00\",\"dateModified\":\"2021-01-27T16:23:00+00:00\",\"inLanguage\":\"pl-PL\",\"potentialAction\":[{\"@type\":\"ReadAction\",\"target\":[\"https:\/\/torebunia.pl\/sklep\/produkt\/pepe-jeans-bluza-baily\/\"]}]}]}<\/script>\n<!-- \/ Yoast SEO plugin. -->","_links":{"self":[{"href":"https:\/\/torebunia.pl\/sklep\/wp-json\/wp\/v2\/product\/21420","targetHints":{"allow":["GET"]}}],"collection":[{"href":"https:\/\/torebunia.pl\/sklep\/wp-json\/wp\/v2\/product"}],"about":[{"href":"https:\/\/torebunia.pl\/sklep\/wp-json\/wp\/v2\/types\/product"}],"replies":[{"embeddable":true,"href":"https:\/\/torebunia.pl\/sklep\/wp-json\/wp\/v2\/comments?post=21420"}],"wp:featuredmedia":[{"embeddable":true,"href":"https:\/\/torebunia.pl\/sklep\/wp-json\/wp\/v2\/media\/21421"}],"wp:attachment":[{"href":"https:\/\/torebunia.pl\/sklep\/wp-json\/wp\/v2\/media?parent=21420"}],"curies":[{"name":"wp","href":"https:\/\/api.w.org\/{rel}","templated":true}]}}