{"id":21384,"date":"2020-04-22T20:08:49","date_gmt":"2020-04-22T20:08:49","guid":{"rendered":"https:\/\/torebunia.pl\/sklep\/produkt\/dickies-skarpetki-3-pack-2\/"},"modified":"2021-01-27T16:21:59","modified_gmt":"2021-01-27T16:21:59","slug":"dickies-skarpetki-3-pack-2","status":"publish","type":"product","link":"https:\/\/torebunia.pl\/sklep\/produkt\/dickies-skarpetki-3-pack-2\/","title":{"rendered":"Dickies &#8211; Skarpetki (3-pack)"},"content":{"rendered":"<p>Parametry produktu:<\/p>\n<ul>\n<li>cena: <strong>89.9 PLN<\/strong><\/li>\n<li>marka: <strong>Dickies<\/strong><\/li>\n<li>p\u0142e\u0107: <strong>Female<\/strong><\/li>\n<li>kategoria: <strong>ONA \/ Odzie\u017c \/ Skarpetki<\/strong><\/li>\n<li>kolor: <strong>czarny<\/strong><\/li>\n<\/ul>\n<p>Opis:<br \/>\nSkarpetki z kolekcji Dickies. Model wykonany z elastycznego materia\u0142u. W komplecie trzy pary. Wz\u00f3r: nadruk Wyr\u00f3\u017cnienie: wielopak Rodzaj: skarpetki d\u0142ugie Sk\u0142ad: 77 % Bawe\u0142na, 1 % Elastan, 3 % Poliamid, 16 % Poliester, 3 % Elastodien ID produktu: 4900-LGU00R Kod producenta: DK0A4X82BLK<\/p>\n","protected":false},"excerpt":{"rendered":"<p>Parametry produktu: cena: 89.9 PLN marka: Dickies p\u0142e\u0107: Female kategoria: ONA \/ Odzie\u017c \/ Skarpetki kolor: czarny Opis: Skarpetki z kolekcji Dickies. Model wykonany z elastycznego materia\u0142u. W komplecie trzy<\/p>\n","protected":false},"featured_media":21385,"comment_status":"closed","ping_status":"open","template":"","meta":[],"class_list":{"0":"post-21384","1":"product","2":"type-product","3":"status-publish","5":"hentry","6":"product_cat-odziez","7":"product_cat-ona","8":"product_cat-skarpetki","9":"product_tag-dickies","10":"product_tag-dickies-skarpetki-3-pack"},"yoast_head":"<!-- This site is optimized with the Yoast SEO plugin v15.6.2 - https:\/\/yoast.com\/wordpress\/plugins\/seo\/ -->\n<title>Dickies - Skarpetki (3-pack)<\/title>\n<meta name=\"robots\" content=\"index, follow, max-snippet:-1, max-image-preview:large, max-video-preview:-1\" \/>\n<link rel=\"canonical\" href=\"https:\/\/torebunia.pl\/sklep\/produkt\/dickies-skarpetki-3-pack-2\/\" \/>\n<meta property=\"og:locale\" content=\"pl_PL\" \/>\n<meta property=\"og:type\" content=\"article\" \/>\n<meta property=\"og:title\" content=\"Dickies - Skarpetki (3-pack)\" \/>\n<meta property=\"og:description\" content=\"Parametry produktu: cena: 89.9 PLN marka: Dickies p\u0142e\u0107: Female kategoria: ONA \/ Odzie\u017c \/ Skarpetki kolor: czarny Opis: Skarpetki z kolekcji Dickies. Model wykonany z elastycznego materia\u0142u. W komplecie trzy\" \/>\n<meta property=\"og:url\" content=\"https:\/\/torebunia.pl\/sklep\/produkt\/dickies-skarpetki-3-pack-2\/\" \/>\n<meta property=\"og:site_name\" content=\"Moje Blog\" \/>\n<meta property=\"article:modified_time\" content=\"2021-01-27T16:21:59+00:00\" \/>\n<meta property=\"og:image\" content=\"https:\/\/torebunia.pl\/sklep\/wp-content\/uploads\/2021\/01\/3ac26f5b4d7bf6c60a6f5a0833be3c254d78d507.jpg\" \/>\n\t<meta property=\"og:image:width\" content=\"855\" \/>\n\t<meta property=\"og:image:height\" content=\"1290\" \/>\n<meta name=\"twitter:card\" content=\"summary_large_image\" \/>\n<script type=\"application\/ld+json\" class=\"yoast-schema-graph\">{\"@context\":\"https:\/\/schema.org\",\"@graph\":[{\"@type\":\"WebSite\",\"@id\":\"https:\/\/torebunia.pl\/sklep\/#website\",\"url\":\"https:\/\/torebunia.pl\/sklep\/\",\"name\":\"Moje Blog\",\"description\":\"Kolejna witryna WordPress\",\"potentialAction\":[{\"@type\":\"SearchAction\",\"target\":\"https:\/\/torebunia.pl\/sklep\/?s={search_term_string}\",\"query-input\":\"required name=search_term_string\"}],\"inLanguage\":\"pl-PL\"},{\"@type\":\"ImageObject\",\"@id\":\"https:\/\/torebunia.pl\/sklep\/produkt\/dickies-skarpetki-3-pack-2\/#primaryimage\",\"inLanguage\":\"pl-PL\",\"url\":\"https:\/\/torebunia.pl\/sklep\/wp-content\/uploads\/2021\/01\/3ac26f5b4d7bf6c60a6f5a0833be3c254d78d507.jpg\",\"width\":855,\"height\":1290,\"caption\":\"Dickies - Skarpetki (3-pack)\"},{\"@type\":\"WebPage\",\"@id\":\"https:\/\/torebunia.pl\/sklep\/produkt\/dickies-skarpetki-3-pack-2\/#webpage\",\"url\":\"https:\/\/torebunia.pl\/sklep\/produkt\/dickies-skarpetki-3-pack-2\/\",\"name\":\"Dickies - Skarpetki (3-pack)\",\"isPartOf\":{\"@id\":\"https:\/\/torebunia.pl\/sklep\/#website\"},\"primaryImageOfPage\":{\"@id\":\"https:\/\/torebunia.pl\/sklep\/produkt\/dickies-skarpetki-3-pack-2\/#primaryimage\"},\"datePublished\":\"2020-04-22T20:08:49+00:00\",\"dateModified\":\"2021-01-27T16:21:59+00:00\",\"inLanguage\":\"pl-PL\",\"potentialAction\":[{\"@type\":\"ReadAction\",\"target\":[\"https:\/\/torebunia.pl\/sklep\/produkt\/dickies-skarpetki-3-pack-2\/\"]}]}]}<\/script>\n<!-- \/ Yoast SEO plugin. -->","_links":{"self":[{"href":"https:\/\/torebunia.pl\/sklep\/wp-json\/wp\/v2\/product\/21384","targetHints":{"allow":["GET"]}}],"collection":[{"href":"https:\/\/torebunia.pl\/sklep\/wp-json\/wp\/v2\/product"}],"about":[{"href":"https:\/\/torebunia.pl\/sklep\/wp-json\/wp\/v2\/types\/product"}],"replies":[{"embeddable":true,"href":"https:\/\/torebunia.pl\/sklep\/wp-json\/wp\/v2\/comments?post=21384"}],"wp:featuredmedia":[{"embeddable":true,"href":"https:\/\/torebunia.pl\/sklep\/wp-json\/wp\/v2\/media\/21385"}],"wp:attachment":[{"href":"https:\/\/torebunia.pl\/sklep\/wp-json\/wp\/v2\/media?parent=21384"}],"curies":[{"name":"wp","href":"https:\/\/api.w.org\/{rel}","templated":true}]}}