{"id":21378,"date":"2021-01-19T05:04:53","date_gmt":"2021-01-19T05:04:53","guid":{"rendered":"https:\/\/torebunia.pl\/sklep\/produkt\/napapijri-czapka-11\/"},"modified":"2021-01-27T16:21:47","modified_gmt":"2021-01-27T16:21:47","slug":"napapijri-czapka-11","status":"publish","type":"product","link":"https:\/\/torebunia.pl\/sklep\/produkt\/napapijri-czapka-11\/","title":{"rendered":"Napapijri &#8211; Czapka"},"content":{"rendered":"<p>Parametry produktu:<\/p>\n<ul>\n<li>cena: <strong>199.9 PLN<\/strong><\/li>\n<li>marka: <strong>Napapijri<\/strong><\/li>\n<li>p\u0142e\u0107: <strong>Female<\/strong><\/li>\n<li>kategoria: <strong>ONA \/ ON \/ Akcesoria \/ Czapki i kapelusze<\/strong><\/li>\n<li>kolor: <strong>mandarynkowy<\/strong><\/li>\n<\/ul>\n<p>Opis:<br \/>\nCzapka z kolekcji Napapijri. Model wykonany z dzianiny z aplikacj\u0105. &#8211; Model z pomponem. &#8211; Gruby, elastyczny materia\u0142. &#8211; Ozdobny detal z przodu. Wz\u00f3r: aplikacja Materia\u0142: z domieszk\u0105 we\u0142ny Dzianina: gruba Sk\u0142ad: 75 % Akryl, 10 % Poliamid, 10 % We\u0142na, 5 % Wiskoza ID produktu: 4900-CAU00T Kod producenta: NP0A4EMB<\/p>\n","protected":false},"excerpt":{"rendered":"<p>Parametry produktu: cena: 199.9 PLN marka: Napapijri p\u0142e\u0107: Female kategoria: ONA \/ ON \/ Akcesoria \/ Czapki i kapelusze kolor: mandarynkowy Opis: Czapka z kolekcji Napapijri. Model wykonany z dzianiny<\/p>\n","protected":false},"featured_media":21379,"comment_status":"closed","ping_status":"open","template":"","meta":[],"class_list":{"0":"post-21378","1":"product","2":"type-product","3":"status-publish","5":"hentry","6":"product_cat-akcesoria","7":"product_cat-czapki-i-kapelusze","8":"product_cat-on","9":"product_cat-ona","10":"product_tag-napapijri","11":"product_tag-napapijri-czapka"},"yoast_head":"<!-- This site is optimized with the Yoast SEO plugin v15.6.2 - https:\/\/yoast.com\/wordpress\/plugins\/seo\/ -->\n<title>Napapijri - Czapka<\/title>\n<meta name=\"robots\" content=\"index, follow, max-snippet:-1, max-image-preview:large, max-video-preview:-1\" \/>\n<link rel=\"canonical\" href=\"https:\/\/torebunia.pl\/sklep\/produkt\/napapijri-czapka-11\/\" \/>\n<meta property=\"og:locale\" content=\"pl_PL\" \/>\n<meta property=\"og:type\" content=\"article\" \/>\n<meta property=\"og:title\" content=\"Napapijri - Czapka\" \/>\n<meta property=\"og:description\" content=\"Parametry produktu: cena: 199.9 PLN marka: Napapijri p\u0142e\u0107: Female kategoria: ONA \/ ON \/ Akcesoria \/ Czapki i kapelusze kolor: mandarynkowy Opis: Czapka z kolekcji Napapijri. Model wykonany z dzianiny\" \/>\n<meta property=\"og:url\" content=\"https:\/\/torebunia.pl\/sklep\/produkt\/napapijri-czapka-11\/\" \/>\n<meta property=\"og:site_name\" content=\"Moje Blog\" \/>\n<meta property=\"article:modified_time\" content=\"2021-01-27T16:21:47+00:00\" \/>\n<meta property=\"og:image\" content=\"https:\/\/torebunia.pl\/sklep\/wp-content\/uploads\/2021\/01\/e0ac8e52ca46094609a7818ddbc5cd00eb2fee7e.jpg\" \/>\n\t<meta property=\"og:image:width\" content=\"855\" \/>\n\t<meta property=\"og:image:height\" content=\"1290\" \/>\n<meta name=\"twitter:card\" content=\"summary_large_image\" \/>\n<script type=\"application\/ld+json\" class=\"yoast-schema-graph\">{\"@context\":\"https:\/\/schema.org\",\"@graph\":[{\"@type\":\"WebSite\",\"@id\":\"https:\/\/torebunia.pl\/sklep\/#website\",\"url\":\"https:\/\/torebunia.pl\/sklep\/\",\"name\":\"Moje Blog\",\"description\":\"Kolejna witryna WordPress\",\"potentialAction\":[{\"@type\":\"SearchAction\",\"target\":\"https:\/\/torebunia.pl\/sklep\/?s={search_term_string}\",\"query-input\":\"required name=search_term_string\"}],\"inLanguage\":\"pl-PL\"},{\"@type\":\"ImageObject\",\"@id\":\"https:\/\/torebunia.pl\/sklep\/produkt\/napapijri-czapka-11\/#primaryimage\",\"inLanguage\":\"pl-PL\",\"url\":\"https:\/\/torebunia.pl\/sklep\/wp-content\/uploads\/2021\/01\/e0ac8e52ca46094609a7818ddbc5cd00eb2fee7e.jpg\",\"width\":855,\"height\":1290,\"caption\":\"Napapijri - Czapka\"},{\"@type\":\"WebPage\",\"@id\":\"https:\/\/torebunia.pl\/sklep\/produkt\/napapijri-czapka-11\/#webpage\",\"url\":\"https:\/\/torebunia.pl\/sklep\/produkt\/napapijri-czapka-11\/\",\"name\":\"Napapijri - Czapka\",\"isPartOf\":{\"@id\":\"https:\/\/torebunia.pl\/sklep\/#website\"},\"primaryImageOfPage\":{\"@id\":\"https:\/\/torebunia.pl\/sklep\/produkt\/napapijri-czapka-11\/#primaryimage\"},\"datePublished\":\"2021-01-19T05:04:53+00:00\",\"dateModified\":\"2021-01-27T16:21:47+00:00\",\"inLanguage\":\"pl-PL\",\"potentialAction\":[{\"@type\":\"ReadAction\",\"target\":[\"https:\/\/torebunia.pl\/sklep\/produkt\/napapijri-czapka-11\/\"]}]}]}<\/script>\n<!-- \/ Yoast SEO plugin. -->","_links":{"self":[{"href":"https:\/\/torebunia.pl\/sklep\/wp-json\/wp\/v2\/product\/21378","targetHints":{"allow":["GET"]}}],"collection":[{"href":"https:\/\/torebunia.pl\/sklep\/wp-json\/wp\/v2\/product"}],"about":[{"href":"https:\/\/torebunia.pl\/sklep\/wp-json\/wp\/v2\/types\/product"}],"replies":[{"embeddable":true,"href":"https:\/\/torebunia.pl\/sklep\/wp-json\/wp\/v2\/comments?post=21378"}],"wp:featuredmedia":[{"embeddable":true,"href":"https:\/\/torebunia.pl\/sklep\/wp-json\/wp\/v2\/media\/21379"}],"wp:attachment":[{"href":"https:\/\/torebunia.pl\/sklep\/wp-json\/wp\/v2\/media?parent=21378"}],"curies":[{"name":"wp","href":"https:\/\/api.w.org\/{rel}","templated":true}]}}