{"id":21324,"date":"2020-08-14T09:23:17","date_gmt":"2020-08-14T09:23:17","guid":{"rendered":"https:\/\/torebunia.pl\/sklep\/produkt\/twinset-spodnie-7\/"},"modified":"2021-01-27T16:20:06","modified_gmt":"2021-01-27T16:20:06","slug":"twinset-spodnie-7","status":"publish","type":"product","link":"https:\/\/torebunia.pl\/sklep\/produkt\/twinset-spodnie-7\/","title":{"rendered":"Twinset &#8211; Spodnie"},"content":{"rendered":"<p>Parametry produktu:<\/p>\n<ul>\n<li>cena: <strong>649.9 PLN<\/strong><\/li>\n<li>marka: <strong>TWINSET<\/strong><\/li>\n<li>p\u0142e\u0107: <strong>Female<\/strong><\/li>\n<li>kategoria: <strong>ONA \/ Odzie\u017c \/ Spodnie i legginsy \/ Dresowe<\/strong><\/li>\n<li>kolor: <strong>kremowy<\/strong><\/li>\n<\/ul>\n<p>Opis:<br \/>\nSpodnie z kolekcji Twinset. Model wykonany z cienkiej, lekko elastycznej dzianiny. &#8211; Model z cekinowymi wstawkami. &#8211; Prosty fason. &#8211; Nogawki wyko\u0144czone \u015bci\u0105gaczem. &#8211; Wsuwane kieszenie. &#8211; Regularna talia. &#8211; Elastyczna listwa w pasie. &#8211; Szeroko\u015b\u0107 w pasie: 34 cm. &#8211; Szeroko\u015b\u0107 w biodrach: 50 cm. &#8211; Wysoko\u015b\u0107 stanu: 31 cm. &#8211; Szeroko\u015b\u0107 nogawki na dole: 12 cm. &#8211; Szeroko\u015b\u0107 nogawki: 27 cm. &#8211; D\u0142ugo\u015b\u0107: 93 cm. &#8211; Wymiary podane dla rozmiaru: 36. Wz\u00f3r: aplikacja Materia\u0142: dzianina Talia: medium Fason: jogger Sk\u0142ad: Podszewka: 100 % Poliester, Materia\u0142 zasadniczy: 5 % Elastan, 27 % Poliamid, 68 % Wiskoza, Wstawki: 5 % Elastan, 95 % Wiskoza ID produktu: 4901-SPD08F Kod producenta: 201TP2292.S11781<\/p>\n","protected":false},"excerpt":{"rendered":"<p>Parametry produktu: cena: 649.9 PLN marka: TWINSET p\u0142e\u0107: Female kategoria: ONA \/ Odzie\u017c \/ Spodnie i legginsy \/ Dresowe kolor: kremowy Opis: Spodnie z kolekcji Twinset. Model wykonany z cienkiej,<\/p>\n","protected":false},"featured_media":21325,"comment_status":"closed","ping_status":"open","template":"","meta":[],"class_list":{"0":"post-21324","1":"product","2":"type-product","3":"status-publish","5":"hentry","6":"product_cat-dresowe","7":"product_cat-odziez","8":"product_cat-ona","9":"product_cat-spodnie-i-legginsy","10":"product_tag-twinset","11":"product_tag-twinset-spodnie"},"yoast_head":"<!-- This site is optimized with the Yoast SEO plugin v15.6.2 - https:\/\/yoast.com\/wordpress\/plugins\/seo\/ -->\n<title>Twinset - Spodnie<\/title>\n<meta name=\"robots\" content=\"index, follow, max-snippet:-1, max-image-preview:large, max-video-preview:-1\" \/>\n<link rel=\"canonical\" href=\"https:\/\/torebunia.pl\/sklep\/produkt\/twinset-spodnie-7\/\" \/>\n<meta property=\"og:locale\" content=\"pl_PL\" \/>\n<meta property=\"og:type\" content=\"article\" \/>\n<meta property=\"og:title\" content=\"Twinset - Spodnie\" \/>\n<meta property=\"og:description\" content=\"Parametry produktu: cena: 649.9 PLN marka: TWINSET p\u0142e\u0107: Female kategoria: ONA \/ Odzie\u017c \/ Spodnie i legginsy \/ Dresowe kolor: kremowy Opis: Spodnie z kolekcji Twinset. Model wykonany z cienkiej,\" \/>\n<meta property=\"og:url\" content=\"https:\/\/torebunia.pl\/sklep\/produkt\/twinset-spodnie-7\/\" \/>\n<meta property=\"og:site_name\" content=\"Moje Blog\" \/>\n<meta property=\"article:modified_time\" content=\"2021-01-27T16:20:06+00:00\" \/>\n<meta property=\"og:image\" content=\"https:\/\/torebunia.pl\/sklep\/wp-content\/uploads\/2021\/01\/8b76effd7a1d92de4b52698683076155b24dd3c3.jpg\" \/>\n\t<meta property=\"og:image:width\" content=\"855\" \/>\n\t<meta property=\"og:image:height\" content=\"1290\" \/>\n<meta name=\"twitter:card\" content=\"summary_large_image\" \/>\n<meta name=\"twitter:label1\" content=\"Est. reading time\">\n\t<meta name=\"twitter:data1\" content=\"1 minuta\">\n<script type=\"application\/ld+json\" class=\"yoast-schema-graph\">{\"@context\":\"https:\/\/schema.org\",\"@graph\":[{\"@type\":\"WebSite\",\"@id\":\"https:\/\/torebunia.pl\/sklep\/#website\",\"url\":\"https:\/\/torebunia.pl\/sklep\/\",\"name\":\"Moje Blog\",\"description\":\"Kolejna witryna WordPress\",\"potentialAction\":[{\"@type\":\"SearchAction\",\"target\":\"https:\/\/torebunia.pl\/sklep\/?s={search_term_string}\",\"query-input\":\"required name=search_term_string\"}],\"inLanguage\":\"pl-PL\"},{\"@type\":\"ImageObject\",\"@id\":\"https:\/\/torebunia.pl\/sklep\/produkt\/twinset-spodnie-7\/#primaryimage\",\"inLanguage\":\"pl-PL\",\"url\":\"https:\/\/torebunia.pl\/sklep\/wp-content\/uploads\/2021\/01\/8b76effd7a1d92de4b52698683076155b24dd3c3.jpg\",\"width\":855,\"height\":1290,\"caption\":\"Twinset - Spodnie\"},{\"@type\":\"WebPage\",\"@id\":\"https:\/\/torebunia.pl\/sklep\/produkt\/twinset-spodnie-7\/#webpage\",\"url\":\"https:\/\/torebunia.pl\/sklep\/produkt\/twinset-spodnie-7\/\",\"name\":\"Twinset - Spodnie\",\"isPartOf\":{\"@id\":\"https:\/\/torebunia.pl\/sklep\/#website\"},\"primaryImageOfPage\":{\"@id\":\"https:\/\/torebunia.pl\/sklep\/produkt\/twinset-spodnie-7\/#primaryimage\"},\"datePublished\":\"2020-08-14T09:23:17+00:00\",\"dateModified\":\"2021-01-27T16:20:06+00:00\",\"inLanguage\":\"pl-PL\",\"potentialAction\":[{\"@type\":\"ReadAction\",\"target\":[\"https:\/\/torebunia.pl\/sklep\/produkt\/twinset-spodnie-7\/\"]}]}]}<\/script>\n<!-- \/ Yoast SEO plugin. -->","_links":{"self":[{"href":"https:\/\/torebunia.pl\/sklep\/wp-json\/wp\/v2\/product\/21324","targetHints":{"allow":["GET"]}}],"collection":[{"href":"https:\/\/torebunia.pl\/sklep\/wp-json\/wp\/v2\/product"}],"about":[{"href":"https:\/\/torebunia.pl\/sklep\/wp-json\/wp\/v2\/types\/product"}],"replies":[{"embeddable":true,"href":"https:\/\/torebunia.pl\/sklep\/wp-json\/wp\/v2\/comments?post=21324"}],"wp:featuredmedia":[{"embeddable":true,"href":"https:\/\/torebunia.pl\/sklep\/wp-json\/wp\/v2\/media\/21325"}],"wp:attachment":[{"href":"https:\/\/torebunia.pl\/sklep\/wp-json\/wp\/v2\/media?parent=21324"}],"curies":[{"name":"wp","href":"https:\/\/api.w.org\/{rel}","templated":true}]}}