{"id":21246,"date":"2021-01-24T13:04:25","date_gmt":"2021-01-24T13:04:25","guid":{"rendered":"https:\/\/torebunia.pl\/sklep\/produkt\/medicine-koszula-artisanatura\/"},"modified":"2021-01-27T16:17:38","modified_gmt":"2021-01-27T16:17:38","slug":"medicine-koszula-artisanatura","status":"publish","type":"product","link":"https:\/\/torebunia.pl\/sklep\/produkt\/medicine-koszula-artisanatura\/","title":{"rendered":"Medicine &#8211; Koszula Artisanatura"},"content":{"rendered":"<p>Parametry produktu:<\/p>\n<ul>\n<li>cena: <strong>79.9 PLN<\/strong><\/li>\n<li>marka: <strong>MEDICINE<\/strong><\/li>\n<li>p\u0142e\u0107: <strong>Female<\/strong><\/li>\n<li>kategoria: <strong>ONA \/ Odzie\u017c \/ Bluzki i koszule \/ Koszule<\/strong><\/li>\n<li>kolor: <strong>kremowy<\/strong><\/li>\n<\/ul>\n<p>Opis:<br \/>\nKoszula z kolekcji Medicine. Model wykonany z wzorzystej tkaniny. &#8211; Prosty fason. &#8211; Spiczasty dekolt. &#8211; R\u0119kaw trzy czwarte. &#8211; Wzorzysta tkanina. &#8211; Szeroko\u015b\u0107 pod pachami: 53 cm. &#8211; D\u0142ugo\u015b\u0107: 62 cm. &#8211; Wymiary podane dla rozmiaru: S. Wz\u00f3r: wzorzyste R\u0119kaw: trzy czwarte Okazje: casual Ko\u0142nierzyk: brak ko\u0142nierzyka Sk\u0142ad: 100 % Wiskoza ID produktu: 6910-BDD605 Kod producenta: RW19.BDD605<\/p>\n","protected":false},"excerpt":{"rendered":"<p>Parametry produktu: cena: 79.9 PLN marka: MEDICINE p\u0142e\u0107: Female kategoria: ONA \/ Odzie\u017c \/ Bluzki i koszule \/ Koszule kolor: kremowy Opis: Koszula z kolekcji Medicine. Model wykonany z wzorzystej<\/p>\n","protected":false},"featured_media":21247,"comment_status":"closed","ping_status":"open","template":"","meta":[],"class_list":{"0":"post-21246","1":"product","2":"type-product","3":"status-publish","5":"hentry","6":"product_cat-bluzki-i-koszule","7":"product_cat-koszule","8":"product_cat-odziez","9":"product_cat-ona","10":"product_tag-medicine","11":"product_tag-medicine-koszula-artisanatura"},"yoast_head":"<!-- This site is optimized with the Yoast SEO plugin v15.6.2 - https:\/\/yoast.com\/wordpress\/plugins\/seo\/ -->\n<title>Medicine - Koszula Artisanatura<\/title>\n<meta name=\"robots\" content=\"index, follow, max-snippet:-1, max-image-preview:large, max-video-preview:-1\" \/>\n<link rel=\"canonical\" href=\"https:\/\/torebunia.pl\/sklep\/produkt\/medicine-koszula-artisanatura\/\" \/>\n<meta property=\"og:locale\" content=\"pl_PL\" \/>\n<meta property=\"og:type\" content=\"article\" \/>\n<meta property=\"og:title\" content=\"Medicine - Koszula Artisanatura\" \/>\n<meta property=\"og:description\" content=\"Parametry produktu: cena: 79.9 PLN marka: MEDICINE p\u0142e\u0107: Female kategoria: ONA \/ Odzie\u017c \/ Bluzki i koszule \/ Koszule kolor: kremowy Opis: Koszula z kolekcji Medicine. Model wykonany z wzorzystej\" \/>\n<meta property=\"og:url\" content=\"https:\/\/torebunia.pl\/sklep\/produkt\/medicine-koszula-artisanatura\/\" \/>\n<meta property=\"og:site_name\" content=\"Moje Blog\" \/>\n<meta property=\"article:modified_time\" content=\"2021-01-27T16:17:38+00:00\" \/>\n<meta property=\"og:image\" content=\"https:\/\/torebunia.pl\/sklep\/wp-content\/uploads\/2021\/01\/e7f08f1655cf4e91ff6ad2a050b81704702e7590.jpg\" \/>\n\t<meta property=\"og:image:width\" content=\"855\" \/>\n\t<meta property=\"og:image:height\" content=\"1290\" \/>\n<meta name=\"twitter:card\" content=\"summary_large_image\" \/>\n<script type=\"application\/ld+json\" class=\"yoast-schema-graph\">{\"@context\":\"https:\/\/schema.org\",\"@graph\":[{\"@type\":\"WebSite\",\"@id\":\"https:\/\/torebunia.pl\/sklep\/#website\",\"url\":\"https:\/\/torebunia.pl\/sklep\/\",\"name\":\"Moje Blog\",\"description\":\"Kolejna witryna WordPress\",\"potentialAction\":[{\"@type\":\"SearchAction\",\"target\":\"https:\/\/torebunia.pl\/sklep\/?s={search_term_string}\",\"query-input\":\"required name=search_term_string\"}],\"inLanguage\":\"pl-PL\"},{\"@type\":\"ImageObject\",\"@id\":\"https:\/\/torebunia.pl\/sklep\/produkt\/medicine-koszula-artisanatura\/#primaryimage\",\"inLanguage\":\"pl-PL\",\"url\":\"https:\/\/torebunia.pl\/sklep\/wp-content\/uploads\/2021\/01\/e7f08f1655cf4e91ff6ad2a050b81704702e7590.jpg\",\"width\":855,\"height\":1290,\"caption\":\"Medicine - Koszula Artisanatura\"},{\"@type\":\"WebPage\",\"@id\":\"https:\/\/torebunia.pl\/sklep\/produkt\/medicine-koszula-artisanatura\/#webpage\",\"url\":\"https:\/\/torebunia.pl\/sklep\/produkt\/medicine-koszula-artisanatura\/\",\"name\":\"Medicine - Koszula Artisanatura\",\"isPartOf\":{\"@id\":\"https:\/\/torebunia.pl\/sklep\/#website\"},\"primaryImageOfPage\":{\"@id\":\"https:\/\/torebunia.pl\/sklep\/produkt\/medicine-koszula-artisanatura\/#primaryimage\"},\"datePublished\":\"2021-01-24T13:04:25+00:00\",\"dateModified\":\"2021-01-27T16:17:38+00:00\",\"inLanguage\":\"pl-PL\",\"potentialAction\":[{\"@type\":\"ReadAction\",\"target\":[\"https:\/\/torebunia.pl\/sklep\/produkt\/medicine-koszula-artisanatura\/\"]}]}]}<\/script>\n<!-- \/ Yoast SEO plugin. -->","_links":{"self":[{"href":"https:\/\/torebunia.pl\/sklep\/wp-json\/wp\/v2\/product\/21246","targetHints":{"allow":["GET"]}}],"collection":[{"href":"https:\/\/torebunia.pl\/sklep\/wp-json\/wp\/v2\/product"}],"about":[{"href":"https:\/\/torebunia.pl\/sklep\/wp-json\/wp\/v2\/types\/product"}],"replies":[{"embeddable":true,"href":"https:\/\/torebunia.pl\/sklep\/wp-json\/wp\/v2\/comments?post=21246"}],"wp:featuredmedia":[{"embeddable":true,"href":"https:\/\/torebunia.pl\/sklep\/wp-json\/wp\/v2\/media\/21247"}],"wp:attachment":[{"href":"https:\/\/torebunia.pl\/sklep\/wp-json\/wp\/v2\/media?parent=21246"}],"curies":[{"name":"wp","href":"https:\/\/api.w.org\/{rel}","templated":true}]}}