{"id":21216,"date":"2021-01-19T15:02:28","date_gmt":"2021-01-19T15:02:28","guid":{"rendered":"https:\/\/torebunia.pl\/sklep\/produkt\/ea7-emporio-armani-buty-5\/"},"modified":"2021-01-27T16:16:42","modified_gmt":"2021-01-27T16:16:42","slug":"ea7-emporio-armani-buty-5","status":"publish","type":"product","link":"https:\/\/torebunia.pl\/sklep\/produkt\/ea7-emporio-armani-buty-5\/","title":{"rendered":"EA7 Emporio Armani &#8211; Buty"},"content":{"rendered":"<p>Parametry produktu:<\/p>\n<ul>\n<li>cena: <strong>679.9 PLN<\/strong><\/li>\n<li>marka: <strong>EA7 Emporio Armani<\/strong><\/li>\n<li>p\u0142e\u0107: <strong>Female<\/strong><\/li>\n<li>kategoria: <strong>ONA \/ Obuwie \/ Sneakersy i sportowe \/ Sneakersy<\/strong><\/li>\n<li>kolor: <strong>grafitowy<\/strong><\/li>\n<\/ul>\n<p>Opis:<br \/>\nButy z kolekcji EA7 Emporio Armani. Model wykonany z po\u0142\u0105czenia materia\u0142u tekstylnego i syntetycznego. &#8211; Lekko usztywniony nosek. &#8211; Antypo\u015blizgowa, stabilna podeszwa. &#8211; Usztywniony zapi\u0119tek. &#8211; D\u0142ugo\u015b\u0107 wk\u0142adki wynosi: 25 cm. &#8211; Wymiary podane dla rozmiaru: 39 1\/3. Materia\u0142: tekstylny Obcas: p\u0142aski Sk\u0142ad: Cholewka: Materia\u0142 syntetyczny, Materia\u0142 tekstylny, Wn\u0119trze: Materia\u0142 syntetyczny, Materia\u0142 tekstylny, Podeszwa: Materia\u0142 syntetyczny, ID produktu: 4910-OBD0RJ Kod producenta: XCC05.X8X023.D<\/p>\n","protected":false},"excerpt":{"rendered":"<p>Parametry produktu: cena: 679.9 PLN marka: EA7 Emporio Armani p\u0142e\u0107: Female kategoria: ONA \/ Obuwie \/ Sneakersy i sportowe \/ Sneakersy kolor: grafitowy Opis: Buty z kolekcji EA7 Emporio Armani.<\/p>\n","protected":false},"featured_media":21217,"comment_status":"closed","ping_status":"open","template":"","meta":[],"class_list":{"0":"post-21216","1":"product","2":"type-product","3":"status-publish","5":"hentry","6":"product_cat-obuwie","7":"product_cat-ona","8":"product_cat-sneakersy","9":"product_cat-sneakersy-i-sportowe","10":"product_tag-ea7-emporio-armani","11":"product_tag-ea7-emporio-armani-buty"},"yoast_head":"<!-- This site is optimized with the Yoast SEO plugin v15.6.2 - https:\/\/yoast.com\/wordpress\/plugins\/seo\/ -->\n<title>EA7 Emporio Armani - Buty<\/title>\n<meta name=\"robots\" content=\"index, follow, max-snippet:-1, max-image-preview:large, max-video-preview:-1\" \/>\n<link rel=\"canonical\" href=\"https:\/\/torebunia.pl\/sklep\/produkt\/ea7-emporio-armani-buty-5\/\" \/>\n<meta property=\"og:locale\" content=\"pl_PL\" \/>\n<meta property=\"og:type\" content=\"article\" \/>\n<meta property=\"og:title\" content=\"EA7 Emporio Armani - Buty\" \/>\n<meta property=\"og:description\" content=\"Parametry produktu: cena: 679.9 PLN marka: EA7 Emporio Armani p\u0142e\u0107: Female kategoria: ONA \/ Obuwie \/ Sneakersy i sportowe \/ Sneakersy kolor: grafitowy Opis: Buty z kolekcji EA7 Emporio Armani.\" \/>\n<meta property=\"og:url\" content=\"https:\/\/torebunia.pl\/sklep\/produkt\/ea7-emporio-armani-buty-5\/\" \/>\n<meta property=\"og:site_name\" content=\"Moje Blog\" \/>\n<meta property=\"article:modified_time\" content=\"2021-01-27T16:16:42+00:00\" \/>\n<meta property=\"og:image\" content=\"https:\/\/torebunia.pl\/sklep\/wp-content\/uploads\/2021\/01\/6ea7e3be42bb94310e4ed694243898fef5e385aa.jpg\" \/>\n\t<meta property=\"og:image:width\" content=\"855\" \/>\n\t<meta property=\"og:image:height\" content=\"1290\" \/>\n<meta name=\"twitter:card\" content=\"summary_large_image\" \/>\n<script type=\"application\/ld+json\" class=\"yoast-schema-graph\">{\"@context\":\"https:\/\/schema.org\",\"@graph\":[{\"@type\":\"WebSite\",\"@id\":\"https:\/\/torebunia.pl\/sklep\/#website\",\"url\":\"https:\/\/torebunia.pl\/sklep\/\",\"name\":\"Moje Blog\",\"description\":\"Kolejna witryna WordPress\",\"potentialAction\":[{\"@type\":\"SearchAction\",\"target\":\"https:\/\/torebunia.pl\/sklep\/?s={search_term_string}\",\"query-input\":\"required name=search_term_string\"}],\"inLanguage\":\"pl-PL\"},{\"@type\":\"ImageObject\",\"@id\":\"https:\/\/torebunia.pl\/sklep\/produkt\/ea7-emporio-armani-buty-5\/#primaryimage\",\"inLanguage\":\"pl-PL\",\"url\":\"https:\/\/torebunia.pl\/sklep\/wp-content\/uploads\/2021\/01\/6ea7e3be42bb94310e4ed694243898fef5e385aa.jpg\",\"width\":855,\"height\":1290,\"caption\":\"EA7 Emporio Armani - Buty\"},{\"@type\":\"WebPage\",\"@id\":\"https:\/\/torebunia.pl\/sklep\/produkt\/ea7-emporio-armani-buty-5\/#webpage\",\"url\":\"https:\/\/torebunia.pl\/sklep\/produkt\/ea7-emporio-armani-buty-5\/\",\"name\":\"EA7 Emporio Armani - Buty\",\"isPartOf\":{\"@id\":\"https:\/\/torebunia.pl\/sklep\/#website\"},\"primaryImageOfPage\":{\"@id\":\"https:\/\/torebunia.pl\/sklep\/produkt\/ea7-emporio-armani-buty-5\/#primaryimage\"},\"datePublished\":\"2021-01-19T15:02:28+00:00\",\"dateModified\":\"2021-01-27T16:16:42+00:00\",\"inLanguage\":\"pl-PL\",\"potentialAction\":[{\"@type\":\"ReadAction\",\"target\":[\"https:\/\/torebunia.pl\/sklep\/produkt\/ea7-emporio-armani-buty-5\/\"]}]}]}<\/script>\n<!-- \/ Yoast SEO plugin. -->","_links":{"self":[{"href":"https:\/\/torebunia.pl\/sklep\/wp-json\/wp\/v2\/product\/21216","targetHints":{"allow":["GET"]}}],"collection":[{"href":"https:\/\/torebunia.pl\/sklep\/wp-json\/wp\/v2\/product"}],"about":[{"href":"https:\/\/torebunia.pl\/sklep\/wp-json\/wp\/v2\/types\/product"}],"replies":[{"embeddable":true,"href":"https:\/\/torebunia.pl\/sklep\/wp-json\/wp\/v2\/comments?post=21216"}],"wp:featuredmedia":[{"embeddable":true,"href":"https:\/\/torebunia.pl\/sklep\/wp-json\/wp\/v2\/media\/21217"}],"wp:attachment":[{"href":"https:\/\/torebunia.pl\/sklep\/wp-json\/wp\/v2\/media?parent=21216"}],"curies":[{"name":"wp","href":"https:\/\/api.w.org\/{rel}","templated":true}]}}