{"id":21126,"date":"2020-11-26T14:37:00","date_gmt":"2020-11-26T14:37:00","guid":{"rendered":"https:\/\/torebunia.pl\/sklep\/produkt\/calvin-klein-torebka-8\/"},"modified":"2021-01-27T16:13:46","modified_gmt":"2021-01-27T16:13:46","slug":"calvin-klein-torebka-8","status":"publish","type":"product","link":"https:\/\/torebunia.pl\/sklep\/produkt\/calvin-klein-torebka-8\/","title":{"rendered":"Calvin Klein &#8211; Torebka"},"content":{"rendered":"<p>Parametry produktu:<\/p>\n<ul>\n<li>cena: <strong>699.9 PLN<\/strong><\/li>\n<li>marka: <strong>Calvin Klein<\/strong><\/li>\n<li>p\u0142e\u0107: <strong>Female<\/strong><\/li>\n<li>kategoria: <strong>ONA \/ Akcesoria \/ Torebki \/ Shopper i tote<\/strong><\/li>\n<li>kolor: <strong>brudny br\u0105zowy<\/strong><\/li>\n<\/ul>\n<p>Opis:<br \/>\nDu\u017ca torebka z kolekcji Calvin Klein. zapinany wykonany ze sk\u00f3ry ekologicznej. &#8211; Zapi\u0119cie na suwak. &#8211; Wewn\u0105trz dodatkowe kieszenie. &#8211; D\u0142ugie uchwyty. &#8211; Mie\u015bci format A4. &#8211; G\u0142\u0119boko\u015b\u0107: 11 cm. &#8211; Wysoko\u015b\u0107: 29 cm. &#8211; Szeroko\u015b\u0107 u podstawy: 35 cm. &#8211; D\u0142ugo\u015b\u0107 uchwyt\u00f3w: 60 cm. Wz\u00f3r: wzorzyste Wielko\u015b\u0107: mie\u015bci A4 Materia\u0142: imitacja sk\u00f3ry licowej Pasek: bez paska Sk\u0142ad: 100 % Poliuretan ID produktu: 4900-TOD0AI Kod producenta: K60K607427<\/p>\n","protected":false},"excerpt":{"rendered":"<p>Parametry produktu: cena: 699.9 PLN marka: Calvin Klein p\u0142e\u0107: Female kategoria: ONA \/ Akcesoria \/ Torebki \/ Shopper i tote kolor: brudny br\u0105zowy Opis: Du\u017ca torebka z kolekcji Calvin Klein.<\/p>\n","protected":false},"featured_media":21127,"comment_status":"closed","ping_status":"open","template":"","meta":[],"class_list":{"0":"post-21126","1":"product","2":"type-product","3":"status-publish","5":"hentry","6":"product_cat-akcesoria","7":"product_cat-ona","8":"product_cat-shopper-i-tote","9":"product_cat-torebki","10":"product_tag-calvin-klein","11":"product_tag-calvin-klein-torebka"},"yoast_head":"<!-- This site is optimized with the Yoast SEO plugin v15.6.2 - https:\/\/yoast.com\/wordpress\/plugins\/seo\/ -->\n<title>Calvin Klein - Torebka<\/title>\n<meta name=\"robots\" content=\"index, follow, max-snippet:-1, max-image-preview:large, max-video-preview:-1\" \/>\n<link rel=\"canonical\" href=\"https:\/\/torebunia.pl\/sklep\/produkt\/calvin-klein-torebka-8\/\" \/>\n<meta property=\"og:locale\" content=\"pl_PL\" \/>\n<meta property=\"og:type\" content=\"article\" \/>\n<meta property=\"og:title\" content=\"Calvin Klein - Torebka\" \/>\n<meta property=\"og:description\" content=\"Parametry produktu: cena: 699.9 PLN marka: Calvin Klein p\u0142e\u0107: Female kategoria: ONA \/ Akcesoria \/ Torebki \/ Shopper i tote kolor: brudny br\u0105zowy Opis: Du\u017ca torebka z kolekcji Calvin Klein.\" \/>\n<meta property=\"og:url\" content=\"https:\/\/torebunia.pl\/sklep\/produkt\/calvin-klein-torebka-8\/\" \/>\n<meta property=\"og:site_name\" content=\"Moje Blog\" \/>\n<meta property=\"article:modified_time\" content=\"2021-01-27T16:13:46+00:00\" \/>\n<meta property=\"og:image\" content=\"https:\/\/torebunia.pl\/sklep\/wp-content\/uploads\/2021\/01\/e0b263e589e92db65bfcf6e151b1b985d4bc0a2a.jpg\" \/>\n\t<meta property=\"og:image:width\" content=\"855\" \/>\n\t<meta property=\"og:image:height\" content=\"1290\" \/>\n<meta name=\"twitter:card\" content=\"summary_large_image\" \/>\n<script type=\"application\/ld+json\" class=\"yoast-schema-graph\">{\"@context\":\"https:\/\/schema.org\",\"@graph\":[{\"@type\":\"WebSite\",\"@id\":\"https:\/\/torebunia.pl\/sklep\/#website\",\"url\":\"https:\/\/torebunia.pl\/sklep\/\",\"name\":\"Moje Blog\",\"description\":\"Kolejna witryna WordPress\",\"potentialAction\":[{\"@type\":\"SearchAction\",\"target\":\"https:\/\/torebunia.pl\/sklep\/?s={search_term_string}\",\"query-input\":\"required name=search_term_string\"}],\"inLanguage\":\"pl-PL\"},{\"@type\":\"ImageObject\",\"@id\":\"https:\/\/torebunia.pl\/sklep\/produkt\/calvin-klein-torebka-8\/#primaryimage\",\"inLanguage\":\"pl-PL\",\"url\":\"https:\/\/torebunia.pl\/sklep\/wp-content\/uploads\/2021\/01\/e0b263e589e92db65bfcf6e151b1b985d4bc0a2a.jpg\",\"width\":855,\"height\":1290,\"caption\":\"Calvin Klein - Torebka\"},{\"@type\":\"WebPage\",\"@id\":\"https:\/\/torebunia.pl\/sklep\/produkt\/calvin-klein-torebka-8\/#webpage\",\"url\":\"https:\/\/torebunia.pl\/sklep\/produkt\/calvin-klein-torebka-8\/\",\"name\":\"Calvin Klein - Torebka\",\"isPartOf\":{\"@id\":\"https:\/\/torebunia.pl\/sklep\/#website\"},\"primaryImageOfPage\":{\"@id\":\"https:\/\/torebunia.pl\/sklep\/produkt\/calvin-klein-torebka-8\/#primaryimage\"},\"datePublished\":\"2020-11-26T14:37:00+00:00\",\"dateModified\":\"2021-01-27T16:13:46+00:00\",\"inLanguage\":\"pl-PL\",\"potentialAction\":[{\"@type\":\"ReadAction\",\"target\":[\"https:\/\/torebunia.pl\/sklep\/produkt\/calvin-klein-torebka-8\/\"]}]}]}<\/script>\n<!-- \/ Yoast SEO plugin. -->","_links":{"self":[{"href":"https:\/\/torebunia.pl\/sklep\/wp-json\/wp\/v2\/product\/21126","targetHints":{"allow":["GET"]}}],"collection":[{"href":"https:\/\/torebunia.pl\/sklep\/wp-json\/wp\/v2\/product"}],"about":[{"href":"https:\/\/torebunia.pl\/sklep\/wp-json\/wp\/v2\/types\/product"}],"replies":[{"embeddable":true,"href":"https:\/\/torebunia.pl\/sklep\/wp-json\/wp\/v2\/comments?post=21126"}],"wp:featuredmedia":[{"embeddable":true,"href":"https:\/\/torebunia.pl\/sklep\/wp-json\/wp\/v2\/media\/21127"}],"wp:attachment":[{"href":"https:\/\/torebunia.pl\/sklep\/wp-json\/wp\/v2\/media?parent=21126"}],"curies":[{"name":"wp","href":"https:\/\/api.w.org\/{rel}","templated":true}]}}