{"id":21038,"date":"2020-07-20T08:01:44","date_gmt":"2020-07-20T08:01:44","guid":{"rendered":"https:\/\/torebunia.pl\/sklep\/produkt\/only-szorty-14\/"},"modified":"2021-01-27T16:10:36","modified_gmt":"2021-01-27T16:10:36","slug":"only-szorty-14","status":"publish","type":"product","link":"https:\/\/torebunia.pl\/sklep\/produkt\/only-szorty-14\/","title":{"rendered":"Only &#8211; Szorty"},"content":{"rendered":"<p>Parametry produktu:<\/p>\n<ul>\n<li>cena: <strong>119.9 PLN<\/strong><\/li>\n<li>marka: <strong>Only<\/strong><\/li>\n<li>p\u0142e\u0107: <strong>Female<\/strong><\/li>\n<li>kategoria: <strong>ONA \/ Odzie\u017c \/ Szorty<\/strong><\/li>\n<li>kolor: <strong>szary<\/strong><\/li>\n<\/ul>\n<p>Opis:<br \/>\nSzorty z kolekcji Only. Model wykonany z g\u0142adkiego materia\u0142u. &#8211; Lu\u017any fason. &#8211; Wsuwane kieszenie. &#8211; Podwy\u017cszony stan. &#8211; W pasie szeroka, elastyczna listwa. &#8211; Wi\u0105zanie w talii. &#8211; Zapi\u0119cie na zamek i haftk\u0119. &#8211; Szeroko\u015b\u0107 w pasie: 36 cm. &#8211; Wysoko\u015b\u0107 stanu: 31 cm. &#8211; Szeroko\u015b\u0107 nogawki: 28 cm. &#8211; D\u0142ugo\u015b\u0107: 44 cm. &#8211; Wymiary podane dla rozmiaru: 36. Wz\u00f3r: g\u0142adkie Materia\u0142: tkanina Okazje: casual Talia: high Sk\u0142ad: 100 % Lyocell ID produktu: 4921-SZD03C Kod producenta: 15151645<\/p>\n","protected":false},"excerpt":{"rendered":"<p>Parametry produktu: cena: 119.9 PLN marka: Only p\u0142e\u0107: Female kategoria: ONA \/ Odzie\u017c \/ Szorty kolor: szary Opis: Szorty z kolekcji Only. Model wykonany z g\u0142adkiego materia\u0142u. &#8211; Lu\u017any fason.<\/p>\n","protected":false},"featured_media":21039,"comment_status":"closed","ping_status":"open","template":"","meta":[],"class_list":{"0":"post-21038","1":"product","2":"type-product","3":"status-publish","5":"hentry","6":"product_cat-odziez","7":"product_cat-ona","8":"product_cat-szorty","9":"product_tag-only","10":"product_tag-only-szorty"},"yoast_head":"<!-- This site is optimized with the Yoast SEO plugin v15.6.2 - https:\/\/yoast.com\/wordpress\/plugins\/seo\/ -->\n<title>Only - Szorty<\/title>\n<meta name=\"robots\" content=\"index, follow, max-snippet:-1, max-image-preview:large, max-video-preview:-1\" \/>\n<link rel=\"canonical\" href=\"https:\/\/torebunia.pl\/sklep\/produkt\/only-szorty-14\/\" \/>\n<meta property=\"og:locale\" content=\"pl_PL\" \/>\n<meta property=\"og:type\" content=\"article\" \/>\n<meta property=\"og:title\" content=\"Only - Szorty\" \/>\n<meta property=\"og:description\" content=\"Parametry produktu: cena: 119.9 PLN marka: Only p\u0142e\u0107: Female kategoria: ONA \/ Odzie\u017c \/ Szorty kolor: szary Opis: Szorty z kolekcji Only. Model wykonany z g\u0142adkiego materia\u0142u. &#8211; Lu\u017any fason.\" \/>\n<meta property=\"og:url\" content=\"https:\/\/torebunia.pl\/sklep\/produkt\/only-szorty-14\/\" \/>\n<meta property=\"og:site_name\" content=\"Moje Blog\" \/>\n<meta property=\"article:modified_time\" content=\"2021-01-27T16:10:36+00:00\" \/>\n<meta property=\"og:image\" content=\"https:\/\/torebunia.pl\/sklep\/wp-content\/uploads\/2021\/01\/296b29eee6c765a40d7d29d544b537555c374448.jpg\" \/>\n\t<meta property=\"og:image:width\" content=\"855\" \/>\n\t<meta property=\"og:image:height\" content=\"1290\" \/>\n<meta name=\"twitter:card\" content=\"summary_large_image\" \/>\n<script type=\"application\/ld+json\" class=\"yoast-schema-graph\">{\"@context\":\"https:\/\/schema.org\",\"@graph\":[{\"@type\":\"WebSite\",\"@id\":\"https:\/\/torebunia.pl\/sklep\/#website\",\"url\":\"https:\/\/torebunia.pl\/sklep\/\",\"name\":\"Moje Blog\",\"description\":\"Kolejna witryna WordPress\",\"potentialAction\":[{\"@type\":\"SearchAction\",\"target\":\"https:\/\/torebunia.pl\/sklep\/?s={search_term_string}\",\"query-input\":\"required name=search_term_string\"}],\"inLanguage\":\"pl-PL\"},{\"@type\":\"ImageObject\",\"@id\":\"https:\/\/torebunia.pl\/sklep\/produkt\/only-szorty-14\/#primaryimage\",\"inLanguage\":\"pl-PL\",\"url\":\"https:\/\/torebunia.pl\/sklep\/wp-content\/uploads\/2021\/01\/296b29eee6c765a40d7d29d544b537555c374448.jpg\",\"width\":855,\"height\":1290,\"caption\":\"Only - Szorty\"},{\"@type\":\"WebPage\",\"@id\":\"https:\/\/torebunia.pl\/sklep\/produkt\/only-szorty-14\/#webpage\",\"url\":\"https:\/\/torebunia.pl\/sklep\/produkt\/only-szorty-14\/\",\"name\":\"Only - Szorty\",\"isPartOf\":{\"@id\":\"https:\/\/torebunia.pl\/sklep\/#website\"},\"primaryImageOfPage\":{\"@id\":\"https:\/\/torebunia.pl\/sklep\/produkt\/only-szorty-14\/#primaryimage\"},\"datePublished\":\"2020-07-20T08:01:44+00:00\",\"dateModified\":\"2021-01-27T16:10:36+00:00\",\"inLanguage\":\"pl-PL\",\"potentialAction\":[{\"@type\":\"ReadAction\",\"target\":[\"https:\/\/torebunia.pl\/sklep\/produkt\/only-szorty-14\/\"]}]}]}<\/script>\n<!-- \/ Yoast SEO plugin. -->","_links":{"self":[{"href":"https:\/\/torebunia.pl\/sklep\/wp-json\/wp\/v2\/product\/21038","targetHints":{"allow":["GET"]}}],"collection":[{"href":"https:\/\/torebunia.pl\/sklep\/wp-json\/wp\/v2\/product"}],"about":[{"href":"https:\/\/torebunia.pl\/sklep\/wp-json\/wp\/v2\/types\/product"}],"replies":[{"embeddable":true,"href":"https:\/\/torebunia.pl\/sklep\/wp-json\/wp\/v2\/comments?post=21038"}],"wp:featuredmedia":[{"embeddable":true,"href":"https:\/\/torebunia.pl\/sklep\/wp-json\/wp\/v2\/media\/21039"}],"wp:attachment":[{"href":"https:\/\/torebunia.pl\/sklep\/wp-json\/wp\/v2\/media?parent=21038"}],"curies":[{"name":"wp","href":"https:\/\/api.w.org\/{rel}","templated":true}]}}