{"id":21032,"date":"2020-08-01T06:04:29","date_gmt":"2020-08-01T06:04:29","guid":{"rendered":"https:\/\/torebunia.pl\/sklep\/produkt\/havaianas-espadryle\/"},"modified":"2021-01-27T16:10:24","modified_gmt":"2021-01-27T16:10:24","slug":"havaianas-espadryle","status":"publish","type":"product","link":"https:\/\/torebunia.pl\/sklep\/produkt\/havaianas-espadryle\/","title":{"rendered":"Havaianas &#8211; Espadryle"},"content":{"rendered":"<p>Parametry produktu:<\/p>\n<ul>\n<li>cena: <strong>129.9 PLN<\/strong><\/li>\n<li>marka: <strong>Havaianas<\/strong><\/li>\n<li>p\u0142e\u0107: <strong>Female<\/strong><\/li>\n<li>kategoria: <strong>ONA \/ Obuwie \/ Espadryle<\/strong><\/li>\n<li>kolor: <strong>niebieski<\/strong><\/li>\n<\/ul>\n<p>Opis:<br \/>\nEspadryle z kolekcji Havaianas. Model wykonany z materia\u0142u tekstylnego. Zamawiany rozmiar mo\u017ce r\u00f3\u017cni\u0107 si\u0119 od widocznego na metce. Dla pewno\u015bci prosimy o zapoznanie si\u0119 z tabel\u0105 rozmiarow\u0105. &#8211; G\u0142adki materia\u0142. &#8211; Okr\u0105g\u0142y, mi\u0119kki nosek. &#8211; Stabilna podeszwa. &#8211; Mi\u0119kki zapi\u0119tek. &#8211; Tekstylne wn\u0119trze. Materia\u0142: tekstylny Obcas: p\u0142aski Sk\u0142ad: Cholewka: Materia\u0142 tekstylny Wn\u0119trze: Materia\u0142 tekstylny Podeszwa: Materia\u0142 syntetyczny ID produktu: 4931-OBDG26 Kod producenta: 4136561.0031<\/p>\n","protected":false},"excerpt":{"rendered":"<p>Parametry produktu: cena: 129.9 PLN marka: Havaianas p\u0142e\u0107: Female kategoria: ONA \/ Obuwie \/ Espadryle kolor: niebieski Opis: Espadryle z kolekcji Havaianas. Model wykonany z materia\u0142u tekstylnego. Zamawiany rozmiar mo\u017ce<\/p>\n","protected":false},"featured_media":21033,"comment_status":"closed","ping_status":"open","template":"","meta":[],"class_list":{"0":"post-21032","1":"product","2":"type-product","3":"status-publish","5":"hentry","6":"product_cat-espadryle","7":"product_cat-obuwie","8":"product_cat-ona","9":"product_tag-havaianas","10":"product_tag-havaianas-espadryle"},"yoast_head":"<!-- This site is optimized with the Yoast SEO plugin v15.6.2 - https:\/\/yoast.com\/wordpress\/plugins\/seo\/ -->\n<title>Havaianas - Espadryle<\/title>\n<meta name=\"robots\" content=\"index, follow, max-snippet:-1, max-image-preview:large, max-video-preview:-1\" \/>\n<link rel=\"canonical\" href=\"https:\/\/torebunia.pl\/sklep\/produkt\/havaianas-espadryle\/\" \/>\n<meta property=\"og:locale\" content=\"pl_PL\" \/>\n<meta property=\"og:type\" content=\"article\" \/>\n<meta property=\"og:title\" content=\"Havaianas - Espadryle\" \/>\n<meta property=\"og:description\" content=\"Parametry produktu: cena: 129.9 PLN marka: Havaianas p\u0142e\u0107: Female kategoria: ONA \/ Obuwie \/ Espadryle kolor: niebieski Opis: Espadryle z kolekcji Havaianas. Model wykonany z materia\u0142u tekstylnego. Zamawiany rozmiar mo\u017ce\" \/>\n<meta property=\"og:url\" content=\"https:\/\/torebunia.pl\/sklep\/produkt\/havaianas-espadryle\/\" \/>\n<meta property=\"og:site_name\" content=\"Moje Blog\" \/>\n<meta property=\"article:modified_time\" content=\"2021-01-27T16:10:24+00:00\" \/>\n<meta property=\"og:image\" content=\"https:\/\/torebunia.pl\/sklep\/wp-content\/uploads\/2021\/01\/007941f03623d884dccd76cffaf478a769d6601e.jpg\" \/>\n\t<meta property=\"og:image:width\" content=\"855\" \/>\n\t<meta property=\"og:image:height\" content=\"1290\" \/>\n<meta name=\"twitter:card\" content=\"summary_large_image\" \/>\n<script type=\"application\/ld+json\" class=\"yoast-schema-graph\">{\"@context\":\"https:\/\/schema.org\",\"@graph\":[{\"@type\":\"WebSite\",\"@id\":\"https:\/\/torebunia.pl\/sklep\/#website\",\"url\":\"https:\/\/torebunia.pl\/sklep\/\",\"name\":\"Moje Blog\",\"description\":\"Kolejna witryna WordPress\",\"potentialAction\":[{\"@type\":\"SearchAction\",\"target\":\"https:\/\/torebunia.pl\/sklep\/?s={search_term_string}\",\"query-input\":\"required name=search_term_string\"}],\"inLanguage\":\"pl-PL\"},{\"@type\":\"ImageObject\",\"@id\":\"https:\/\/torebunia.pl\/sklep\/produkt\/havaianas-espadryle\/#primaryimage\",\"inLanguage\":\"pl-PL\",\"url\":\"https:\/\/torebunia.pl\/sklep\/wp-content\/uploads\/2021\/01\/007941f03623d884dccd76cffaf478a769d6601e.jpg\",\"width\":855,\"height\":1290,\"caption\":\"Havaianas - Espadryle\"},{\"@type\":\"WebPage\",\"@id\":\"https:\/\/torebunia.pl\/sklep\/produkt\/havaianas-espadryle\/#webpage\",\"url\":\"https:\/\/torebunia.pl\/sklep\/produkt\/havaianas-espadryle\/\",\"name\":\"Havaianas - Espadryle\",\"isPartOf\":{\"@id\":\"https:\/\/torebunia.pl\/sklep\/#website\"},\"primaryImageOfPage\":{\"@id\":\"https:\/\/torebunia.pl\/sklep\/produkt\/havaianas-espadryle\/#primaryimage\"},\"datePublished\":\"2020-08-01T06:04:29+00:00\",\"dateModified\":\"2021-01-27T16:10:24+00:00\",\"inLanguage\":\"pl-PL\",\"potentialAction\":[{\"@type\":\"ReadAction\",\"target\":[\"https:\/\/torebunia.pl\/sklep\/produkt\/havaianas-espadryle\/\"]}]}]}<\/script>\n<!-- \/ Yoast SEO plugin. -->","_links":{"self":[{"href":"https:\/\/torebunia.pl\/sklep\/wp-json\/wp\/v2\/product\/21032","targetHints":{"allow":["GET"]}}],"collection":[{"href":"https:\/\/torebunia.pl\/sklep\/wp-json\/wp\/v2\/product"}],"about":[{"href":"https:\/\/torebunia.pl\/sklep\/wp-json\/wp\/v2\/types\/product"}],"replies":[{"embeddable":true,"href":"https:\/\/torebunia.pl\/sklep\/wp-json\/wp\/v2\/comments?post=21032"}],"wp:featuredmedia":[{"embeddable":true,"href":"https:\/\/torebunia.pl\/sklep\/wp-json\/wp\/v2\/media\/21033"}],"wp:attachment":[{"href":"https:\/\/torebunia.pl\/sklep\/wp-json\/wp\/v2\/media?parent=21032"}],"curies":[{"name":"wp","href":"https:\/\/api.w.org\/{rel}","templated":true}]}}