{"id":21010,"date":"2020-12-26T09:32:59","date_gmt":"2020-12-26T09:32:59","guid":{"rendered":"https:\/\/torebunia.pl\/sklep\/produkt\/only-bluzka-18\/"},"modified":"2021-01-27T16:09:39","modified_gmt":"2021-01-27T16:09:39","slug":"only-bluzka-18","status":"publish","type":"product","link":"https:\/\/torebunia.pl\/sklep\/produkt\/only-bluzka-18\/","title":{"rendered":"Only &#8211; Bluzka"},"content":{"rendered":"<p>Parametry produktu:<\/p>\n<ul>\n<li>cena: <strong>129.9 PLN<\/strong><\/li>\n<li>marka: <strong>Only<\/strong><\/li>\n<li>p\u0142e\u0107: <strong>Female<\/strong><\/li>\n<li>kategoria: <strong>ONA \/ Odzie\u017c \/ Bluzki i koszule \/ Bluzki<\/strong><\/li>\n<li>kolor: <strong>bia\u0142y<\/strong><\/li>\n<\/ul>\n<p>Opis:<br \/>\nBluzka z kolekcji Only. Model wykonany z g\u0142adkiej tkaniny. Posiada spiczasty dekolt. &#8211; Lu\u017any fason. &#8211; Spiczasty dekolt. &#8211; Zapi\u0119cie na guziki. &#8211; Cienka, nieelastyczna tkanina. &#8211; Koronkowe wstawki. &#8211; Szeroko\u015b\u0107 pod pachami: 56,5 cm. &#8211; D\u0142ugo\u015b\u0107 r\u0119kawa: 61 cm. &#8211; D\u0142ugo\u015b\u0107: 55 cm. &#8211; Wymiary podane dla rozmiaru: 36. Wz\u00f3r: g\u0142adkie Dekolt: szpic R\u0119kaw: d\u0142ugi Sk\u0142ad: Materia\u0142 zasadniczy: 62 % Poliester z recyklingu, 38 % Poliester, Wstawki: 10 % Elastan, 90 % Poliester ID produktu: 4901-BUD003 Kod producenta: 15191347<\/p>\n","protected":false},"excerpt":{"rendered":"<p>Parametry produktu: cena: 129.9 PLN marka: Only p\u0142e\u0107: Female kategoria: ONA \/ Odzie\u017c \/ Bluzki i koszule \/ Bluzki kolor: bia\u0142y Opis: Bluzka z kolekcji Only. Model wykonany z g\u0142adkiej<\/p>\n","protected":false},"featured_media":21011,"comment_status":"closed","ping_status":"open","template":"","meta":[],"class_list":{"0":"post-21010","1":"product","2":"type-product","3":"status-publish","5":"hentry","6":"product_cat-bluzki","7":"product_cat-bluzki-i-koszule","8":"product_cat-odziez","9":"product_cat-ona","10":"product_tag-only","11":"product_tag-only-bluzka"},"yoast_head":"<!-- This site is optimized with the Yoast SEO plugin v15.6.2 - https:\/\/yoast.com\/wordpress\/plugins\/seo\/ -->\n<title>Only - Bluzka<\/title>\n<meta name=\"robots\" content=\"index, follow, max-snippet:-1, max-image-preview:large, max-video-preview:-1\" \/>\n<link rel=\"canonical\" href=\"https:\/\/torebunia.pl\/sklep\/produkt\/only-bluzka-18\/\" \/>\n<meta property=\"og:locale\" content=\"pl_PL\" \/>\n<meta property=\"og:type\" content=\"article\" \/>\n<meta property=\"og:title\" content=\"Only - Bluzka\" \/>\n<meta property=\"og:description\" content=\"Parametry produktu: cena: 129.9 PLN marka: Only p\u0142e\u0107: Female kategoria: ONA \/ Odzie\u017c \/ Bluzki i koszule \/ Bluzki kolor: bia\u0142y Opis: Bluzka z kolekcji Only. Model wykonany z g\u0142adkiej\" \/>\n<meta property=\"og:url\" content=\"https:\/\/torebunia.pl\/sklep\/produkt\/only-bluzka-18\/\" \/>\n<meta property=\"og:site_name\" content=\"Moje Blog\" \/>\n<meta property=\"article:modified_time\" content=\"2021-01-27T16:09:39+00:00\" \/>\n<meta property=\"og:image\" content=\"https:\/\/torebunia.pl\/sklep\/wp-content\/uploads\/2021\/01\/88b09416da1661032d8b5aa0128560a669b0c41a.jpg\" \/>\n\t<meta property=\"og:image:width\" content=\"855\" \/>\n\t<meta property=\"og:image:height\" content=\"1290\" \/>\n<meta name=\"twitter:card\" content=\"summary_large_image\" \/>\n<script type=\"application\/ld+json\" class=\"yoast-schema-graph\">{\"@context\":\"https:\/\/schema.org\",\"@graph\":[{\"@type\":\"WebSite\",\"@id\":\"https:\/\/torebunia.pl\/sklep\/#website\",\"url\":\"https:\/\/torebunia.pl\/sklep\/\",\"name\":\"Moje Blog\",\"description\":\"Kolejna witryna WordPress\",\"potentialAction\":[{\"@type\":\"SearchAction\",\"target\":\"https:\/\/torebunia.pl\/sklep\/?s={search_term_string}\",\"query-input\":\"required name=search_term_string\"}],\"inLanguage\":\"pl-PL\"},{\"@type\":\"ImageObject\",\"@id\":\"https:\/\/torebunia.pl\/sklep\/produkt\/only-bluzka-18\/#primaryimage\",\"inLanguage\":\"pl-PL\",\"url\":\"https:\/\/torebunia.pl\/sklep\/wp-content\/uploads\/2021\/01\/88b09416da1661032d8b5aa0128560a669b0c41a.jpg\",\"width\":855,\"height\":1290,\"caption\":\"Only - Bluzka\"},{\"@type\":\"WebPage\",\"@id\":\"https:\/\/torebunia.pl\/sklep\/produkt\/only-bluzka-18\/#webpage\",\"url\":\"https:\/\/torebunia.pl\/sklep\/produkt\/only-bluzka-18\/\",\"name\":\"Only - Bluzka\",\"isPartOf\":{\"@id\":\"https:\/\/torebunia.pl\/sklep\/#website\"},\"primaryImageOfPage\":{\"@id\":\"https:\/\/torebunia.pl\/sklep\/produkt\/only-bluzka-18\/#primaryimage\"},\"datePublished\":\"2020-12-26T09:32:59+00:00\",\"dateModified\":\"2021-01-27T16:09:39+00:00\",\"inLanguage\":\"pl-PL\",\"potentialAction\":[{\"@type\":\"ReadAction\",\"target\":[\"https:\/\/torebunia.pl\/sklep\/produkt\/only-bluzka-18\/\"]}]}]}<\/script>\n<!-- \/ Yoast SEO plugin. -->","_links":{"self":[{"href":"https:\/\/torebunia.pl\/sklep\/wp-json\/wp\/v2\/product\/21010","targetHints":{"allow":["GET"]}}],"collection":[{"href":"https:\/\/torebunia.pl\/sklep\/wp-json\/wp\/v2\/product"}],"about":[{"href":"https:\/\/torebunia.pl\/sklep\/wp-json\/wp\/v2\/types\/product"}],"replies":[{"embeddable":true,"href":"https:\/\/torebunia.pl\/sklep\/wp-json\/wp\/v2\/comments?post=21010"}],"wp:featuredmedia":[{"embeddable":true,"href":"https:\/\/torebunia.pl\/sklep\/wp-json\/wp\/v2\/media\/21011"}],"wp:attachment":[{"href":"https:\/\/torebunia.pl\/sklep\/wp-json\/wp\/v2\/media?parent=21010"}],"curies":[{"name":"wp","href":"https:\/\/api.w.org\/{rel}","templated":true}]}}