{"id":20974,"date":"2020-04-20T06:03:27","date_gmt":"2020-04-20T06:03:27","guid":{"rendered":"https:\/\/torebunia.pl\/sklep\/produkt\/etam-biustonosz-kapielowy-paradise\/"},"modified":"2021-01-27T16:08:33","modified_gmt":"2021-01-27T16:08:33","slug":"etam-biustonosz-kapielowy-paradise","status":"publish","type":"product","link":"https:\/\/torebunia.pl\/sklep\/produkt\/etam-biustonosz-kapielowy-paradise\/","title":{"rendered":"Etam &#8211; Biustonosz k\u0105pielowy Paradise"},"content":{"rendered":"<p>Parametry produktu:<\/p>\n<ul>\n<li>cena: <strong>129.9 PLN<\/strong><\/li>\n<li>marka: <strong>Etam<\/strong><\/li>\n<li>p\u0142e\u0107: <strong>Female<\/strong><\/li>\n<li>kategoria: <strong>ONA \/ Odzie\u017c \/ Stroje k\u0105pielowe \/ Dwucz\u0119\u015bciowe<\/strong><\/li>\n<li>kolor: <strong>zielony<\/strong><\/li>\n<\/ul>\n<p>Opis:<br \/>\nBiustonosz k\u0105pielowy z kolekcji Etam. Model wykonany z wzorzystego materia\u0142u. &#8211; Mi\u0119kka miseczka. &#8211; Model z wi\u0105zaniem umo\u017cliwiaj\u0105cym regulacj\u0119. &#8211; Nieregulowane, nieodpinane rami\u0105czka z wi\u0105zaniem na szyi. &#8211; Miseczka z wyjmowanymi wk\u0142adkami. Wz\u00f3r: wzorzyste Rodzaj: g\u00f3ra Miseczka: mi\u0119kka Miseczka: lekko usztywniana Miseczka: bez fiszbin\u00f3w Sk\u0142ad: Podszewka: 14 % Elastan, 86 % Poliamid, Materia\u0142 zasadniczy: 17 % Elastan, 83 % Poliamid, ID produktu: 4911-BID16T Kod producenta: 6508438<\/p>\n","protected":false},"excerpt":{"rendered":"<p>Parametry produktu: cena: 129.9 PLN marka: Etam p\u0142e\u0107: Female kategoria: ONA \/ Odzie\u017c \/ Stroje k\u0105pielowe \/ Dwucz\u0119\u015bciowe kolor: zielony Opis: Biustonosz k\u0105pielowy z kolekcji Etam. Model wykonany z wzorzystego<\/p>\n","protected":false},"featured_media":20975,"comment_status":"closed","ping_status":"open","template":"","meta":[],"class_list":{"0":"post-20974","1":"product","2":"type-product","3":"status-publish","5":"hentry","6":"product_cat-dwuczesciowe","7":"product_cat-odziez","8":"product_cat-ona","9":"product_cat-stroje-kapielowe","10":"product_tag-etam","11":"product_tag-etam-biustonosz-kapielowy-paradise"},"yoast_head":"<!-- This site is optimized with the Yoast SEO plugin v15.6.2 - https:\/\/yoast.com\/wordpress\/plugins\/seo\/ -->\n<title>Etam - Biustonosz k\u0105pielowy Paradise<\/title>\n<meta name=\"robots\" content=\"index, follow, max-snippet:-1, max-image-preview:large, max-video-preview:-1\" \/>\n<link rel=\"canonical\" href=\"https:\/\/torebunia.pl\/sklep\/produkt\/etam-biustonosz-kapielowy-paradise\/\" \/>\n<meta property=\"og:locale\" content=\"pl_PL\" \/>\n<meta property=\"og:type\" content=\"article\" \/>\n<meta property=\"og:title\" content=\"Etam - Biustonosz k\u0105pielowy Paradise\" \/>\n<meta property=\"og:description\" content=\"Parametry produktu: cena: 129.9 PLN marka: Etam p\u0142e\u0107: Female kategoria: ONA \/ Odzie\u017c \/ Stroje k\u0105pielowe \/ Dwucz\u0119\u015bciowe kolor: zielony Opis: Biustonosz k\u0105pielowy z kolekcji Etam. Model wykonany z wzorzystego\" \/>\n<meta property=\"og:url\" content=\"https:\/\/torebunia.pl\/sklep\/produkt\/etam-biustonosz-kapielowy-paradise\/\" \/>\n<meta property=\"og:site_name\" content=\"Moje Blog\" \/>\n<meta property=\"article:modified_time\" content=\"2021-01-27T16:08:33+00:00\" \/>\n<meta property=\"og:image\" content=\"https:\/\/torebunia.pl\/sklep\/wp-content\/uploads\/2021\/01\/67f7c54ec49ec780b424a3bddd38819884106247.jpg\" \/>\n\t<meta property=\"og:image:width\" content=\"855\" \/>\n\t<meta property=\"og:image:height\" content=\"1290\" \/>\n<meta name=\"twitter:card\" content=\"summary_large_image\" \/>\n<script type=\"application\/ld+json\" class=\"yoast-schema-graph\">{\"@context\":\"https:\/\/schema.org\",\"@graph\":[{\"@type\":\"WebSite\",\"@id\":\"https:\/\/torebunia.pl\/sklep\/#website\",\"url\":\"https:\/\/torebunia.pl\/sklep\/\",\"name\":\"Moje Blog\",\"description\":\"Kolejna witryna WordPress\",\"potentialAction\":[{\"@type\":\"SearchAction\",\"target\":\"https:\/\/torebunia.pl\/sklep\/?s={search_term_string}\",\"query-input\":\"required name=search_term_string\"}],\"inLanguage\":\"pl-PL\"},{\"@type\":\"ImageObject\",\"@id\":\"https:\/\/torebunia.pl\/sklep\/produkt\/etam-biustonosz-kapielowy-paradise\/#primaryimage\",\"inLanguage\":\"pl-PL\",\"url\":\"https:\/\/torebunia.pl\/sklep\/wp-content\/uploads\/2021\/01\/67f7c54ec49ec780b424a3bddd38819884106247.jpg\",\"width\":855,\"height\":1290,\"caption\":\"Etam - Biustonosz k\\u0105pielowy Paradise\"},{\"@type\":\"WebPage\",\"@id\":\"https:\/\/torebunia.pl\/sklep\/produkt\/etam-biustonosz-kapielowy-paradise\/#webpage\",\"url\":\"https:\/\/torebunia.pl\/sklep\/produkt\/etam-biustonosz-kapielowy-paradise\/\",\"name\":\"Etam - Biustonosz k\\u0105pielowy Paradise\",\"isPartOf\":{\"@id\":\"https:\/\/torebunia.pl\/sklep\/#website\"},\"primaryImageOfPage\":{\"@id\":\"https:\/\/torebunia.pl\/sklep\/produkt\/etam-biustonosz-kapielowy-paradise\/#primaryimage\"},\"datePublished\":\"2020-04-20T06:03:27+00:00\",\"dateModified\":\"2021-01-27T16:08:33+00:00\",\"inLanguage\":\"pl-PL\",\"potentialAction\":[{\"@type\":\"ReadAction\",\"target\":[\"https:\/\/torebunia.pl\/sklep\/produkt\/etam-biustonosz-kapielowy-paradise\/\"]}]}]}<\/script>\n<!-- \/ Yoast SEO plugin. -->","_links":{"self":[{"href":"https:\/\/torebunia.pl\/sklep\/wp-json\/wp\/v2\/product\/20974","targetHints":{"allow":["GET"]}}],"collection":[{"href":"https:\/\/torebunia.pl\/sklep\/wp-json\/wp\/v2\/product"}],"about":[{"href":"https:\/\/torebunia.pl\/sklep\/wp-json\/wp\/v2\/types\/product"}],"replies":[{"embeddable":true,"href":"https:\/\/torebunia.pl\/sklep\/wp-json\/wp\/v2\/comments?post=20974"}],"wp:featuredmedia":[{"embeddable":true,"href":"https:\/\/torebunia.pl\/sklep\/wp-json\/wp\/v2\/media\/20975"}],"wp:attachment":[{"href":"https:\/\/torebunia.pl\/sklep\/wp-json\/wp\/v2\/media?parent=20974"}],"curies":[{"name":"wp","href":"https:\/\/api.w.org\/{rel}","templated":true}]}}