{"id":2091,"date":"2020-11-02T02:29:41","date_gmt":"2020-11-02T02:29:41","guid":{"rendered":"https:\/\/torebunia.pl\/sklep\/produkt\/labellamafia-biustonosz-sportowy-i-legginsy\/"},"modified":"2021-01-25T14:20:00","modified_gmt":"2021-01-25T14:20:00","slug":"labellamafia-biustonosz-sportowy-i-legginsy","status":"publish","type":"product","link":"https:\/\/torebunia.pl\/sklep\/produkt\/labellamafia-biustonosz-sportowy-i-legginsy\/","title":{"rendered":"LaBellaMafia &#8211; Biustonosz sportowy i legginsy"},"content":{"rendered":"<p>Parametry produktu:<\/p>\n<ul>\n<li>cena: <strong>249.9 PLN<\/strong><\/li>\n<li>marka: <strong>LABELLAMAFIA<\/strong><\/li>\n<li>p\u0142e\u0107: <strong>Female<\/strong><\/li>\n<li>kategoria: <strong>ONA \/ Odzie\u017c \/ Komplety<\/strong><\/li>\n<li>kolor: <strong>czerwony<\/strong><\/li>\n<\/ul>\n<p>Opis:<br \/>\nBiustonosz sportowy i legginsy z kolekcji LaBellaMafia. Model wykonany z materia\u0142u z nadrukiem. &#8211; Dopasowany model. &#8211; Podwy\u017cszony stan. &#8211; Elastyczna listwa w pasie. &#8211; Cienka, elastyczna dzianina. &#8211; Ozdobny detal. &#8211; Szeroko\u015b\u0107 w pasie: 32 cm. &#8211; Szeroko\u015b\u0107 w biodrach: 39 cm. &#8211; Wysoko\u015b\u0107 stanu: 20 cm. &#8211; Szeroko\u015b\u0107 nogawki na dole: 12 cm. &#8211; Szeroko\u015b\u0107 nogawki: 21,5 cm. &#8211; D\u0142ugo\u015b\u0107 nogawki: 87 cm. &#8211; Wymiary podane dla rozmiaru: S. Wz\u00f3r: nadruk Materia\u0142: dzianina Materia\u0142: z elastanem Sk\u0142ad: Podszewka: 8 % Elastan, 92 % Poliester, Materia\u0142 zasadniczy: 27 % Elastan, 73 % Poliester ID produktu: -100-DKD001 Kod producenta: 20543<\/p>\n","protected":false},"excerpt":{"rendered":"<p>Parametry produktu: cena: 249.9 PLN marka: LABELLAMAFIA p\u0142e\u0107: Female kategoria: ONA \/ Odzie\u017c \/ Komplety kolor: czerwony Opis: Biustonosz sportowy i legginsy z kolekcji LaBellaMafia. Model wykonany z materia\u0142u z<\/p>\n","protected":false},"featured_media":2092,"comment_status":"closed","ping_status":"open","template":"","meta":[],"class_list":{"0":"post-2091","1":"product","2":"type-product","3":"status-publish","5":"hentry","6":"product_cat-komplety","7":"product_cat-odziez","8":"product_cat-ona","9":"product_tag-labellamafia","10":"product_tag-labellamafia-biustonosz-sportowy-i-legginsy"},"yoast_head":"<!-- This site is optimized with the Yoast SEO plugin v15.6.2 - https:\/\/yoast.com\/wordpress\/plugins\/seo\/ -->\n<title>LaBellaMafia - Biustonosz sportowy i legginsy<\/title>\n<meta name=\"robots\" content=\"index, follow, max-snippet:-1, max-image-preview:large, max-video-preview:-1\" \/>\n<link rel=\"canonical\" href=\"https:\/\/torebunia.pl\/sklep\/produkt\/labellamafia-biustonosz-sportowy-i-legginsy\/\" \/>\n<meta property=\"og:locale\" content=\"pl_PL\" \/>\n<meta property=\"og:type\" content=\"article\" \/>\n<meta property=\"og:title\" content=\"LaBellaMafia - Biustonosz sportowy i legginsy\" \/>\n<meta property=\"og:description\" content=\"Parametry produktu: cena: 249.9 PLN marka: LABELLAMAFIA p\u0142e\u0107: Female kategoria: ONA \/ Odzie\u017c \/ Komplety kolor: czerwony Opis: Biustonosz sportowy i legginsy z kolekcji LaBellaMafia. Model wykonany z materia\u0142u z\" \/>\n<meta property=\"og:url\" content=\"https:\/\/torebunia.pl\/sklep\/produkt\/labellamafia-biustonosz-sportowy-i-legginsy\/\" \/>\n<meta property=\"og:site_name\" content=\"Moje Blog\" \/>\n<meta property=\"article:modified_time\" content=\"2021-01-25T14:20:00+00:00\" \/>\n<meta property=\"og:image\" content=\"https:\/\/torebunia.pl\/sklep\/wp-content\/uploads\/2021\/01\/b3f1d9c5213e4def525685abb768171aeaec724c.jpg\" \/>\n\t<meta property=\"og:image:width\" content=\"855\" \/>\n\t<meta property=\"og:image:height\" content=\"1290\" \/>\n<meta name=\"twitter:card\" content=\"summary_large_image\" \/>\n<meta name=\"twitter:label1\" content=\"Est. reading time\">\n\t<meta name=\"twitter:data1\" content=\"1 minuta\">\n<script type=\"application\/ld+json\" class=\"yoast-schema-graph\">{\"@context\":\"https:\/\/schema.org\",\"@graph\":[{\"@type\":\"WebSite\",\"@id\":\"https:\/\/torebunia.pl\/sklep\/#website\",\"url\":\"https:\/\/torebunia.pl\/sklep\/\",\"name\":\"Moje Blog\",\"description\":\"Kolejna witryna WordPress\",\"potentialAction\":[{\"@type\":\"SearchAction\",\"target\":\"https:\/\/torebunia.pl\/sklep\/?s={search_term_string}\",\"query-input\":\"required name=search_term_string\"}],\"inLanguage\":\"pl-PL\"},{\"@type\":\"ImageObject\",\"@id\":\"https:\/\/torebunia.pl\/sklep\/produkt\/labellamafia-biustonosz-sportowy-i-legginsy\/#primaryimage\",\"inLanguage\":\"pl-PL\",\"url\":\"https:\/\/torebunia.pl\/sklep\/wp-content\/uploads\/2021\/01\/b3f1d9c5213e4def525685abb768171aeaec724c.jpg\",\"width\":855,\"height\":1290,\"caption\":\"LaBellaMafia - Biustonosz sportowy i legginsy\"},{\"@type\":\"WebPage\",\"@id\":\"https:\/\/torebunia.pl\/sklep\/produkt\/labellamafia-biustonosz-sportowy-i-legginsy\/#webpage\",\"url\":\"https:\/\/torebunia.pl\/sklep\/produkt\/labellamafia-biustonosz-sportowy-i-legginsy\/\",\"name\":\"LaBellaMafia - Biustonosz sportowy i legginsy\",\"isPartOf\":{\"@id\":\"https:\/\/torebunia.pl\/sklep\/#website\"},\"primaryImageOfPage\":{\"@id\":\"https:\/\/torebunia.pl\/sklep\/produkt\/labellamafia-biustonosz-sportowy-i-legginsy\/#primaryimage\"},\"datePublished\":\"2020-11-02T02:29:41+00:00\",\"dateModified\":\"2021-01-25T14:20:00+00:00\",\"inLanguage\":\"pl-PL\",\"potentialAction\":[{\"@type\":\"ReadAction\",\"target\":[\"https:\/\/torebunia.pl\/sklep\/produkt\/labellamafia-biustonosz-sportowy-i-legginsy\/\"]}]}]}<\/script>\n<!-- \/ Yoast SEO plugin. -->","_links":{"self":[{"href":"https:\/\/torebunia.pl\/sklep\/wp-json\/wp\/v2\/product\/2091","targetHints":{"allow":["GET"]}}],"collection":[{"href":"https:\/\/torebunia.pl\/sklep\/wp-json\/wp\/v2\/product"}],"about":[{"href":"https:\/\/torebunia.pl\/sklep\/wp-json\/wp\/v2\/types\/product"}],"replies":[{"embeddable":true,"href":"https:\/\/torebunia.pl\/sklep\/wp-json\/wp\/v2\/comments?post=2091"}],"wp:featuredmedia":[{"embeddable":true,"href":"https:\/\/torebunia.pl\/sklep\/wp-json\/wp\/v2\/media\/2092"}],"wp:attachment":[{"href":"https:\/\/torebunia.pl\/sklep\/wp-json\/wp\/v2\/media?parent=2091"}],"curies":[{"name":"wp","href":"https:\/\/api.w.org\/{rel}","templated":true}]}}