{"id":20880,"date":"2020-04-09T10:28:35","date_gmt":"2020-04-09T10:28:35","guid":{"rendered":"https:\/\/torebunia.pl\/sklep\/produkt\/jacqueline-de-yong-bluzka-22\/"},"modified":"2021-01-27T16:05:25","modified_gmt":"2021-01-27T16:05:25","slug":"jacqueline-de-yong-bluzka-22","status":"publish","type":"product","link":"https:\/\/torebunia.pl\/sklep\/produkt\/jacqueline-de-yong-bluzka-22\/","title":{"rendered":"Jacqueline de Yong &#8211; Bluzka"},"content":{"rendered":"<p>Parametry produktu:<\/p>\n<ul>\n<li>cena: <strong>89.9 PLN<\/strong><\/li>\n<li>marka: <strong>Jacqueline de Yong<\/strong><\/li>\n<li>p\u0142e\u0107: <strong>Female<\/strong><\/li>\n<li>kategoria: <strong>ONA \/ Odzie\u017c \/ Bluzki i koszule \/ Bluzki<\/strong><\/li>\n<li>kolor: <strong>z\u0142oty br\u0105z<\/strong><\/li>\n<\/ul>\n<p>Opis:<br \/>\nBluzka z kolekcji Jacqueline de Yong. Model wykonany z wzorzystej tkaniny. Posiada zak\u0142adany dekolt. &#8211; Model z zak\u0142adanym przodem. &#8211; Cienka, nieelastyczna tkanina. &#8211; Wzorzysta tkanina. &#8211; D\u0142ugo\u015b\u0107: 57 cm. &#8211; Szeroko\u015b\u0107 pod pachami: 38 cm. &#8211; Wymiary podane dla rozmiaru: 36. Wz\u00f3r: wzorzyste Fason: regular Wz\u00f3r: drobny wz\u00f3r Dekolt: szpic R\u0119kaw: kr\u00f3tki Okazje: casual Sk\u0142ad: 100 % Poliester ID produktu: 4901-BDD0AR Kod producenta: 15216839<\/p>\n","protected":false},"excerpt":{"rendered":"<p>Parametry produktu: cena: 89.9 PLN marka: Jacqueline de Yong p\u0142e\u0107: Female kategoria: ONA \/ Odzie\u017c \/ Bluzki i koszule \/ Bluzki kolor: z\u0142oty br\u0105z Opis: Bluzka z kolekcji Jacqueline de<\/p>\n","protected":false},"featured_media":20881,"comment_status":"closed","ping_status":"open","template":"","meta":[],"class_list":{"0":"post-20880","1":"product","2":"type-product","3":"status-publish","5":"hentry","6":"product_cat-bluzki","7":"product_cat-bluzki-i-koszule","8":"product_cat-odziez","9":"product_cat-ona","10":"product_tag-jacqueline-de-yong","11":"product_tag-jacqueline-de-yong-bluzka"},"yoast_head":"<!-- This site is optimized with the Yoast SEO plugin v15.6.2 - https:\/\/yoast.com\/wordpress\/plugins\/seo\/ -->\n<title>Jacqueline de Yong - Bluzka<\/title>\n<meta name=\"robots\" content=\"index, follow, max-snippet:-1, max-image-preview:large, max-video-preview:-1\" \/>\n<link rel=\"canonical\" href=\"https:\/\/torebunia.pl\/sklep\/produkt\/jacqueline-de-yong-bluzka-22\/\" \/>\n<meta property=\"og:locale\" content=\"pl_PL\" \/>\n<meta property=\"og:type\" content=\"article\" \/>\n<meta property=\"og:title\" content=\"Jacqueline de Yong - Bluzka\" \/>\n<meta property=\"og:description\" content=\"Parametry produktu: cena: 89.9 PLN marka: Jacqueline de Yong p\u0142e\u0107: Female kategoria: ONA \/ Odzie\u017c \/ Bluzki i koszule \/ Bluzki kolor: z\u0142oty br\u0105z Opis: Bluzka z kolekcji Jacqueline de\" \/>\n<meta property=\"og:url\" content=\"https:\/\/torebunia.pl\/sklep\/produkt\/jacqueline-de-yong-bluzka-22\/\" \/>\n<meta property=\"og:site_name\" content=\"Moje Blog\" \/>\n<meta property=\"article:modified_time\" content=\"2021-01-27T16:05:25+00:00\" \/>\n<meta property=\"og:image\" content=\"https:\/\/torebunia.pl\/sklep\/wp-content\/uploads\/2021\/01\/17a880353d6e717b7c5c2ea0c0b999614db220bd.jpg\" \/>\n\t<meta property=\"og:image:width\" content=\"855\" \/>\n\t<meta property=\"og:image:height\" content=\"1290\" \/>\n<meta name=\"twitter:card\" content=\"summary_large_image\" \/>\n<script type=\"application\/ld+json\" class=\"yoast-schema-graph\">{\"@context\":\"https:\/\/schema.org\",\"@graph\":[{\"@type\":\"WebSite\",\"@id\":\"https:\/\/torebunia.pl\/sklep\/#website\",\"url\":\"https:\/\/torebunia.pl\/sklep\/\",\"name\":\"Moje Blog\",\"description\":\"Kolejna witryna WordPress\",\"potentialAction\":[{\"@type\":\"SearchAction\",\"target\":\"https:\/\/torebunia.pl\/sklep\/?s={search_term_string}\",\"query-input\":\"required name=search_term_string\"}],\"inLanguage\":\"pl-PL\"},{\"@type\":\"ImageObject\",\"@id\":\"https:\/\/torebunia.pl\/sklep\/produkt\/jacqueline-de-yong-bluzka-22\/#primaryimage\",\"inLanguage\":\"pl-PL\",\"url\":\"https:\/\/torebunia.pl\/sklep\/wp-content\/uploads\/2021\/01\/17a880353d6e717b7c5c2ea0c0b999614db220bd.jpg\",\"width\":855,\"height\":1290,\"caption\":\"Jacqueline de Yong - Bluzka\"},{\"@type\":\"WebPage\",\"@id\":\"https:\/\/torebunia.pl\/sklep\/produkt\/jacqueline-de-yong-bluzka-22\/#webpage\",\"url\":\"https:\/\/torebunia.pl\/sklep\/produkt\/jacqueline-de-yong-bluzka-22\/\",\"name\":\"Jacqueline de Yong - Bluzka\",\"isPartOf\":{\"@id\":\"https:\/\/torebunia.pl\/sklep\/#website\"},\"primaryImageOfPage\":{\"@id\":\"https:\/\/torebunia.pl\/sklep\/produkt\/jacqueline-de-yong-bluzka-22\/#primaryimage\"},\"datePublished\":\"2020-04-09T10:28:35+00:00\",\"dateModified\":\"2021-01-27T16:05:25+00:00\",\"inLanguage\":\"pl-PL\",\"potentialAction\":[{\"@type\":\"ReadAction\",\"target\":[\"https:\/\/torebunia.pl\/sklep\/produkt\/jacqueline-de-yong-bluzka-22\/\"]}]}]}<\/script>\n<!-- \/ Yoast SEO plugin. -->","_links":{"self":[{"href":"https:\/\/torebunia.pl\/sklep\/wp-json\/wp\/v2\/product\/20880","targetHints":{"allow":["GET"]}}],"collection":[{"href":"https:\/\/torebunia.pl\/sklep\/wp-json\/wp\/v2\/product"}],"about":[{"href":"https:\/\/torebunia.pl\/sklep\/wp-json\/wp\/v2\/types\/product"}],"replies":[{"embeddable":true,"href":"https:\/\/torebunia.pl\/sklep\/wp-json\/wp\/v2\/comments?post=20880"}],"wp:featuredmedia":[{"embeddable":true,"href":"https:\/\/torebunia.pl\/sklep\/wp-json\/wp\/v2\/media\/20881"}],"wp:attachment":[{"href":"https:\/\/torebunia.pl\/sklep\/wp-json\/wp\/v2\/media?parent=20880"}],"curies":[{"name":"wp","href":"https:\/\/api.w.org\/{rel}","templated":true}]}}