{"id":20796,"date":"2020-09-20T01:25:00","date_gmt":"2020-09-20T01:25:00","guid":{"rendered":"https:\/\/torebunia.pl\/sklep\/produkt\/kappa-buty-overton\/"},"modified":"2021-01-27T16:02:56","modified_gmt":"2021-01-27T16:02:56","slug":"kappa-buty-overton","status":"publish","type":"product","link":"https:\/\/torebunia.pl\/sklep\/produkt\/kappa-buty-overton\/","title":{"rendered":"Kappa &#8211; Buty Overton"},"content":{"rendered":"<p>Parametry produktu:<\/p>\n<ul>\n<li>cena: <strong>159.9 PLN<\/strong><\/li>\n<li>marka: <strong>Kappa<\/strong><\/li>\n<li>p\u0142e\u0107: <strong>Female<\/strong><\/li>\n<li>kategoria: <strong>ONA \/ Obuwie \/ Sneakersy i sportowe \/ Sneakersy<\/strong><\/li>\n<li>kolor: <strong>czerwony<\/strong><\/li>\n<\/ul>\n<p>Opis:<br \/>\nButy z kolekcji Kappa. Model wykonany z po\u0142\u0105czenia sk\u00f3ry ekologicznej i materia\u0142u tekstylnego. &#8211; Gumowa podeszwa. &#8211; Okr\u0105g\u0142y, mi\u0119kki nosek. &#8211; Usztywniony zapi\u0119tek. &#8211; Sznurowany model. &#8211; Tekstylne wn\u0119trze. &#8211; D\u0142ugo\u015b\u0107 wk\u0142adki wynosi: 24 cm. &#8211; Wymiary podane dla rozmiaru: 37. Materia\u0142: tekstylny Obcas: p\u0142aski Materia\u0142: imitacja sk\u00f3ry licowej Sk\u0142ad: Cholewka: Materia\u0142 syntetyczny, Materia\u0142 tekstylny, Wn\u0119trze: Materia\u0142 tekstylny, Podeszwa: Materia\u0142 syntetyczny ID produktu: 4911-OBD30U Kod producenta: 242672<\/p>\n","protected":false},"excerpt":{"rendered":"<p>Parametry produktu: cena: 159.9 PLN marka: Kappa p\u0142e\u0107: Female kategoria: ONA \/ Obuwie \/ Sneakersy i sportowe \/ Sneakersy kolor: czerwony Opis: Buty z kolekcji Kappa. Model wykonany z po\u0142\u0105czenia<\/p>\n","protected":false},"featured_media":20797,"comment_status":"closed","ping_status":"open","template":"","meta":[],"class_list":{"0":"post-20796","1":"product","2":"type-product","3":"status-publish","5":"hentry","6":"product_cat-obuwie","7":"product_cat-ona","8":"product_cat-sneakersy","9":"product_cat-sneakersy-i-sportowe","10":"product_tag-kappa","11":"product_tag-kappa-buty-overton"},"yoast_head":"<!-- This site is optimized with the Yoast SEO plugin v15.6.2 - https:\/\/yoast.com\/wordpress\/plugins\/seo\/ -->\n<title>Kappa - Buty Overton<\/title>\n<meta name=\"robots\" content=\"index, follow, max-snippet:-1, max-image-preview:large, max-video-preview:-1\" \/>\n<link rel=\"canonical\" href=\"https:\/\/torebunia.pl\/sklep\/produkt\/kappa-buty-overton\/\" \/>\n<meta property=\"og:locale\" content=\"pl_PL\" \/>\n<meta property=\"og:type\" content=\"article\" \/>\n<meta property=\"og:title\" content=\"Kappa - Buty Overton\" \/>\n<meta property=\"og:description\" content=\"Parametry produktu: cena: 159.9 PLN marka: Kappa p\u0142e\u0107: Female kategoria: ONA \/ Obuwie \/ Sneakersy i sportowe \/ Sneakersy kolor: czerwony Opis: Buty z kolekcji Kappa. Model wykonany z po\u0142\u0105czenia\" \/>\n<meta property=\"og:url\" content=\"https:\/\/torebunia.pl\/sklep\/produkt\/kappa-buty-overton\/\" \/>\n<meta property=\"og:site_name\" content=\"Moje Blog\" \/>\n<meta property=\"article:modified_time\" content=\"2021-01-27T16:02:56+00:00\" \/>\n<meta property=\"og:image\" content=\"https:\/\/torebunia.pl\/sklep\/wp-content\/uploads\/2021\/01\/73d3f8cf984ece58e03f539d199bb78b0c8e40d7.jpg\" \/>\n\t<meta property=\"og:image:width\" content=\"855\" \/>\n\t<meta property=\"og:image:height\" content=\"1290\" \/>\n<meta name=\"twitter:card\" content=\"summary_large_image\" \/>\n<script type=\"application\/ld+json\" class=\"yoast-schema-graph\">{\"@context\":\"https:\/\/schema.org\",\"@graph\":[{\"@type\":\"WebSite\",\"@id\":\"https:\/\/torebunia.pl\/sklep\/#website\",\"url\":\"https:\/\/torebunia.pl\/sklep\/\",\"name\":\"Moje Blog\",\"description\":\"Kolejna witryna WordPress\",\"potentialAction\":[{\"@type\":\"SearchAction\",\"target\":\"https:\/\/torebunia.pl\/sklep\/?s={search_term_string}\",\"query-input\":\"required name=search_term_string\"}],\"inLanguage\":\"pl-PL\"},{\"@type\":\"ImageObject\",\"@id\":\"https:\/\/torebunia.pl\/sklep\/produkt\/kappa-buty-overton\/#primaryimage\",\"inLanguage\":\"pl-PL\",\"url\":\"https:\/\/torebunia.pl\/sklep\/wp-content\/uploads\/2021\/01\/73d3f8cf984ece58e03f539d199bb78b0c8e40d7.jpg\",\"width\":855,\"height\":1290,\"caption\":\"Kappa - Buty Overton\"},{\"@type\":\"WebPage\",\"@id\":\"https:\/\/torebunia.pl\/sklep\/produkt\/kappa-buty-overton\/#webpage\",\"url\":\"https:\/\/torebunia.pl\/sklep\/produkt\/kappa-buty-overton\/\",\"name\":\"Kappa - Buty Overton\",\"isPartOf\":{\"@id\":\"https:\/\/torebunia.pl\/sklep\/#website\"},\"primaryImageOfPage\":{\"@id\":\"https:\/\/torebunia.pl\/sklep\/produkt\/kappa-buty-overton\/#primaryimage\"},\"datePublished\":\"2020-09-20T01:25:00+00:00\",\"dateModified\":\"2021-01-27T16:02:56+00:00\",\"inLanguage\":\"pl-PL\",\"potentialAction\":[{\"@type\":\"ReadAction\",\"target\":[\"https:\/\/torebunia.pl\/sklep\/produkt\/kappa-buty-overton\/\"]}]}]}<\/script>\n<!-- \/ Yoast SEO plugin. -->","_links":{"self":[{"href":"https:\/\/torebunia.pl\/sklep\/wp-json\/wp\/v2\/product\/20796","targetHints":{"allow":["GET"]}}],"collection":[{"href":"https:\/\/torebunia.pl\/sklep\/wp-json\/wp\/v2\/product"}],"about":[{"href":"https:\/\/torebunia.pl\/sklep\/wp-json\/wp\/v2\/types\/product"}],"replies":[{"embeddable":true,"href":"https:\/\/torebunia.pl\/sklep\/wp-json\/wp\/v2\/comments?post=20796"}],"wp:featuredmedia":[{"embeddable":true,"href":"https:\/\/torebunia.pl\/sklep\/wp-json\/wp\/v2\/media\/20797"}],"wp:attachment":[{"href":"https:\/\/torebunia.pl\/sklep\/wp-json\/wp\/v2\/media?parent=20796"}],"curies":[{"name":"wp","href":"https:\/\/api.w.org\/{rel}","templated":true}]}}