{"id":2079,"date":"2020-06-15T22:55:31","date_gmt":"2020-06-15T22:55:31","guid":{"rendered":"https:\/\/torebunia.pl\/sklep\/produkt\/only-spodnie\/"},"modified":"2021-01-25T14:19:38","modified_gmt":"2021-01-25T14:19:38","slug":"only-spodnie","status":"publish","type":"product","link":"https:\/\/torebunia.pl\/sklep\/produkt\/only-spodnie\/","title":{"rendered":"Only &#8211; Spodnie"},"content":{"rendered":"<p>Parametry produktu:<\/p>\n<ul>\n<li>cena: <strong>169.9 PLN<\/strong><\/li>\n<li>marka: <strong>Only<\/strong><\/li>\n<li>p\u0142e\u0107: <strong>Female<\/strong><\/li>\n<li>kategoria: <strong>ONA \/ Odzie\u017c \/ Spodnie i legginsy \/ Materia\u0142owe<\/strong><\/li>\n<li>kolor: <strong>czarny<\/strong><\/li>\n<\/ul>\n<p>Opis:<br \/>\nSpodnie z kolekcji Only. Model wykonany z g\u0142adkiej tkaniny. &#8211; Dopasowany model. &#8211; Obni\u017cona talia. &#8211; Kieszenie cargo. &#8211; Wsuwane kieszenie. &#8211; Zapi\u0119cie na guzik i suwak. &#8211; Nogawki wyko\u0144czone \u015bci\u0105gaczem. &#8211; Szeroko\u015b\u0107 w pasie: 36 cm. &#8211; Szeroko\u015b\u0107 w biodrach: 36 cm. &#8211; Wysoko\u015b\u0107 stanu: 22 cm. &#8211; Szeroko\u015b\u0107 nogawki na dole: 12 cm. &#8211; Szeroko\u015b\u0107 nogawki: 23 cm. &#8211; D\u0142ugo\u015b\u0107: 91 cm. &#8211; Wymiary podane dla rozmiaru: S\/32. Wz\u00f3r: g\u0142adkie Materia\u0142: tkanina Fason: dopasowany Materia\u0142: z elastanem Materia\u0142: imitacja sk\u00f3ry Talia: low Fason: cargo Sk\u0142ad: Wype\u0142nienie: 100 % Poliuretan, Materia\u0142 zasadniczy: 3 % Elastan, 20 % Nylon, 77 % Wiskoza ID produktu: 4891-SPD0CL Kod producenta: 15224165<\/p>\n","protected":false},"excerpt":{"rendered":"<p>Parametry produktu: cena: 169.9 PLN marka: Only p\u0142e\u0107: Female kategoria: ONA \/ Odzie\u017c \/ Spodnie i legginsy \/ Materia\u0142owe kolor: czarny Opis: Spodnie z kolekcji Only. Model wykonany z g\u0142adkiej<\/p>\n","protected":false},"featured_media":2080,"comment_status":"closed","ping_status":"open","template":"","meta":[],"class_list":{"0":"post-2079","1":"product","2":"type-product","3":"status-publish","5":"hentry","6":"product_cat-materialowe","7":"product_cat-odziez","8":"product_cat-ona","9":"product_cat-spodnie-i-legginsy","10":"product_tag-only","11":"product_tag-only-spodnie"},"yoast_head":"<!-- This site is optimized with the Yoast SEO plugin v15.6.2 - https:\/\/yoast.com\/wordpress\/plugins\/seo\/ -->\n<title>Only - Spodnie<\/title>\n<meta name=\"robots\" content=\"index, follow, max-snippet:-1, max-image-preview:large, max-video-preview:-1\" \/>\n<link rel=\"canonical\" href=\"https:\/\/torebunia.pl\/sklep\/produkt\/only-spodnie\/\" \/>\n<meta property=\"og:locale\" content=\"pl_PL\" \/>\n<meta property=\"og:type\" content=\"article\" \/>\n<meta property=\"og:title\" content=\"Only - Spodnie\" \/>\n<meta property=\"og:description\" content=\"Parametry produktu: cena: 169.9 PLN marka: Only p\u0142e\u0107: Female kategoria: ONA \/ Odzie\u017c \/ Spodnie i legginsy \/ Materia\u0142owe kolor: czarny Opis: Spodnie z kolekcji Only. Model wykonany z g\u0142adkiej\" \/>\n<meta property=\"og:url\" content=\"https:\/\/torebunia.pl\/sklep\/produkt\/only-spodnie\/\" \/>\n<meta property=\"og:site_name\" content=\"Moje Blog\" \/>\n<meta property=\"article:modified_time\" content=\"2021-01-25T14:19:38+00:00\" \/>\n<meta property=\"og:image\" content=\"https:\/\/torebunia.pl\/sklep\/wp-content\/uploads\/2021\/01\/065fdcef98cf8fa29e8a191a509e8b2e6fdad5e5.jpg\" \/>\n\t<meta property=\"og:image:width\" content=\"855\" \/>\n\t<meta property=\"og:image:height\" content=\"1290\" \/>\n<meta name=\"twitter:card\" content=\"summary_large_image\" \/>\n<meta name=\"twitter:label1\" content=\"Est. reading time\">\n\t<meta name=\"twitter:data1\" content=\"1 minuta\">\n<script type=\"application\/ld+json\" class=\"yoast-schema-graph\">{\"@context\":\"https:\/\/schema.org\",\"@graph\":[{\"@type\":\"WebSite\",\"@id\":\"https:\/\/torebunia.pl\/sklep\/#website\",\"url\":\"https:\/\/torebunia.pl\/sklep\/\",\"name\":\"Moje Blog\",\"description\":\"Kolejna witryna WordPress\",\"potentialAction\":[{\"@type\":\"SearchAction\",\"target\":\"https:\/\/torebunia.pl\/sklep\/?s={search_term_string}\",\"query-input\":\"required name=search_term_string\"}],\"inLanguage\":\"pl-PL\"},{\"@type\":\"ImageObject\",\"@id\":\"https:\/\/torebunia.pl\/sklep\/produkt\/only-spodnie\/#primaryimage\",\"inLanguage\":\"pl-PL\",\"url\":\"https:\/\/torebunia.pl\/sklep\/wp-content\/uploads\/2021\/01\/065fdcef98cf8fa29e8a191a509e8b2e6fdad5e5.jpg\",\"width\":855,\"height\":1290,\"caption\":\"Only - Spodnie\"},{\"@type\":\"WebPage\",\"@id\":\"https:\/\/torebunia.pl\/sklep\/produkt\/only-spodnie\/#webpage\",\"url\":\"https:\/\/torebunia.pl\/sklep\/produkt\/only-spodnie\/\",\"name\":\"Only - Spodnie\",\"isPartOf\":{\"@id\":\"https:\/\/torebunia.pl\/sklep\/#website\"},\"primaryImageOfPage\":{\"@id\":\"https:\/\/torebunia.pl\/sklep\/produkt\/only-spodnie\/#primaryimage\"},\"datePublished\":\"2020-06-15T22:55:31+00:00\",\"dateModified\":\"2021-01-25T14:19:38+00:00\",\"inLanguage\":\"pl-PL\",\"potentialAction\":[{\"@type\":\"ReadAction\",\"target\":[\"https:\/\/torebunia.pl\/sklep\/produkt\/only-spodnie\/\"]}]}]}<\/script>\n<!-- \/ Yoast SEO plugin. -->","_links":{"self":[{"href":"https:\/\/torebunia.pl\/sklep\/wp-json\/wp\/v2\/product\/2079","targetHints":{"allow":["GET"]}}],"collection":[{"href":"https:\/\/torebunia.pl\/sklep\/wp-json\/wp\/v2\/product"}],"about":[{"href":"https:\/\/torebunia.pl\/sklep\/wp-json\/wp\/v2\/types\/product"}],"replies":[{"embeddable":true,"href":"https:\/\/torebunia.pl\/sklep\/wp-json\/wp\/v2\/comments?post=2079"}],"wp:featuredmedia":[{"embeddable":true,"href":"https:\/\/torebunia.pl\/sklep\/wp-json\/wp\/v2\/media\/2080"}],"wp:attachment":[{"href":"https:\/\/torebunia.pl\/sklep\/wp-json\/wp\/v2\/media?parent=2079"}],"curies":[{"name":"wp","href":"https:\/\/api.w.org\/{rel}","templated":true}]}}