{"id":20774,"date":"2020-04-18T15:04:40","date_gmt":"2020-04-18T15:04:40","guid":{"rendered":"https:\/\/torebunia.pl\/sklep\/produkt\/henderson-ladies-biustonosz\/"},"modified":"2021-01-27T16:02:18","modified_gmt":"2021-01-27T16:02:18","slug":"henderson-ladies-biustonosz","status":"publish","type":"product","link":"https:\/\/torebunia.pl\/sklep\/produkt\/henderson-ladies-biustonosz\/","title":{"rendered":"Henderson Ladies &#8211; Biustonosz"},"content":{"rendered":"<p>Parametry produktu:<\/p>\n<ul>\n<li>cena: <strong>99.9 PLN<\/strong><\/li>\n<li>marka: <strong>Henderson Ladies<\/strong><\/li>\n<li>p\u0142e\u0107: <strong>Female<\/strong><\/li>\n<li>kategoria: <strong>ONA \/ Odzie\u017c \/ Bielizna \/ Biustonosze<\/strong><\/li>\n<li>kolor: <strong>kremowy<\/strong><\/li>\n<\/ul>\n<p>Opis:<br \/>\nBiustonosz w fasonie push-up z kolekcji Henderson Ladies. Model wykonany z koronkowego materia\u0142u. &#8211; Magic Boost Push-up optycznie powi\u0119ksza biust. &#8211; Usztywniona miseczka. &#8211; Odpinane rami\u0105czka. &#8211; Regulowane rami\u0105czka. &#8211; Regulowane zapi\u0119cie na haftki. Wz\u00f3r: g\u0142adkie Miseczka: usztywniana Miseczka: z fiszbinami Materia\u0142: koronka Sk\u0142ad: 10 % Elastan, 90 % Poliamid, ID produktu: 4920-BID099 Kod producenta: 36157<\/p>\n","protected":false},"excerpt":{"rendered":"<p>Parametry produktu: cena: 99.9 PLN marka: Henderson Ladies p\u0142e\u0107: Female kategoria: ONA \/ Odzie\u017c \/ Bielizna \/ Biustonosze kolor: kremowy Opis: Biustonosz w fasonie push-up z kolekcji Henderson Ladies. Model<\/p>\n","protected":false},"featured_media":20775,"comment_status":"closed","ping_status":"open","template":"","meta":[],"class_list":{"0":"post-20774","1":"product","2":"type-product","3":"status-publish","5":"hentry","6":"product_cat-bielizna","7":"product_cat-biustonosze","8":"product_cat-odziez","9":"product_cat-ona","10":"product_tag-henderson-ladies","11":"product_tag-henderson-ladies-biustonosz"},"yoast_head":"<!-- This site is optimized with the Yoast SEO plugin v15.6.2 - https:\/\/yoast.com\/wordpress\/plugins\/seo\/ -->\n<title>Henderson Ladies - Biustonosz<\/title>\n<meta name=\"robots\" content=\"index, follow, max-snippet:-1, max-image-preview:large, max-video-preview:-1\" \/>\n<link rel=\"canonical\" href=\"https:\/\/torebunia.pl\/sklep\/produkt\/henderson-ladies-biustonosz\/\" \/>\n<meta property=\"og:locale\" content=\"pl_PL\" \/>\n<meta property=\"og:type\" content=\"article\" \/>\n<meta property=\"og:title\" content=\"Henderson Ladies - Biustonosz\" \/>\n<meta property=\"og:description\" content=\"Parametry produktu: cena: 99.9 PLN marka: Henderson Ladies p\u0142e\u0107: Female kategoria: ONA \/ Odzie\u017c \/ Bielizna \/ Biustonosze kolor: kremowy Opis: Biustonosz w fasonie push-up z kolekcji Henderson Ladies. Model\" \/>\n<meta property=\"og:url\" content=\"https:\/\/torebunia.pl\/sklep\/produkt\/henderson-ladies-biustonosz\/\" \/>\n<meta property=\"og:site_name\" content=\"Moje Blog\" \/>\n<meta property=\"article:modified_time\" content=\"2021-01-27T16:02:18+00:00\" \/>\n<meta property=\"og:image\" content=\"https:\/\/torebunia.pl\/sklep\/wp-content\/uploads\/2021\/01\/06d18372a47c8f7478e914c8ac8df32778f539bd.jpg\" \/>\n\t<meta property=\"og:image:width\" content=\"855\" \/>\n\t<meta property=\"og:image:height\" content=\"1290\" \/>\n<meta name=\"twitter:card\" content=\"summary_large_image\" \/>\n<script type=\"application\/ld+json\" class=\"yoast-schema-graph\">{\"@context\":\"https:\/\/schema.org\",\"@graph\":[{\"@type\":\"WebSite\",\"@id\":\"https:\/\/torebunia.pl\/sklep\/#website\",\"url\":\"https:\/\/torebunia.pl\/sklep\/\",\"name\":\"Moje Blog\",\"description\":\"Kolejna witryna WordPress\",\"potentialAction\":[{\"@type\":\"SearchAction\",\"target\":\"https:\/\/torebunia.pl\/sklep\/?s={search_term_string}\",\"query-input\":\"required name=search_term_string\"}],\"inLanguage\":\"pl-PL\"},{\"@type\":\"ImageObject\",\"@id\":\"https:\/\/torebunia.pl\/sklep\/produkt\/henderson-ladies-biustonosz\/#primaryimage\",\"inLanguage\":\"pl-PL\",\"url\":\"https:\/\/torebunia.pl\/sklep\/wp-content\/uploads\/2021\/01\/06d18372a47c8f7478e914c8ac8df32778f539bd.jpg\",\"width\":855,\"height\":1290,\"caption\":\"Henderson Ladies - Biustonosz\"},{\"@type\":\"WebPage\",\"@id\":\"https:\/\/torebunia.pl\/sklep\/produkt\/henderson-ladies-biustonosz\/#webpage\",\"url\":\"https:\/\/torebunia.pl\/sklep\/produkt\/henderson-ladies-biustonosz\/\",\"name\":\"Henderson Ladies - Biustonosz\",\"isPartOf\":{\"@id\":\"https:\/\/torebunia.pl\/sklep\/#website\"},\"primaryImageOfPage\":{\"@id\":\"https:\/\/torebunia.pl\/sklep\/produkt\/henderson-ladies-biustonosz\/#primaryimage\"},\"datePublished\":\"2020-04-18T15:04:40+00:00\",\"dateModified\":\"2021-01-27T16:02:18+00:00\",\"inLanguage\":\"pl-PL\",\"potentialAction\":[{\"@type\":\"ReadAction\",\"target\":[\"https:\/\/torebunia.pl\/sklep\/produkt\/henderson-ladies-biustonosz\/\"]}]}]}<\/script>\n<!-- \/ Yoast SEO plugin. -->","_links":{"self":[{"href":"https:\/\/torebunia.pl\/sklep\/wp-json\/wp\/v2\/product\/20774","targetHints":{"allow":["GET"]}}],"collection":[{"href":"https:\/\/torebunia.pl\/sklep\/wp-json\/wp\/v2\/product"}],"about":[{"href":"https:\/\/torebunia.pl\/sklep\/wp-json\/wp\/v2\/types\/product"}],"replies":[{"embeddable":true,"href":"https:\/\/torebunia.pl\/sklep\/wp-json\/wp\/v2\/comments?post=20774"}],"wp:featuredmedia":[{"embeddable":true,"href":"https:\/\/torebunia.pl\/sklep\/wp-json\/wp\/v2\/media\/20775"}],"wp:attachment":[{"href":"https:\/\/torebunia.pl\/sklep\/wp-json\/wp\/v2\/media?parent=20774"}],"curies":[{"name":"wp","href":"https:\/\/api.w.org\/{rel}","templated":true}]}}