{"id":20760,"date":"2020-04-05T16:52:31","date_gmt":"2020-04-05T16:52:31","guid":{"rendered":"https:\/\/torebunia.pl\/sklep\/produkt\/medicine-buty-power-of-nature\/"},"modified":"2021-01-27T16:01:54","modified_gmt":"2021-01-27T16:01:54","slug":"medicine-buty-power-of-nature","status":"publish","type":"product","link":"https:\/\/torebunia.pl\/sklep\/produkt\/medicine-buty-power-of-nature\/","title":{"rendered":"Medicine &#8211; Buty Power of Nature"},"content":{"rendered":"<p>Parametry produktu:<\/p>\n<ul>\n<li>cena: <strong>159.9 PLN<\/strong><\/li>\n<li>marka: <strong>MEDICINE<\/strong><\/li>\n<li>p\u0142e\u0107: <strong>Female<\/strong><\/li>\n<li>kategoria: <strong>ONA \/ Obuwie \/ Sneakersy i sportowe \/ Sneakersy<\/strong><\/li>\n<li>kolor: <strong>be\u017cowy<\/strong><\/li>\n<\/ul>\n<p>Opis:<br \/>\nButy z kolekcji Medicine. Model wykonany z po\u0142\u0105czenia sk\u00f3ry zamszowej i materia\u0142u tekstylnego. &#8211; Lekko usztywniony nosek. &#8211; Stabilna podeszwa. &#8211; Usztywniony zapi\u0119tek. &#8211; Tekstylne wn\u0119trze. &#8211; Model na platformie. &#8211; Sznurowany model. &#8211; Wysoko\u015b\u0107 platformy: 4,5 cm. &#8211; D\u0142ugo\u015b\u0107 wk\u0142adki wynosi: 24,7 cm. &#8211; Wymiary podane dla rozmiaru: 38. Obcas: platforma Materia\u0142: sk\u00f3ra zamszowa Materia\u0142: tekstylny Sk\u0142ad: Cholewka: Materia\u0142 tekstylny, Sk\u00f3ra zamszowa, Wn\u0119trze: Materia\u0142 tekstylny, Podeszwa: Materia\u0142 syntetyczny ID produktu: 6901-OBD705 Kod producenta: RS20.OBD705<\/p>\n","protected":false},"excerpt":{"rendered":"<p>Parametry produktu: cena: 159.9 PLN marka: MEDICINE p\u0142e\u0107: Female kategoria: ONA \/ Obuwie \/ Sneakersy i sportowe \/ Sneakersy kolor: be\u017cowy Opis: Buty z kolekcji Medicine. Model wykonany z po\u0142\u0105czenia<\/p>\n","protected":false},"featured_media":20761,"comment_status":"closed","ping_status":"open","template":"","meta":[],"class_list":{"0":"post-20760","1":"product","2":"type-product","3":"status-publish","5":"hentry","6":"product_cat-obuwie","7":"product_cat-ona","8":"product_cat-sneakersy","9":"product_cat-sneakersy-i-sportowe","10":"product_tag-medicine","11":"product_tag-medicine-buty-power-of-nature"},"yoast_head":"<!-- This site is optimized with the Yoast SEO plugin v15.6.2 - https:\/\/yoast.com\/wordpress\/plugins\/seo\/ -->\n<title>Medicine - Buty Power of Nature<\/title>\n<meta name=\"robots\" content=\"index, follow, max-snippet:-1, max-image-preview:large, max-video-preview:-1\" \/>\n<link rel=\"canonical\" href=\"https:\/\/torebunia.pl\/sklep\/produkt\/medicine-buty-power-of-nature\/\" \/>\n<meta property=\"og:locale\" content=\"pl_PL\" \/>\n<meta property=\"og:type\" content=\"article\" \/>\n<meta property=\"og:title\" content=\"Medicine - Buty Power of Nature\" \/>\n<meta property=\"og:description\" content=\"Parametry produktu: cena: 159.9 PLN marka: MEDICINE p\u0142e\u0107: Female kategoria: ONA \/ Obuwie \/ Sneakersy i sportowe \/ Sneakersy kolor: be\u017cowy Opis: Buty z kolekcji Medicine. Model wykonany z po\u0142\u0105czenia\" \/>\n<meta property=\"og:url\" content=\"https:\/\/torebunia.pl\/sklep\/produkt\/medicine-buty-power-of-nature\/\" \/>\n<meta property=\"og:site_name\" content=\"Moje Blog\" \/>\n<meta property=\"article:modified_time\" content=\"2021-01-27T16:01:54+00:00\" \/>\n<meta property=\"og:image\" content=\"https:\/\/torebunia.pl\/sklep\/wp-content\/uploads\/2021\/01\/68d81a7d16be9d848d4d2db98205eb6598902aa8-1.jpg\" \/>\n\t<meta property=\"og:image:width\" content=\"855\" \/>\n\t<meta property=\"og:image:height\" content=\"1290\" \/>\n<meta name=\"twitter:card\" content=\"summary_large_image\" \/>\n<meta name=\"twitter:label1\" content=\"Est. reading time\">\n\t<meta name=\"twitter:data1\" content=\"1 minuta\">\n<script type=\"application\/ld+json\" class=\"yoast-schema-graph\">{\"@context\":\"https:\/\/schema.org\",\"@graph\":[{\"@type\":\"WebSite\",\"@id\":\"https:\/\/torebunia.pl\/sklep\/#website\",\"url\":\"https:\/\/torebunia.pl\/sklep\/\",\"name\":\"Moje Blog\",\"description\":\"Kolejna witryna WordPress\",\"potentialAction\":[{\"@type\":\"SearchAction\",\"target\":\"https:\/\/torebunia.pl\/sklep\/?s={search_term_string}\",\"query-input\":\"required name=search_term_string\"}],\"inLanguage\":\"pl-PL\"},{\"@type\":\"ImageObject\",\"@id\":\"https:\/\/torebunia.pl\/sklep\/produkt\/medicine-buty-power-of-nature\/#primaryimage\",\"inLanguage\":\"pl-PL\",\"url\":\"https:\/\/torebunia.pl\/sklep\/wp-content\/uploads\/2021\/01\/68d81a7d16be9d848d4d2db98205eb6598902aa8-1.jpg\",\"width\":855,\"height\":1290,\"caption\":\"Medicine - Buty Power of Nature\"},{\"@type\":\"WebPage\",\"@id\":\"https:\/\/torebunia.pl\/sklep\/produkt\/medicine-buty-power-of-nature\/#webpage\",\"url\":\"https:\/\/torebunia.pl\/sklep\/produkt\/medicine-buty-power-of-nature\/\",\"name\":\"Medicine - Buty Power of Nature\",\"isPartOf\":{\"@id\":\"https:\/\/torebunia.pl\/sklep\/#website\"},\"primaryImageOfPage\":{\"@id\":\"https:\/\/torebunia.pl\/sklep\/produkt\/medicine-buty-power-of-nature\/#primaryimage\"},\"datePublished\":\"2020-04-05T16:52:31+00:00\",\"dateModified\":\"2021-01-27T16:01:54+00:00\",\"inLanguage\":\"pl-PL\",\"potentialAction\":[{\"@type\":\"ReadAction\",\"target\":[\"https:\/\/torebunia.pl\/sklep\/produkt\/medicine-buty-power-of-nature\/\"]}]}]}<\/script>\n<!-- \/ Yoast SEO plugin. -->","_links":{"self":[{"href":"https:\/\/torebunia.pl\/sklep\/wp-json\/wp\/v2\/product\/20760","targetHints":{"allow":["GET"]}}],"collection":[{"href":"https:\/\/torebunia.pl\/sklep\/wp-json\/wp\/v2\/product"}],"about":[{"href":"https:\/\/torebunia.pl\/sklep\/wp-json\/wp\/v2\/types\/product"}],"replies":[{"embeddable":true,"href":"https:\/\/torebunia.pl\/sklep\/wp-json\/wp\/v2\/comments?post=20760"}],"wp:featuredmedia":[{"embeddable":true,"href":"https:\/\/torebunia.pl\/sklep\/wp-json\/wp\/v2\/media\/20761"}],"wp:attachment":[{"href":"https:\/\/torebunia.pl\/sklep\/wp-json\/wp\/v2\/media?parent=20760"}],"curies":[{"name":"wp","href":"https:\/\/api.w.org\/{rel}","templated":true}]}}