{"id":20716,"date":"2020-07-09T06:38:12","date_gmt":"2020-07-09T06:38:12","guid":{"rendered":"https:\/\/torebunia.pl\/sklep\/produkt\/brixton-sweter-2\/"},"modified":"2021-01-27T16:00:33","modified_gmt":"2021-01-27T16:00:33","slug":"brixton-sweter-2","status":"publish","type":"product","link":"https:\/\/torebunia.pl\/sklep\/produkt\/brixton-sweter-2\/","title":{"rendered":"Brixton &#8211; Sweter"},"content":{"rendered":"<p>Parametry produktu:<\/p>\n<ul>\n<li>cena: <strong>369.9 PLN<\/strong><\/li>\n<li>marka: <strong>Brixton<\/strong><\/li>\n<li>p\u0142e\u0107: <strong>Female<\/strong><\/li>\n<li>kategoria: <strong>ONA \/ Odzie\u017c \/ Swetry \/ Przez g\u0142ow\u0119<\/strong><\/li>\n<li>kolor: <strong>z\u0142oty br\u0105z<\/strong><\/li>\n<\/ul>\n<p>Opis:<br \/>\nSweter z kolekcji Brixton. Model z okr\u0105g\u0142ym dekoltem, wykonany z wzorzystej dzianiny. &#8211; Lu\u017any model. &#8211; D\u0142ugi r\u0119kaw. &#8211; Okr\u0105g\u0142y dekolt. &#8211; Obni\u017cona linia ramion. Wz\u00f3r: wzorzyste Dekolt: okr\u0105g\u0142y Dzianina: \u015bredniej grubo\u015bci Sk\u0142ad: 100 % Akryl ID produktu: 4900-SWD0JI Kod producenta: 02884<\/p>\n","protected":false},"excerpt":{"rendered":"<p>Parametry produktu: cena: 369.9 PLN marka: Brixton p\u0142e\u0107: Female kategoria: ONA \/ Odzie\u017c \/ Swetry \/ Przez g\u0142ow\u0119 kolor: z\u0142oty br\u0105z Opis: Sweter z kolekcji Brixton. Model z okr\u0105g\u0142ym dekoltem,<\/p>\n","protected":false},"featured_media":20717,"comment_status":"closed","ping_status":"open","template":"","meta":[],"class_list":{"0":"post-20716","1":"product","2":"type-product","3":"status-publish","5":"hentry","6":"product_cat-odziez","7":"product_cat-ona","8":"product_cat-przez-glowe","9":"product_cat-swetry","10":"product_tag-brixton","11":"product_tag-brixton-sweter"},"yoast_head":"<!-- This site is optimized with the Yoast SEO plugin v15.6.2 - https:\/\/yoast.com\/wordpress\/plugins\/seo\/ -->\n<title>Brixton - Sweter<\/title>\n<meta name=\"robots\" content=\"index, follow, max-snippet:-1, max-image-preview:large, max-video-preview:-1\" \/>\n<link rel=\"canonical\" href=\"https:\/\/torebunia.pl\/sklep\/produkt\/brixton-sweter-2\/\" \/>\n<meta property=\"og:locale\" content=\"pl_PL\" \/>\n<meta property=\"og:type\" content=\"article\" \/>\n<meta property=\"og:title\" content=\"Brixton - Sweter\" \/>\n<meta property=\"og:description\" content=\"Parametry produktu: cena: 369.9 PLN marka: Brixton p\u0142e\u0107: Female kategoria: ONA \/ Odzie\u017c \/ Swetry \/ Przez g\u0142ow\u0119 kolor: z\u0142oty br\u0105z Opis: Sweter z kolekcji Brixton. Model z okr\u0105g\u0142ym dekoltem,\" \/>\n<meta property=\"og:url\" content=\"https:\/\/torebunia.pl\/sklep\/produkt\/brixton-sweter-2\/\" \/>\n<meta property=\"og:site_name\" content=\"Moje Blog\" \/>\n<meta property=\"article:modified_time\" content=\"2021-01-27T16:00:33+00:00\" \/>\n<meta property=\"og:image\" content=\"https:\/\/torebunia.pl\/sklep\/wp-content\/uploads\/2021\/01\/ba45b56a9b8af7edc3b36e3065b2724848a3edbf.jpg\" \/>\n\t<meta property=\"og:image:width\" content=\"855\" \/>\n\t<meta property=\"og:image:height\" content=\"1290\" \/>\n<meta name=\"twitter:card\" content=\"summary_large_image\" \/>\n<script type=\"application\/ld+json\" class=\"yoast-schema-graph\">{\"@context\":\"https:\/\/schema.org\",\"@graph\":[{\"@type\":\"WebSite\",\"@id\":\"https:\/\/torebunia.pl\/sklep\/#website\",\"url\":\"https:\/\/torebunia.pl\/sklep\/\",\"name\":\"Moje Blog\",\"description\":\"Kolejna witryna WordPress\",\"potentialAction\":[{\"@type\":\"SearchAction\",\"target\":\"https:\/\/torebunia.pl\/sklep\/?s={search_term_string}\",\"query-input\":\"required name=search_term_string\"}],\"inLanguage\":\"pl-PL\"},{\"@type\":\"ImageObject\",\"@id\":\"https:\/\/torebunia.pl\/sklep\/produkt\/brixton-sweter-2\/#primaryimage\",\"inLanguage\":\"pl-PL\",\"url\":\"https:\/\/torebunia.pl\/sklep\/wp-content\/uploads\/2021\/01\/ba45b56a9b8af7edc3b36e3065b2724848a3edbf.jpg\",\"width\":855,\"height\":1290,\"caption\":\"Brixton - Sweter\"},{\"@type\":\"WebPage\",\"@id\":\"https:\/\/torebunia.pl\/sklep\/produkt\/brixton-sweter-2\/#webpage\",\"url\":\"https:\/\/torebunia.pl\/sklep\/produkt\/brixton-sweter-2\/\",\"name\":\"Brixton - Sweter\",\"isPartOf\":{\"@id\":\"https:\/\/torebunia.pl\/sklep\/#website\"},\"primaryImageOfPage\":{\"@id\":\"https:\/\/torebunia.pl\/sklep\/produkt\/brixton-sweter-2\/#primaryimage\"},\"datePublished\":\"2020-07-09T06:38:12+00:00\",\"dateModified\":\"2021-01-27T16:00:33+00:00\",\"inLanguage\":\"pl-PL\",\"potentialAction\":[{\"@type\":\"ReadAction\",\"target\":[\"https:\/\/torebunia.pl\/sklep\/produkt\/brixton-sweter-2\/\"]}]}]}<\/script>\n<!-- \/ Yoast SEO plugin. -->","_links":{"self":[{"href":"https:\/\/torebunia.pl\/sklep\/wp-json\/wp\/v2\/product\/20716","targetHints":{"allow":["GET"]}}],"collection":[{"href":"https:\/\/torebunia.pl\/sklep\/wp-json\/wp\/v2\/product"}],"about":[{"href":"https:\/\/torebunia.pl\/sklep\/wp-json\/wp\/v2\/types\/product"}],"replies":[{"embeddable":true,"href":"https:\/\/torebunia.pl\/sklep\/wp-json\/wp\/v2\/comments?post=20716"}],"wp:featuredmedia":[{"embeddable":true,"href":"https:\/\/torebunia.pl\/sklep\/wp-json\/wp\/v2\/media\/20717"}],"wp:attachment":[{"href":"https:\/\/torebunia.pl\/sklep\/wp-json\/wp\/v2\/media?parent=20716"}],"curies":[{"name":"wp","href":"https:\/\/api.w.org\/{rel}","templated":true}]}}