{"id":20442,"date":"2020-11-22T01:45:29","date_gmt":"2020-11-22T01:45:29","guid":{"rendered":"https:\/\/torebunia.pl\/sklep\/produkt\/dkny-torebka-skorzana-6\/"},"modified":"2021-01-27T15:49:44","modified_gmt":"2021-01-27T15:49:44","slug":"dkny-torebka-skorzana-6","status":"publish","type":"product","link":"https:\/\/torebunia.pl\/sklep\/produkt\/dkny-torebka-skorzana-6\/","title":{"rendered":"Dkny &#8211; Torebka sk\u00f3rzana"},"content":{"rendered":"<p>Parametry produktu:<\/p>\n<ul>\n<li>cena: <strong>1099.0 PLN<\/strong><\/li>\n<li>marka: <strong>DKNY<\/strong><\/li>\n<li>p\u0142e\u0107: <strong>Female<\/strong><\/li>\n<li>kategoria: <strong>ONA \/ Akcesoria \/ Torebki \/ Crossbody i listonoszki<\/strong><\/li>\n<li>kolor: <strong>czarny<\/strong><\/li>\n<\/ul>\n<p>Opis:<br \/>\nMa\u0142a torebka z kolekcji Dkny. Model zapinany wykonany ze sk\u00f3ry naturalnej. &#8211; Zapi\u0119cie na suwak. &#8211; Nieodpinany d\u0142ugi pasek z regulacj\u0105. &#8211; Torebka do noszenia na ramieniu. &#8211; Zewn\u0119trzne kieszenie. &#8211; Wewn\u0105trz dodatkowe kieszenie. &#8211; G\u0142\u0119boko\u015b\u0107: 8 cm. &#8211; Wysoko\u015b\u0107: 19 cm. &#8211; Szeroko\u015b\u0107 u podstawy: 23 cm. Wz\u00f3r: g\u0142adkie Wielko\u015b\u0107: nie mie\u015bci A4 Materia\u0142: sk\u00f3ra licowa Sk\u0142ad: 100 % Sk\u00f3ra naturalna ID produktu: 4901-TOD1ML Kod producenta: R02EKI34<\/p>\n","protected":false},"excerpt":{"rendered":"<p>Parametry produktu: cena: 1099.0 PLN marka: DKNY p\u0142e\u0107: Female kategoria: ONA \/ Akcesoria \/ Torebki \/ Crossbody i listonoszki kolor: czarny Opis: Ma\u0142a torebka z kolekcji Dkny. Model zapinany wykonany<\/p>\n","protected":false},"featured_media":20443,"comment_status":"closed","ping_status":"open","template":"","meta":[],"class_list":{"0":"post-20442","1":"product","2":"type-product","3":"status-publish","5":"hentry","6":"product_cat-akcesoria","7":"product_cat-crossbody-i-listonoszki","8":"product_cat-ona","9":"product_cat-torebki","10":"product_tag-dkny","11":"product_tag-dkny-torebka-skorzana"},"yoast_head":"<!-- This site is optimized with the Yoast SEO plugin v15.6.2 - https:\/\/yoast.com\/wordpress\/plugins\/seo\/ -->\n<title>Dkny - Torebka sk\u00f3rzana<\/title>\n<meta name=\"robots\" content=\"index, follow, max-snippet:-1, max-image-preview:large, max-video-preview:-1\" \/>\n<link rel=\"canonical\" href=\"https:\/\/torebunia.pl\/sklep\/produkt\/dkny-torebka-skorzana-6\/\" \/>\n<meta property=\"og:locale\" content=\"pl_PL\" \/>\n<meta property=\"og:type\" content=\"article\" \/>\n<meta property=\"og:title\" content=\"Dkny - Torebka sk\u00f3rzana\" \/>\n<meta property=\"og:description\" content=\"Parametry produktu: cena: 1099.0 PLN marka: DKNY p\u0142e\u0107: Female kategoria: ONA \/ Akcesoria \/ Torebki \/ Crossbody i listonoszki kolor: czarny Opis: Ma\u0142a torebka z kolekcji Dkny. Model zapinany wykonany\" \/>\n<meta property=\"og:url\" content=\"https:\/\/torebunia.pl\/sklep\/produkt\/dkny-torebka-skorzana-6\/\" \/>\n<meta property=\"og:site_name\" content=\"Moje Blog\" \/>\n<meta property=\"article:modified_time\" content=\"2021-01-27T15:49:44+00:00\" \/>\n<meta property=\"og:image\" content=\"https:\/\/torebunia.pl\/sklep\/wp-content\/uploads\/2021\/01\/1c6a44f8192247f7c467152d85ebda4438c2dfb7.jpg\" \/>\n\t<meta property=\"og:image:width\" content=\"855\" \/>\n\t<meta property=\"og:image:height\" content=\"1290\" \/>\n<meta name=\"twitter:card\" content=\"summary_large_image\" \/>\n<script type=\"application\/ld+json\" class=\"yoast-schema-graph\">{\"@context\":\"https:\/\/schema.org\",\"@graph\":[{\"@type\":\"WebSite\",\"@id\":\"https:\/\/torebunia.pl\/sklep\/#website\",\"url\":\"https:\/\/torebunia.pl\/sklep\/\",\"name\":\"Moje Blog\",\"description\":\"Kolejna witryna WordPress\",\"potentialAction\":[{\"@type\":\"SearchAction\",\"target\":\"https:\/\/torebunia.pl\/sklep\/?s={search_term_string}\",\"query-input\":\"required name=search_term_string\"}],\"inLanguage\":\"pl-PL\"},{\"@type\":\"ImageObject\",\"@id\":\"https:\/\/torebunia.pl\/sklep\/produkt\/dkny-torebka-skorzana-6\/#primaryimage\",\"inLanguage\":\"pl-PL\",\"url\":\"https:\/\/torebunia.pl\/sklep\/wp-content\/uploads\/2021\/01\/1c6a44f8192247f7c467152d85ebda4438c2dfb7.jpg\",\"width\":855,\"height\":1290,\"caption\":\"Dkny - Torebka sk\\u00f3rzana\"},{\"@type\":\"WebPage\",\"@id\":\"https:\/\/torebunia.pl\/sklep\/produkt\/dkny-torebka-skorzana-6\/#webpage\",\"url\":\"https:\/\/torebunia.pl\/sklep\/produkt\/dkny-torebka-skorzana-6\/\",\"name\":\"Dkny - Torebka sk\\u00f3rzana\",\"isPartOf\":{\"@id\":\"https:\/\/torebunia.pl\/sklep\/#website\"},\"primaryImageOfPage\":{\"@id\":\"https:\/\/torebunia.pl\/sklep\/produkt\/dkny-torebka-skorzana-6\/#primaryimage\"},\"datePublished\":\"2020-11-22T01:45:29+00:00\",\"dateModified\":\"2021-01-27T15:49:44+00:00\",\"inLanguage\":\"pl-PL\",\"potentialAction\":[{\"@type\":\"ReadAction\",\"target\":[\"https:\/\/torebunia.pl\/sklep\/produkt\/dkny-torebka-skorzana-6\/\"]}]}]}<\/script>\n<!-- \/ Yoast SEO plugin. -->","_links":{"self":[{"href":"https:\/\/torebunia.pl\/sklep\/wp-json\/wp\/v2\/product\/20442","targetHints":{"allow":["GET"]}}],"collection":[{"href":"https:\/\/torebunia.pl\/sklep\/wp-json\/wp\/v2\/product"}],"about":[{"href":"https:\/\/torebunia.pl\/sklep\/wp-json\/wp\/v2\/types\/product"}],"replies":[{"embeddable":true,"href":"https:\/\/torebunia.pl\/sklep\/wp-json\/wp\/v2\/comments?post=20442"}],"wp:featuredmedia":[{"embeddable":true,"href":"https:\/\/torebunia.pl\/sklep\/wp-json\/wp\/v2\/media\/20443"}],"wp:attachment":[{"href":"https:\/\/torebunia.pl\/sklep\/wp-json\/wp\/v2\/media?parent=20442"}],"curies":[{"name":"wp","href":"https:\/\/api.w.org\/{rel}","templated":true}]}}