{"id":20428,"date":"2020-03-12T21:03:09","date_gmt":"2020-03-12T21:03:09","guid":{"rendered":"https:\/\/torebunia.pl\/sklep\/produkt\/new-balance-rekawiczki\/"},"modified":"2021-01-27T15:49:15","modified_gmt":"2021-01-27T15:49:15","slug":"new-balance-rekawiczki","status":"publish","type":"product","link":"https:\/\/torebunia.pl\/sklep\/produkt\/new-balance-rekawiczki\/","title":{"rendered":"New Balance &#8211; R\u0119kawiczki"},"content":{"rendered":"<p>Parametry produktu:<\/p>\n<ul>\n<li>cena: <strong>79.9 PLN<\/strong><\/li>\n<li>marka: <strong>New Balance<\/strong><\/li>\n<li>p\u0142e\u0107: <strong>Female<\/strong><\/li>\n<li>kategoria: <strong>ONA \/ Akcesoria \/ R\u0119kawiczki \/ ON<\/strong><\/li>\n<li>kolor: <strong>czarny<\/strong><\/li>\n<\/ul>\n<p>Opis:<br \/>\nPi\u0119ciopalcowe r\u0119kawiczki z kolekcji New Balance. Model wykonany z cienkiej dzianiny. &#8211; Pi\u0119ciopalczasty model. &#8211; Cienka, elastyczna dzianina. &#8211; Model przeznaczony do obs\u0142ugi urz\u0105dze\u0144 z ekranami dotykowymi. Wz\u00f3r: aplikacja Sk\u0142ad: 100 % Akryl ID produktu: 4900-REU003 Kod producenta: MG934306BKW<\/p>\n","protected":false},"excerpt":{"rendered":"<p>Parametry produktu: cena: 79.9 PLN marka: New Balance p\u0142e\u0107: Female kategoria: ONA \/ Akcesoria \/ R\u0119kawiczki \/ ON kolor: czarny Opis: Pi\u0119ciopalcowe r\u0119kawiczki z kolekcji New Balance. Model wykonany z<\/p>\n","protected":false},"featured_media":20429,"comment_status":"closed","ping_status":"open","template":"","meta":[],"class_list":{"0":"post-20428","1":"product","2":"type-product","3":"status-publish","5":"hentry","6":"product_cat-akcesoria","7":"product_cat-on","8":"product_cat-ona","9":"product_cat-rekawiczki","10":"product_tag-new-balance","11":"product_tag-new-balance-rekawiczki"},"yoast_head":"<!-- This site is optimized with the Yoast SEO plugin v15.6.2 - https:\/\/yoast.com\/wordpress\/plugins\/seo\/ -->\n<title>New Balance - R\u0119kawiczki<\/title>\n<meta name=\"robots\" content=\"index, follow, max-snippet:-1, max-image-preview:large, max-video-preview:-1\" \/>\n<link rel=\"canonical\" href=\"https:\/\/torebunia.pl\/sklep\/produkt\/new-balance-rekawiczki\/\" \/>\n<meta property=\"og:locale\" content=\"pl_PL\" \/>\n<meta property=\"og:type\" content=\"article\" \/>\n<meta property=\"og:title\" content=\"New Balance - R\u0119kawiczki\" \/>\n<meta property=\"og:description\" content=\"Parametry produktu: cena: 79.9 PLN marka: New Balance p\u0142e\u0107: Female kategoria: ONA \/ Akcesoria \/ R\u0119kawiczki \/ ON kolor: czarny Opis: Pi\u0119ciopalcowe r\u0119kawiczki z kolekcji New Balance. Model wykonany z\" \/>\n<meta property=\"og:url\" content=\"https:\/\/torebunia.pl\/sklep\/produkt\/new-balance-rekawiczki\/\" \/>\n<meta property=\"og:site_name\" content=\"Moje Blog\" \/>\n<meta property=\"article:modified_time\" content=\"2021-01-27T15:49:15+00:00\" \/>\n<meta property=\"og:image\" content=\"https:\/\/torebunia.pl\/sklep\/wp-content\/uploads\/2021\/01\/735b248da8face89eb32732c1641dabb92c8a253.jpg\" \/>\n\t<meta property=\"og:image:width\" content=\"855\" \/>\n\t<meta property=\"og:image:height\" content=\"1290\" \/>\n<meta name=\"twitter:card\" content=\"summary_large_image\" \/>\n<script type=\"application\/ld+json\" class=\"yoast-schema-graph\">{\"@context\":\"https:\/\/schema.org\",\"@graph\":[{\"@type\":\"WebSite\",\"@id\":\"https:\/\/torebunia.pl\/sklep\/#website\",\"url\":\"https:\/\/torebunia.pl\/sklep\/\",\"name\":\"Moje Blog\",\"description\":\"Kolejna witryna WordPress\",\"potentialAction\":[{\"@type\":\"SearchAction\",\"target\":\"https:\/\/torebunia.pl\/sklep\/?s={search_term_string}\",\"query-input\":\"required name=search_term_string\"}],\"inLanguage\":\"pl-PL\"},{\"@type\":\"ImageObject\",\"@id\":\"https:\/\/torebunia.pl\/sklep\/produkt\/new-balance-rekawiczki\/#primaryimage\",\"inLanguage\":\"pl-PL\",\"url\":\"https:\/\/torebunia.pl\/sklep\/wp-content\/uploads\/2021\/01\/735b248da8face89eb32732c1641dabb92c8a253.jpg\",\"width\":855,\"height\":1290,\"caption\":\"New Balance - R\\u0119kawiczki\"},{\"@type\":\"WebPage\",\"@id\":\"https:\/\/torebunia.pl\/sklep\/produkt\/new-balance-rekawiczki\/#webpage\",\"url\":\"https:\/\/torebunia.pl\/sklep\/produkt\/new-balance-rekawiczki\/\",\"name\":\"New Balance - R\\u0119kawiczki\",\"isPartOf\":{\"@id\":\"https:\/\/torebunia.pl\/sklep\/#website\"},\"primaryImageOfPage\":{\"@id\":\"https:\/\/torebunia.pl\/sklep\/produkt\/new-balance-rekawiczki\/#primaryimage\"},\"datePublished\":\"2020-03-12T21:03:09+00:00\",\"dateModified\":\"2021-01-27T15:49:15+00:00\",\"inLanguage\":\"pl-PL\",\"potentialAction\":[{\"@type\":\"ReadAction\",\"target\":[\"https:\/\/torebunia.pl\/sklep\/produkt\/new-balance-rekawiczki\/\"]}]}]}<\/script>\n<!-- \/ Yoast SEO plugin. -->","_links":{"self":[{"href":"https:\/\/torebunia.pl\/sklep\/wp-json\/wp\/v2\/product\/20428","targetHints":{"allow":["GET"]}}],"collection":[{"href":"https:\/\/torebunia.pl\/sklep\/wp-json\/wp\/v2\/product"}],"about":[{"href":"https:\/\/torebunia.pl\/sklep\/wp-json\/wp\/v2\/types\/product"}],"replies":[{"embeddable":true,"href":"https:\/\/torebunia.pl\/sklep\/wp-json\/wp\/v2\/comments?post=20428"}],"wp:featuredmedia":[{"embeddable":true,"href":"https:\/\/torebunia.pl\/sklep\/wp-json\/wp\/v2\/media\/20429"}],"wp:attachment":[{"href":"https:\/\/torebunia.pl\/sklep\/wp-json\/wp\/v2\/media?parent=20428"}],"curies":[{"name":"wp","href":"https:\/\/api.w.org\/{rel}","templated":true}]}}