{"id":20426,"date":"2020-06-15T22:45:58","date_gmt":"2020-06-15T22:45:58","guid":{"rendered":"https:\/\/torebunia.pl\/sklep\/produkt\/ea7-emporio-armani-bluza-10\/"},"modified":"2021-01-27T15:49:11","modified_gmt":"2021-01-27T15:49:11","slug":"ea7-emporio-armani-bluza-10","status":"publish","type":"product","link":"https:\/\/torebunia.pl\/sklep\/produkt\/ea7-emporio-armani-bluza-10\/","title":{"rendered":"EA7 Emporio Armani &#8211; Bluza"},"content":{"rendered":"<p>Parametry produktu:<\/p>\n<ul>\n<li>cena: <strong>429.9 PLN<\/strong><\/li>\n<li>marka: <strong>EA7 Emporio Armani<\/strong><\/li>\n<li>p\u0142e\u0107: <strong>Female<\/strong><\/li>\n<li>kategoria: <strong>ONA \/ Odzie\u017c \/ Bluzy \/ Rozpinane<\/strong><\/li>\n<li>kolor: <strong>czarny<\/strong><\/li>\n<\/ul>\n<p>Opis:<br \/>\nBluza z kolekcji EA7 Emporio Armani. Model zapinany na suwak wykonany z cienkiej, lekko elastycznej dzianiny. &#8211; Prosty fason. &#8211; Zapi\u0119cie na suwak. &#8211; Wsuwane kieszenie. &#8211; Cienka, elastyczna dzianina. &#8211; Wyko\u0144czenie ze \u015bci\u0105gacza. &#8211; D\u0142ugo\u015b\u0107 r\u0119kawa: 63 cm. &#8211; D\u0142ugo\u015b\u0107: 62 cm. &#8211; Szeroko\u015b\u0107 pod pachami: 46 cm. &#8211; Wymiary podane dla rozmiaru: S. Wz\u00f3r: nadruk Materia\u0142: z elastanem Kaptur: bez kaptura Sk\u0142ad: Materia\u0142 zasadniczy: 96 % Bawe\u0142na, 4 % Elastan, \u015aci\u0105gacz: 97 % Bawe\u0142na, 3 % Elastan ID produktu: 4900-BLD04U Kod producenta: 6HTM05.TJ31Z<\/p>\n","protected":false},"excerpt":{"rendered":"<p>Parametry produktu: cena: 429.9 PLN marka: EA7 Emporio Armani p\u0142e\u0107: Female kategoria: ONA \/ Odzie\u017c \/ Bluzy \/ Rozpinane kolor: czarny Opis: Bluza z kolekcji EA7 Emporio Armani. Model zapinany<\/p>\n","protected":false},"featured_media":20427,"comment_status":"closed","ping_status":"open","template":"","meta":[],"class_list":{"0":"post-20426","1":"product","2":"type-product","3":"status-publish","5":"hentry","6":"product_cat-bluzy","7":"product_cat-odziez","8":"product_cat-ona","9":"product_cat-rozpinane","10":"product_tag-ea7-emporio-armani","11":"product_tag-ea7-emporio-armani-bluza"},"yoast_head":"<!-- This site is optimized with the Yoast SEO plugin v15.6.2 - https:\/\/yoast.com\/wordpress\/plugins\/seo\/ -->\n<title>EA7 Emporio Armani - Bluza<\/title>\n<meta name=\"robots\" content=\"index, follow, max-snippet:-1, max-image-preview:large, max-video-preview:-1\" \/>\n<link rel=\"canonical\" href=\"https:\/\/torebunia.pl\/sklep\/produkt\/ea7-emporio-armani-bluza-10\/\" \/>\n<meta property=\"og:locale\" content=\"pl_PL\" \/>\n<meta property=\"og:type\" content=\"article\" \/>\n<meta property=\"og:title\" content=\"EA7 Emporio Armani - Bluza\" \/>\n<meta property=\"og:description\" content=\"Parametry produktu: cena: 429.9 PLN marka: EA7 Emporio Armani p\u0142e\u0107: Female kategoria: ONA \/ Odzie\u017c \/ Bluzy \/ Rozpinane kolor: czarny Opis: Bluza z kolekcji EA7 Emporio Armani. Model zapinany\" \/>\n<meta property=\"og:url\" content=\"https:\/\/torebunia.pl\/sklep\/produkt\/ea7-emporio-armani-bluza-10\/\" \/>\n<meta property=\"og:site_name\" content=\"Moje Blog\" \/>\n<meta property=\"article:modified_time\" content=\"2021-01-27T15:49:11+00:00\" \/>\n<meta property=\"og:image\" content=\"https:\/\/torebunia.pl\/sklep\/wp-content\/uploads\/2021\/01\/39603e9268ada2882ce3d02ecdb10d0f77c35eb0.jpg\" \/>\n\t<meta property=\"og:image:width\" content=\"855\" \/>\n\t<meta property=\"og:image:height\" content=\"1290\" \/>\n<meta name=\"twitter:card\" content=\"summary_large_image\" \/>\n<meta name=\"twitter:label1\" content=\"Est. reading time\">\n\t<meta name=\"twitter:data1\" content=\"1 minuta\">\n<script type=\"application\/ld+json\" class=\"yoast-schema-graph\">{\"@context\":\"https:\/\/schema.org\",\"@graph\":[{\"@type\":\"WebSite\",\"@id\":\"https:\/\/torebunia.pl\/sklep\/#website\",\"url\":\"https:\/\/torebunia.pl\/sklep\/\",\"name\":\"Moje Blog\",\"description\":\"Kolejna witryna WordPress\",\"potentialAction\":[{\"@type\":\"SearchAction\",\"target\":\"https:\/\/torebunia.pl\/sklep\/?s={search_term_string}\",\"query-input\":\"required name=search_term_string\"}],\"inLanguage\":\"pl-PL\"},{\"@type\":\"ImageObject\",\"@id\":\"https:\/\/torebunia.pl\/sklep\/produkt\/ea7-emporio-armani-bluza-10\/#primaryimage\",\"inLanguage\":\"pl-PL\",\"url\":\"https:\/\/torebunia.pl\/sklep\/wp-content\/uploads\/2021\/01\/39603e9268ada2882ce3d02ecdb10d0f77c35eb0.jpg\",\"width\":855,\"height\":1290,\"caption\":\"EA7 Emporio Armani - Bluza\"},{\"@type\":\"WebPage\",\"@id\":\"https:\/\/torebunia.pl\/sklep\/produkt\/ea7-emporio-armani-bluza-10\/#webpage\",\"url\":\"https:\/\/torebunia.pl\/sklep\/produkt\/ea7-emporio-armani-bluza-10\/\",\"name\":\"EA7 Emporio Armani - Bluza\",\"isPartOf\":{\"@id\":\"https:\/\/torebunia.pl\/sklep\/#website\"},\"primaryImageOfPage\":{\"@id\":\"https:\/\/torebunia.pl\/sklep\/produkt\/ea7-emporio-armani-bluza-10\/#primaryimage\"},\"datePublished\":\"2020-06-15T22:45:58+00:00\",\"dateModified\":\"2021-01-27T15:49:11+00:00\",\"inLanguage\":\"pl-PL\",\"potentialAction\":[{\"@type\":\"ReadAction\",\"target\":[\"https:\/\/torebunia.pl\/sklep\/produkt\/ea7-emporio-armani-bluza-10\/\"]}]}]}<\/script>\n<!-- \/ Yoast SEO plugin. -->","_links":{"self":[{"href":"https:\/\/torebunia.pl\/sklep\/wp-json\/wp\/v2\/product\/20426","targetHints":{"allow":["GET"]}}],"collection":[{"href":"https:\/\/torebunia.pl\/sklep\/wp-json\/wp\/v2\/product"}],"about":[{"href":"https:\/\/torebunia.pl\/sklep\/wp-json\/wp\/v2\/types\/product"}],"replies":[{"embeddable":true,"href":"https:\/\/torebunia.pl\/sklep\/wp-json\/wp\/v2\/comments?post=20426"}],"wp:featuredmedia":[{"embeddable":true,"href":"https:\/\/torebunia.pl\/sklep\/wp-json\/wp\/v2\/media\/20427"}],"wp:attachment":[{"href":"https:\/\/torebunia.pl\/sklep\/wp-json\/wp\/v2\/media?parent=20426"}],"curies":[{"name":"wp","href":"https:\/\/api.w.org\/{rel}","templated":true}]}}