{"id":20270,"date":"2020-03-22T14:33:33","date_gmt":"2020-03-22T14:33:33","guid":{"rendered":"https:\/\/torebunia.pl\/sklep\/produkt\/happy-socks-skarpetki-tune-in-x-disney\/"},"modified":"2021-01-27T15:43:09","modified_gmt":"2021-01-27T15:43:09","slug":"happy-socks-skarpetki-tune-in-x-disney","status":"publish","type":"product","link":"https:\/\/torebunia.pl\/sklep\/produkt\/happy-socks-skarpetki-tune-in-x-disney\/","title":{"rendered":"Happy Socks &#8211; Skarpetki Tune In X Disney"},"content":{"rendered":"<p>Parametry produktu:<\/p>\n<ul>\n<li>cena: <strong>59.9 PLN<\/strong><\/li>\n<li>marka: <strong>Happy Socks<\/strong><\/li>\n<li>p\u0142e\u0107: <strong>Female<\/strong><\/li>\n<li>kategoria: <strong>ONA \/ Odzie\u017c \/ Skarpetki<\/strong><\/li>\n<li>kolor: <strong>multikolor<\/strong><\/li>\n<\/ul>\n<p>Opis:<br \/>\nD\u0142ugie skarpetki z kolekcji Happy Socks. Model wykonany z elastycznego materia\u0142u. Wz\u00f3r: wzorzyste Rodzaj: skarpetki d\u0142ugie Sk\u0142ad: 86 % Bawe\u0142na, 2 % Elastan, 12 % Poliamid ID produktu: 4900-LGD0CO Kod producenta: DNY01.9100<\/p>\n","protected":false},"excerpt":{"rendered":"<p>Parametry produktu: cena: 59.9 PLN marka: Happy Socks p\u0142e\u0107: Female kategoria: ONA \/ Odzie\u017c \/ Skarpetki kolor: multikolor Opis: D\u0142ugie skarpetki z kolekcji Happy Socks. Model wykonany z elastycznego materia\u0142u.<\/p>\n","protected":false},"featured_media":20271,"comment_status":"closed","ping_status":"open","template":"","meta":[],"class_list":{"0":"post-20270","1":"product","2":"type-product","3":"status-publish","5":"hentry","6":"product_cat-odziez","7":"product_cat-ona","8":"product_cat-skarpetki","9":"product_tag-happy-socks","10":"product_tag-happy-socks-skarpetki-tune-in-x-disney"},"yoast_head":"<!-- This site is optimized with the Yoast SEO plugin v15.6.2 - https:\/\/yoast.com\/wordpress\/plugins\/seo\/ -->\n<title>Happy Socks - Skarpetki Tune In X Disney<\/title>\n<meta name=\"robots\" content=\"index, follow, max-snippet:-1, max-image-preview:large, max-video-preview:-1\" \/>\n<link rel=\"canonical\" href=\"https:\/\/torebunia.pl\/sklep\/produkt\/happy-socks-skarpetki-tune-in-x-disney\/\" \/>\n<meta property=\"og:locale\" content=\"pl_PL\" \/>\n<meta property=\"og:type\" content=\"article\" \/>\n<meta property=\"og:title\" content=\"Happy Socks - Skarpetki Tune In X Disney\" \/>\n<meta property=\"og:description\" content=\"Parametry produktu: cena: 59.9 PLN marka: Happy Socks p\u0142e\u0107: Female kategoria: ONA \/ Odzie\u017c \/ Skarpetki kolor: multikolor Opis: D\u0142ugie skarpetki z kolekcji Happy Socks. Model wykonany z elastycznego materia\u0142u.\" \/>\n<meta property=\"og:url\" content=\"https:\/\/torebunia.pl\/sklep\/produkt\/happy-socks-skarpetki-tune-in-x-disney\/\" \/>\n<meta property=\"og:site_name\" content=\"Moje Blog\" \/>\n<meta property=\"article:modified_time\" content=\"2021-01-27T15:43:09+00:00\" \/>\n<meta property=\"og:image\" content=\"https:\/\/torebunia.pl\/sklep\/wp-content\/uploads\/2021\/01\/4d260f81acd028f0d9c124b19a6346f223528357.jpg\" \/>\n\t<meta property=\"og:image:width\" content=\"855\" \/>\n\t<meta property=\"og:image:height\" content=\"1290\" \/>\n<meta name=\"twitter:card\" content=\"summary_large_image\" \/>\n<script type=\"application\/ld+json\" class=\"yoast-schema-graph\">{\"@context\":\"https:\/\/schema.org\",\"@graph\":[{\"@type\":\"WebSite\",\"@id\":\"https:\/\/torebunia.pl\/sklep\/#website\",\"url\":\"https:\/\/torebunia.pl\/sklep\/\",\"name\":\"Moje Blog\",\"description\":\"Kolejna witryna WordPress\",\"potentialAction\":[{\"@type\":\"SearchAction\",\"target\":\"https:\/\/torebunia.pl\/sklep\/?s={search_term_string}\",\"query-input\":\"required name=search_term_string\"}],\"inLanguage\":\"pl-PL\"},{\"@type\":\"ImageObject\",\"@id\":\"https:\/\/torebunia.pl\/sklep\/produkt\/happy-socks-skarpetki-tune-in-x-disney\/#primaryimage\",\"inLanguage\":\"pl-PL\",\"url\":\"https:\/\/torebunia.pl\/sklep\/wp-content\/uploads\/2021\/01\/4d260f81acd028f0d9c124b19a6346f223528357.jpg\",\"width\":855,\"height\":1290,\"caption\":\"Happy Socks - Skarpetki Tune In X Disney\"},{\"@type\":\"WebPage\",\"@id\":\"https:\/\/torebunia.pl\/sklep\/produkt\/happy-socks-skarpetki-tune-in-x-disney\/#webpage\",\"url\":\"https:\/\/torebunia.pl\/sklep\/produkt\/happy-socks-skarpetki-tune-in-x-disney\/\",\"name\":\"Happy Socks - Skarpetki Tune In X Disney\",\"isPartOf\":{\"@id\":\"https:\/\/torebunia.pl\/sklep\/#website\"},\"primaryImageOfPage\":{\"@id\":\"https:\/\/torebunia.pl\/sklep\/produkt\/happy-socks-skarpetki-tune-in-x-disney\/#primaryimage\"},\"datePublished\":\"2020-03-22T14:33:33+00:00\",\"dateModified\":\"2021-01-27T15:43:09+00:00\",\"inLanguage\":\"pl-PL\",\"potentialAction\":[{\"@type\":\"ReadAction\",\"target\":[\"https:\/\/torebunia.pl\/sklep\/produkt\/happy-socks-skarpetki-tune-in-x-disney\/\"]}]}]}<\/script>\n<!-- \/ Yoast SEO plugin. -->","_links":{"self":[{"href":"https:\/\/torebunia.pl\/sklep\/wp-json\/wp\/v2\/product\/20270","targetHints":{"allow":["GET"]}}],"collection":[{"href":"https:\/\/torebunia.pl\/sklep\/wp-json\/wp\/v2\/product"}],"about":[{"href":"https:\/\/torebunia.pl\/sklep\/wp-json\/wp\/v2\/types\/product"}],"replies":[{"embeddable":true,"href":"https:\/\/torebunia.pl\/sklep\/wp-json\/wp\/v2\/comments?post=20270"}],"wp:featuredmedia":[{"embeddable":true,"href":"https:\/\/torebunia.pl\/sklep\/wp-json\/wp\/v2\/media\/20271"}],"wp:attachment":[{"href":"https:\/\/torebunia.pl\/sklep\/wp-json\/wp\/v2\/media?parent=20270"}],"curies":[{"name":"wp","href":"https:\/\/api.w.org\/{rel}","templated":true}]}}