{"id":20252,"date":"2020-11-28T18:12:32","date_gmt":"2020-11-28T18:12:32","guid":{"rendered":"https:\/\/torebunia.pl\/sklep\/produkt\/hailys-t-shirt-2\/"},"modified":"2021-01-27T15:42:31","modified_gmt":"2021-01-27T15:42:31","slug":"hailys-t-shirt-2","status":"publish","type":"product","link":"https:\/\/torebunia.pl\/sklep\/produkt\/hailys-t-shirt-2\/","title":{"rendered":"Haily&#8217;s &#8211; T-shirt"},"content":{"rendered":"<p>Parametry produktu:<\/p>\n<ul>\n<li>cena: <strong>49.9 PLN<\/strong><\/li>\n<li>marka: <strong>Haily&#8217;s<\/strong><\/li>\n<li>p\u0142e\u0107: <strong>Female<\/strong><\/li>\n<li>kategoria: <strong>ONA \/ Odzie\u017c \/ Topy i t-shirty \/ Z kr\u00f3tkim r\u0119kawem<\/strong><\/li>\n<li>kolor: <strong>bia\u0142y<\/strong><\/li>\n<\/ul>\n<p>Opis:<br \/>\nT-shirt z kolekcji Haily&#8217;s. Model wykonany z dzianiny z nadrukiem. &#8211; Prosty fason. &#8211; Okr\u0105g\u0142y dekolt. &#8211; Model z nadrukiem. Wz\u00f3r: nadruk Dekolt: okr\u0105g\u0142y Okazje: casual Sk\u0142ad: Poliester, Wiskoza ID produktu: 4900-TSD12Y Kod producenta: AY.87821<\/p>\n","protected":false},"excerpt":{"rendered":"<p>Parametry produktu: cena: 49.9 PLN marka: Haily&#8217;s p\u0142e\u0107: Female kategoria: ONA \/ Odzie\u017c \/ Topy i t-shirty \/ Z kr\u00f3tkim r\u0119kawem kolor: bia\u0142y Opis: T-shirt z kolekcji Haily&#8217;s. Model wykonany<\/p>\n","protected":false},"featured_media":20253,"comment_status":"closed","ping_status":"open","template":"","meta":[],"class_list":{"0":"post-20252","1":"product","2":"type-product","3":"status-publish","5":"hentry","6":"product_cat-odziez","7":"product_cat-ona","8":"product_cat-topy-i-t-shirty","9":"product_cat-z-krotkim-rekawem","10":"product_tag-hailys","11":"product_tag-hailys-t-shirt"},"yoast_head":"<!-- This site is optimized with the Yoast SEO plugin v15.6.2 - https:\/\/yoast.com\/wordpress\/plugins\/seo\/ -->\n<title>Haily&#039;s - T-shirt<\/title>\n<meta name=\"robots\" content=\"index, follow, max-snippet:-1, max-image-preview:large, max-video-preview:-1\" \/>\n<link rel=\"canonical\" href=\"https:\/\/torebunia.pl\/sklep\/produkt\/hailys-t-shirt-2\/\" \/>\n<meta property=\"og:locale\" content=\"pl_PL\" \/>\n<meta property=\"og:type\" content=\"article\" \/>\n<meta property=\"og:title\" content=\"Haily&#039;s - T-shirt\" \/>\n<meta property=\"og:description\" content=\"Parametry produktu: cena: 49.9 PLN marka: Haily&#8217;s p\u0142e\u0107: Female kategoria: ONA \/ Odzie\u017c \/ Topy i t-shirty \/ Z kr\u00f3tkim r\u0119kawem kolor: bia\u0142y Opis: T-shirt z kolekcji Haily&#8217;s. Model wykonany\" \/>\n<meta property=\"og:url\" content=\"https:\/\/torebunia.pl\/sklep\/produkt\/hailys-t-shirt-2\/\" \/>\n<meta property=\"og:site_name\" content=\"Moje Blog\" \/>\n<meta property=\"article:modified_time\" content=\"2021-01-27T15:42:31+00:00\" \/>\n<meta property=\"og:image\" content=\"https:\/\/torebunia.pl\/sklep\/wp-content\/uploads\/2021\/01\/db6ce13a3a867b82b6c4337f655d443550a7be7f.jpg\" \/>\n\t<meta property=\"og:image:width\" content=\"855\" \/>\n\t<meta property=\"og:image:height\" content=\"1290\" \/>\n<meta name=\"twitter:card\" content=\"summary_large_image\" \/>\n<script type=\"application\/ld+json\" class=\"yoast-schema-graph\">{\"@context\":\"https:\/\/schema.org\",\"@graph\":[{\"@type\":\"WebSite\",\"@id\":\"https:\/\/torebunia.pl\/sklep\/#website\",\"url\":\"https:\/\/torebunia.pl\/sklep\/\",\"name\":\"Moje Blog\",\"description\":\"Kolejna witryna WordPress\",\"potentialAction\":[{\"@type\":\"SearchAction\",\"target\":\"https:\/\/torebunia.pl\/sklep\/?s={search_term_string}\",\"query-input\":\"required name=search_term_string\"}],\"inLanguage\":\"pl-PL\"},{\"@type\":\"ImageObject\",\"@id\":\"https:\/\/torebunia.pl\/sklep\/produkt\/hailys-t-shirt-2\/#primaryimage\",\"inLanguage\":\"pl-PL\",\"url\":\"https:\/\/torebunia.pl\/sklep\/wp-content\/uploads\/2021\/01\/db6ce13a3a867b82b6c4337f655d443550a7be7f.jpg\",\"width\":855,\"height\":1290,\"caption\":\"Haily's - T-shirt\"},{\"@type\":\"WebPage\",\"@id\":\"https:\/\/torebunia.pl\/sklep\/produkt\/hailys-t-shirt-2\/#webpage\",\"url\":\"https:\/\/torebunia.pl\/sklep\/produkt\/hailys-t-shirt-2\/\",\"name\":\"Haily's - T-shirt\",\"isPartOf\":{\"@id\":\"https:\/\/torebunia.pl\/sklep\/#website\"},\"primaryImageOfPage\":{\"@id\":\"https:\/\/torebunia.pl\/sklep\/produkt\/hailys-t-shirt-2\/#primaryimage\"},\"datePublished\":\"2020-11-28T18:12:32+00:00\",\"dateModified\":\"2021-01-27T15:42:31+00:00\",\"inLanguage\":\"pl-PL\",\"potentialAction\":[{\"@type\":\"ReadAction\",\"target\":[\"https:\/\/torebunia.pl\/sklep\/produkt\/hailys-t-shirt-2\/\"]}]}]}<\/script>\n<!-- \/ Yoast SEO plugin. -->","_links":{"self":[{"href":"https:\/\/torebunia.pl\/sklep\/wp-json\/wp\/v2\/product\/20252","targetHints":{"allow":["GET"]}}],"collection":[{"href":"https:\/\/torebunia.pl\/sklep\/wp-json\/wp\/v2\/product"}],"about":[{"href":"https:\/\/torebunia.pl\/sklep\/wp-json\/wp\/v2\/types\/product"}],"replies":[{"embeddable":true,"href":"https:\/\/torebunia.pl\/sklep\/wp-json\/wp\/v2\/comments?post=20252"}],"wp:featuredmedia":[{"embeddable":true,"href":"https:\/\/torebunia.pl\/sklep\/wp-json\/wp\/v2\/media\/20253"}],"wp:attachment":[{"href":"https:\/\/torebunia.pl\/sklep\/wp-json\/wp\/v2\/media?parent=20252"}],"curies":[{"name":"wp","href":"https:\/\/api.w.org\/{rel}","templated":true}]}}