{"id":20184,"date":"2020-10-30T16:04:37","date_gmt":"2020-10-30T16:04:37","guid":{"rendered":"https:\/\/torebunia.pl\/sklep\/produkt\/jacqueline-de-yong-jeansy-life-4\/"},"modified":"2021-01-27T15:40:06","modified_gmt":"2021-01-27T15:40:06","slug":"jacqueline-de-yong-jeansy-life-4","status":"publish","type":"product","link":"https:\/\/torebunia.pl\/sklep\/produkt\/jacqueline-de-yong-jeansy-life-4\/","title":{"rendered":"Jacqueline de Yong &#8211; Jeansy Life"},"content":{"rendered":"<p>Parametry produktu:<\/p>\n<ul>\n<li>cena: <strong>119.9 PLN<\/strong><\/li>\n<li>marka: <strong>Jacqueline de Yong<\/strong><\/li>\n<li>p\u0142e\u0107: <strong>Female<\/strong><\/li>\n<li>kategoria: <strong>ONA \/ Odzie\u017c \/ Jeansy \/ Slim i skinny<\/strong><\/li>\n<li>kolor: <strong>szary<\/strong><\/li>\n<\/ul>\n<p>Opis:<br \/>\nJeansy z kolekcji Jacqueline de Yong w fasonie skinny z podwy\u017cszon\u0105 tali\u0105. Model wykonany z g\u0142adkiego denimu. &#8211; Fason skinny. &#8211; Wsuwane kieszenie. &#8211; Podwy\u017cszony stan. &#8211; Zapi\u0119cie na guzik i suwak. &#8211; Szeroko\u015b\u0107 w pasie: 35 cm. &#8211; Szeroko\u015b\u0107 w biodrach: 39 cm. &#8211; Wysoko\u015b\u0107 stanu: 25 cm. &#8211; Szeroko\u015b\u0107 nogawki na dole: 12 cm. &#8211; Szeroko\u015b\u0107 nogawki: 22 cm. &#8211; D\u0142ugo\u015b\u0107: 98 cm. &#8211; Wymiary podane dla rozmiaru: S\/32. Talia: high Kolor jeansu: szary Sk\u0142ad: 68 % Bawe\u0142na, 2 % Elastan, 30 % Poliester ID produktu: 100-SJD03A Kod producenta: 15208240<\/p>\n","protected":false},"excerpt":{"rendered":"<p>Parametry produktu: cena: 119.9 PLN marka: Jacqueline de Yong p\u0142e\u0107: Female kategoria: ONA \/ Odzie\u017c \/ Jeansy \/ Slim i skinny kolor: szary Opis: Jeansy z kolekcji Jacqueline de Yong<\/p>\n","protected":false},"featured_media":20185,"comment_status":"closed","ping_status":"open","template":"","meta":[],"class_list":{"0":"post-20184","1":"product","2":"type-product","3":"status-publish","5":"hentry","6":"product_cat-jeansy","7":"product_cat-odziez","8":"product_cat-ona","9":"product_cat-slim-i-skinny","10":"product_tag-jacqueline-de-yong","11":"product_tag-jacqueline-de-yong-jeansy-life"},"yoast_head":"<!-- This site is optimized with the Yoast SEO plugin v15.6.2 - https:\/\/yoast.com\/wordpress\/plugins\/seo\/ -->\n<title>Jacqueline de Yong - Jeansy Life<\/title>\n<meta name=\"robots\" content=\"index, follow, max-snippet:-1, max-image-preview:large, max-video-preview:-1\" \/>\n<link rel=\"canonical\" href=\"https:\/\/torebunia.pl\/sklep\/produkt\/jacqueline-de-yong-jeansy-life-4\/\" \/>\n<meta property=\"og:locale\" content=\"pl_PL\" \/>\n<meta property=\"og:type\" content=\"article\" \/>\n<meta property=\"og:title\" content=\"Jacqueline de Yong - Jeansy Life\" \/>\n<meta property=\"og:description\" content=\"Parametry produktu: cena: 119.9 PLN marka: Jacqueline de Yong p\u0142e\u0107: Female kategoria: ONA \/ Odzie\u017c \/ Jeansy \/ Slim i skinny kolor: szary Opis: Jeansy z kolekcji Jacqueline de Yong\" \/>\n<meta property=\"og:url\" content=\"https:\/\/torebunia.pl\/sklep\/produkt\/jacqueline-de-yong-jeansy-life-4\/\" \/>\n<meta property=\"og:site_name\" content=\"Moje Blog\" \/>\n<meta property=\"article:modified_time\" content=\"2021-01-27T15:40:06+00:00\" \/>\n<meta property=\"og:image\" content=\"https:\/\/torebunia.pl\/sklep\/wp-content\/uploads\/2021\/01\/e3a685f7dc42148b19435aa82342def03657cbce-1.jpg\" \/>\n\t<meta property=\"og:image:width\" content=\"855\" \/>\n\t<meta property=\"og:image:height\" content=\"1290\" \/>\n<meta name=\"twitter:card\" content=\"summary_large_image\" \/>\n<meta name=\"twitter:label1\" content=\"Est. reading time\">\n\t<meta name=\"twitter:data1\" content=\"1 minuta\">\n<script type=\"application\/ld+json\" class=\"yoast-schema-graph\">{\"@context\":\"https:\/\/schema.org\",\"@graph\":[{\"@type\":\"WebSite\",\"@id\":\"https:\/\/torebunia.pl\/sklep\/#website\",\"url\":\"https:\/\/torebunia.pl\/sklep\/\",\"name\":\"Moje Blog\",\"description\":\"Kolejna witryna WordPress\",\"potentialAction\":[{\"@type\":\"SearchAction\",\"target\":\"https:\/\/torebunia.pl\/sklep\/?s={search_term_string}\",\"query-input\":\"required name=search_term_string\"}],\"inLanguage\":\"pl-PL\"},{\"@type\":\"ImageObject\",\"@id\":\"https:\/\/torebunia.pl\/sklep\/produkt\/jacqueline-de-yong-jeansy-life-4\/#primaryimage\",\"inLanguage\":\"pl-PL\",\"url\":\"https:\/\/torebunia.pl\/sklep\/wp-content\/uploads\/2021\/01\/e3a685f7dc42148b19435aa82342def03657cbce-1.jpg\",\"width\":855,\"height\":1290,\"caption\":\"Jacqueline de Yong - Jeansy Life\"},{\"@type\":\"WebPage\",\"@id\":\"https:\/\/torebunia.pl\/sklep\/produkt\/jacqueline-de-yong-jeansy-life-4\/#webpage\",\"url\":\"https:\/\/torebunia.pl\/sklep\/produkt\/jacqueline-de-yong-jeansy-life-4\/\",\"name\":\"Jacqueline de Yong - Jeansy Life\",\"isPartOf\":{\"@id\":\"https:\/\/torebunia.pl\/sklep\/#website\"},\"primaryImageOfPage\":{\"@id\":\"https:\/\/torebunia.pl\/sklep\/produkt\/jacqueline-de-yong-jeansy-life-4\/#primaryimage\"},\"datePublished\":\"2020-10-30T16:04:37+00:00\",\"dateModified\":\"2021-01-27T15:40:06+00:00\",\"inLanguage\":\"pl-PL\",\"potentialAction\":[{\"@type\":\"ReadAction\",\"target\":[\"https:\/\/torebunia.pl\/sklep\/produkt\/jacqueline-de-yong-jeansy-life-4\/\"]}]}]}<\/script>\n<!-- \/ Yoast SEO plugin. -->","_links":{"self":[{"href":"https:\/\/torebunia.pl\/sklep\/wp-json\/wp\/v2\/product\/20184","targetHints":{"allow":["GET"]}}],"collection":[{"href":"https:\/\/torebunia.pl\/sklep\/wp-json\/wp\/v2\/product"}],"about":[{"href":"https:\/\/torebunia.pl\/sklep\/wp-json\/wp\/v2\/types\/product"}],"replies":[{"embeddable":true,"href":"https:\/\/torebunia.pl\/sklep\/wp-json\/wp\/v2\/comments?post=20184"}],"wp:featuredmedia":[{"embeddable":true,"href":"https:\/\/torebunia.pl\/sklep\/wp-json\/wp\/v2\/media\/20185"}],"wp:attachment":[{"href":"https:\/\/torebunia.pl\/sklep\/wp-json\/wp\/v2\/media?parent=20184"}],"curies":[{"name":"wp","href":"https:\/\/api.w.org\/{rel}","templated":true}]}}