{"id":20058,"date":"2020-09-01T22:21:08","date_gmt":"2020-09-01T22:21:08","guid":{"rendered":"https:\/\/torebunia.pl\/sklep\/produkt\/banana-moon-stroj-kapielowy-fresh-sailor\/"},"modified":"2021-01-27T15:34:57","modified_gmt":"2021-01-27T15:34:57","slug":"banana-moon-stroj-kapielowy-fresh-sailor","status":"publish","type":"product","link":"https:\/\/torebunia.pl\/sklep\/produkt\/banana-moon-stroj-kapielowy-fresh-sailor\/","title":{"rendered":"Banana Moon &#8211; Str\u00f3j k\u0105pielowy Fresh Sailor"},"content":{"rendered":"<p>Parametry produktu:<\/p>\n<ul>\n<li>cena: <strong>419.9 PLN<\/strong><\/li>\n<li>marka: <strong>Banana Moon<\/strong><\/li>\n<li>p\u0142e\u0107: <strong>Female<\/strong><\/li>\n<li>kategoria: <strong>ONA \/ Odzie\u017c \/ Stroje k\u0105pielowe \/ Jednocz\u0119\u015bciowe<\/strong><\/li>\n<li>kolor: <strong>granatowy<\/strong><\/li>\n<\/ul>\n<p>Opis:<br \/>\nJednocz\u0119\u015bciowy str\u00f3j k\u0105pielowy z kolekcji Banana Moon. Model wykonany z elastycznego materia\u0142u. &#8211; Szybkoschn\u0105cy materia\u0142. &#8211; Nieregulowane, nieodpinane rami\u0105czka. &#8211; Model z ozdobnymi haftami. &#8211; Lekko usztywniona miseczka. &#8211; Miseczka z wyjmowanymi wk\u0142adkami. &#8211; D\u0142ugo\u015b\u0107: 64 cm. &#8211; Szeroko\u015b\u0107 pod pachami: 31 cm. Miseczka: lekko usztywniana Miseczka: bez fiszbin\u00f3w Wz\u00f3r: aplikacja Sk\u0142ad: Podszewka: 25 % Elastan, 75 % Poliamid, Materia\u0142 zasadniczy: 28 % Elastan, 72 % Poliamid ID produktu: 4901-BID0TN Kod producenta: FRESH.SAILOR<\/p>\n","protected":false},"excerpt":{"rendered":"<p>Parametry produktu: cena: 419.9 PLN marka: Banana Moon p\u0142e\u0107: Female kategoria: ONA \/ Odzie\u017c \/ Stroje k\u0105pielowe \/ Jednocz\u0119\u015bciowe kolor: granatowy Opis: Jednocz\u0119\u015bciowy str\u00f3j k\u0105pielowy z kolekcji Banana Moon. Model<\/p>\n","protected":false},"featured_media":20059,"comment_status":"closed","ping_status":"open","template":"","meta":[],"class_list":{"0":"post-20058","1":"product","2":"type-product","3":"status-publish","5":"hentry","6":"product_cat-jednoczesciowe","7":"product_cat-odziez","8":"product_cat-ona","9":"product_cat-stroje-kapielowe","10":"product_tag-banana-moon","11":"product_tag-banana-moon-stroj-kapielowy-fresh-sailor"},"yoast_head":"<!-- This site is optimized with the Yoast SEO plugin v15.6.2 - https:\/\/yoast.com\/wordpress\/plugins\/seo\/ -->\n<title>Banana Moon - Str\u00f3j k\u0105pielowy Fresh Sailor<\/title>\n<meta name=\"robots\" content=\"index, follow, max-snippet:-1, max-image-preview:large, max-video-preview:-1\" \/>\n<link rel=\"canonical\" href=\"https:\/\/torebunia.pl\/sklep\/produkt\/banana-moon-stroj-kapielowy-fresh-sailor\/\" \/>\n<meta property=\"og:locale\" content=\"pl_PL\" \/>\n<meta property=\"og:type\" content=\"article\" \/>\n<meta property=\"og:title\" content=\"Banana Moon - Str\u00f3j k\u0105pielowy Fresh Sailor\" \/>\n<meta property=\"og:description\" content=\"Parametry produktu: cena: 419.9 PLN marka: Banana Moon p\u0142e\u0107: Female kategoria: ONA \/ Odzie\u017c \/ Stroje k\u0105pielowe \/ Jednocz\u0119\u015bciowe kolor: granatowy Opis: Jednocz\u0119\u015bciowy str\u00f3j k\u0105pielowy z kolekcji Banana Moon. Model\" \/>\n<meta property=\"og:url\" content=\"https:\/\/torebunia.pl\/sklep\/produkt\/banana-moon-stroj-kapielowy-fresh-sailor\/\" \/>\n<meta property=\"og:site_name\" content=\"Moje Blog\" \/>\n<meta property=\"article:modified_time\" content=\"2021-01-27T15:34:57+00:00\" \/>\n<meta property=\"og:image\" content=\"https:\/\/torebunia.pl\/sklep\/wp-content\/uploads\/2021\/01\/1799b49a64b51d8be8622e8678f48a2448123c02.jpg\" \/>\n\t<meta property=\"og:image:width\" content=\"855\" \/>\n\t<meta property=\"og:image:height\" content=\"1290\" \/>\n<meta name=\"twitter:card\" content=\"summary_large_image\" \/>\n<script type=\"application\/ld+json\" class=\"yoast-schema-graph\">{\"@context\":\"https:\/\/schema.org\",\"@graph\":[{\"@type\":\"WebSite\",\"@id\":\"https:\/\/torebunia.pl\/sklep\/#website\",\"url\":\"https:\/\/torebunia.pl\/sklep\/\",\"name\":\"Moje Blog\",\"description\":\"Kolejna witryna WordPress\",\"potentialAction\":[{\"@type\":\"SearchAction\",\"target\":\"https:\/\/torebunia.pl\/sklep\/?s={search_term_string}\",\"query-input\":\"required name=search_term_string\"}],\"inLanguage\":\"pl-PL\"},{\"@type\":\"ImageObject\",\"@id\":\"https:\/\/torebunia.pl\/sklep\/produkt\/banana-moon-stroj-kapielowy-fresh-sailor\/#primaryimage\",\"inLanguage\":\"pl-PL\",\"url\":\"https:\/\/torebunia.pl\/sklep\/wp-content\/uploads\/2021\/01\/1799b49a64b51d8be8622e8678f48a2448123c02.jpg\",\"width\":855,\"height\":1290,\"caption\":\"Banana Moon - Str\\u00f3j k\\u0105pielowy Fresh Sailor\"},{\"@type\":\"WebPage\",\"@id\":\"https:\/\/torebunia.pl\/sklep\/produkt\/banana-moon-stroj-kapielowy-fresh-sailor\/#webpage\",\"url\":\"https:\/\/torebunia.pl\/sklep\/produkt\/banana-moon-stroj-kapielowy-fresh-sailor\/\",\"name\":\"Banana Moon - Str\\u00f3j k\\u0105pielowy Fresh Sailor\",\"isPartOf\":{\"@id\":\"https:\/\/torebunia.pl\/sklep\/#website\"},\"primaryImageOfPage\":{\"@id\":\"https:\/\/torebunia.pl\/sklep\/produkt\/banana-moon-stroj-kapielowy-fresh-sailor\/#primaryimage\"},\"datePublished\":\"2020-09-01T22:21:08+00:00\",\"dateModified\":\"2021-01-27T15:34:57+00:00\",\"inLanguage\":\"pl-PL\",\"potentialAction\":[{\"@type\":\"ReadAction\",\"target\":[\"https:\/\/torebunia.pl\/sklep\/produkt\/banana-moon-stroj-kapielowy-fresh-sailor\/\"]}]}]}<\/script>\n<!-- \/ Yoast SEO plugin. -->","_links":{"self":[{"href":"https:\/\/torebunia.pl\/sklep\/wp-json\/wp\/v2\/product\/20058","targetHints":{"allow":["GET"]}}],"collection":[{"href":"https:\/\/torebunia.pl\/sklep\/wp-json\/wp\/v2\/product"}],"about":[{"href":"https:\/\/torebunia.pl\/sklep\/wp-json\/wp\/v2\/types\/product"}],"replies":[{"embeddable":true,"href":"https:\/\/torebunia.pl\/sklep\/wp-json\/wp\/v2\/comments?post=20058"}],"wp:featuredmedia":[{"embeddable":true,"href":"https:\/\/torebunia.pl\/sklep\/wp-json\/wp\/v2\/media\/20059"}],"wp:attachment":[{"href":"https:\/\/torebunia.pl\/sklep\/wp-json\/wp\/v2\/media?parent=20058"}],"curies":[{"name":"wp","href":"https:\/\/api.w.org\/{rel}","templated":true}]}}