{"id":19992,"date":"2020-10-31T16:18:47","date_gmt":"2020-10-31T16:18:47","guid":{"rendered":"https:\/\/torebunia.pl\/sklep\/produkt\/lauren-ralph-lauren-figi-kapielowe\/"},"modified":"2021-01-27T15:32:27","modified_gmt":"2021-01-27T15:32:27","slug":"lauren-ralph-lauren-figi-kapielowe","status":"publish","type":"product","link":"https:\/\/torebunia.pl\/sklep\/produkt\/lauren-ralph-lauren-figi-kapielowe\/","title":{"rendered":"Lauren Ralph Lauren &#8211; Figi k\u0105pielowe"},"content":{"rendered":"<p>Parametry produktu:<\/p>\n<ul>\n<li>cena: <strong>319.9 PLN<\/strong><\/li>\n<li>marka: <strong>Lauren Ralph Lauren<\/strong><\/li>\n<li>p\u0142e\u0107: <strong>Female<\/strong><\/li>\n<li>kategoria: <strong>ONA \/ Odzie\u017c \/ Stroje k\u0105pielowe \/ Dwucz\u0119\u015bciowe<\/strong><\/li>\n<li>kolor: <strong>czarny<\/strong><\/li>\n<\/ul>\n<p>Opis:<br \/>\nFigi k\u0105pielowe z kolekcji Lauren Ralph Lauren. Model wykonany z wzorzystego materia\u0142u. Wz\u00f3r: wzorzyste Rodzaj: d\u00f3\u0142 Sk\u0142ad: Podszewka: 30 % Lycra, 70 % Nylon, Materia\u0142 zasadniczy: 17 % Elastan, 83 % Nylon ID produktu: 4901-BID0MO Kod producenta: LR0FX93E<\/p>\n","protected":false},"excerpt":{"rendered":"<p>Parametry produktu: cena: 319.9 PLN marka: Lauren Ralph Lauren p\u0142e\u0107: Female kategoria: ONA \/ Odzie\u017c \/ Stroje k\u0105pielowe \/ Dwucz\u0119\u015bciowe kolor: czarny Opis: Figi k\u0105pielowe z kolekcji Lauren Ralph Lauren.<\/p>\n","protected":false},"featured_media":19993,"comment_status":"closed","ping_status":"open","template":"","meta":[],"class_list":{"0":"post-19992","1":"product","2":"type-product","3":"status-publish","5":"hentry","6":"product_cat-dwuczesciowe","7":"product_cat-odziez","8":"product_cat-ona","9":"product_cat-stroje-kapielowe","10":"product_tag-lauren-ralph-lauren","11":"product_tag-lauren-ralph-lauren-figi-kapielowe"},"yoast_head":"<!-- This site is optimized with the Yoast SEO plugin v15.6.2 - https:\/\/yoast.com\/wordpress\/plugins\/seo\/ -->\n<title>Lauren Ralph Lauren - Figi k\u0105pielowe<\/title>\n<meta name=\"robots\" content=\"index, follow, max-snippet:-1, max-image-preview:large, max-video-preview:-1\" \/>\n<link rel=\"canonical\" href=\"https:\/\/torebunia.pl\/sklep\/produkt\/lauren-ralph-lauren-figi-kapielowe\/\" \/>\n<meta property=\"og:locale\" content=\"pl_PL\" \/>\n<meta property=\"og:type\" content=\"article\" \/>\n<meta property=\"og:title\" content=\"Lauren Ralph Lauren - Figi k\u0105pielowe\" \/>\n<meta property=\"og:description\" content=\"Parametry produktu: cena: 319.9 PLN marka: Lauren Ralph Lauren p\u0142e\u0107: Female kategoria: ONA \/ Odzie\u017c \/ Stroje k\u0105pielowe \/ Dwucz\u0119\u015bciowe kolor: czarny Opis: Figi k\u0105pielowe z kolekcji Lauren Ralph Lauren.\" \/>\n<meta property=\"og:url\" content=\"https:\/\/torebunia.pl\/sklep\/produkt\/lauren-ralph-lauren-figi-kapielowe\/\" \/>\n<meta property=\"og:site_name\" content=\"Moje Blog\" \/>\n<meta property=\"article:modified_time\" content=\"2021-01-27T15:32:27+00:00\" \/>\n<meta property=\"og:image\" content=\"https:\/\/torebunia.pl\/sklep\/wp-content\/uploads\/2021\/01\/43bc53e149e5e72ecdecdedd1eba1298d4a896fb.jpg\" \/>\n\t<meta property=\"og:image:width\" content=\"855\" \/>\n\t<meta property=\"og:image:height\" content=\"1290\" \/>\n<meta name=\"twitter:card\" content=\"summary_large_image\" \/>\n<script type=\"application\/ld+json\" class=\"yoast-schema-graph\">{\"@context\":\"https:\/\/schema.org\",\"@graph\":[{\"@type\":\"WebSite\",\"@id\":\"https:\/\/torebunia.pl\/sklep\/#website\",\"url\":\"https:\/\/torebunia.pl\/sklep\/\",\"name\":\"Moje Blog\",\"description\":\"Kolejna witryna WordPress\",\"potentialAction\":[{\"@type\":\"SearchAction\",\"target\":\"https:\/\/torebunia.pl\/sklep\/?s={search_term_string}\",\"query-input\":\"required name=search_term_string\"}],\"inLanguage\":\"pl-PL\"},{\"@type\":\"ImageObject\",\"@id\":\"https:\/\/torebunia.pl\/sklep\/produkt\/lauren-ralph-lauren-figi-kapielowe\/#primaryimage\",\"inLanguage\":\"pl-PL\",\"url\":\"https:\/\/torebunia.pl\/sklep\/wp-content\/uploads\/2021\/01\/43bc53e149e5e72ecdecdedd1eba1298d4a896fb.jpg\",\"width\":855,\"height\":1290,\"caption\":\"Lauren Ralph Lauren - Figi k\\u0105pielowe\"},{\"@type\":\"WebPage\",\"@id\":\"https:\/\/torebunia.pl\/sklep\/produkt\/lauren-ralph-lauren-figi-kapielowe\/#webpage\",\"url\":\"https:\/\/torebunia.pl\/sklep\/produkt\/lauren-ralph-lauren-figi-kapielowe\/\",\"name\":\"Lauren Ralph Lauren - Figi k\\u0105pielowe\",\"isPartOf\":{\"@id\":\"https:\/\/torebunia.pl\/sklep\/#website\"},\"primaryImageOfPage\":{\"@id\":\"https:\/\/torebunia.pl\/sklep\/produkt\/lauren-ralph-lauren-figi-kapielowe\/#primaryimage\"},\"datePublished\":\"2020-10-31T16:18:47+00:00\",\"dateModified\":\"2021-01-27T15:32:27+00:00\",\"inLanguage\":\"pl-PL\",\"potentialAction\":[{\"@type\":\"ReadAction\",\"target\":[\"https:\/\/torebunia.pl\/sklep\/produkt\/lauren-ralph-lauren-figi-kapielowe\/\"]}]}]}<\/script>\n<!-- \/ Yoast SEO plugin. -->","_links":{"self":[{"href":"https:\/\/torebunia.pl\/sklep\/wp-json\/wp\/v2\/product\/19992","targetHints":{"allow":["GET"]}}],"collection":[{"href":"https:\/\/torebunia.pl\/sklep\/wp-json\/wp\/v2\/product"}],"about":[{"href":"https:\/\/torebunia.pl\/sklep\/wp-json\/wp\/v2\/types\/product"}],"replies":[{"embeddable":true,"href":"https:\/\/torebunia.pl\/sklep\/wp-json\/wp\/v2\/comments?post=19992"}],"wp:featuredmedia":[{"embeddable":true,"href":"https:\/\/torebunia.pl\/sklep\/wp-json\/wp\/v2\/media\/19993"}],"wp:attachment":[{"href":"https:\/\/torebunia.pl\/sklep\/wp-json\/wp\/v2\/media?parent=19992"}],"curies":[{"name":"wp","href":"https:\/\/api.w.org\/{rel}","templated":true}]}}