{"id":19898,"date":"2020-04-08T07:05:04","date_gmt":"2020-04-08T07:05:04","guid":{"rendered":"https:\/\/torebunia.pl\/sklep\/produkt\/jacqueline-de-yong-top-7\/"},"modified":"2021-01-27T15:28:29","modified_gmt":"2021-01-27T15:28:29","slug":"jacqueline-de-yong-top-7","status":"publish","type":"product","link":"https:\/\/torebunia.pl\/sklep\/produkt\/jacqueline-de-yong-top-7\/","title":{"rendered":"Jacqueline de Yong &#8211; Top"},"content":{"rendered":"<p>Parametry produktu:<\/p>\n<ul>\n<li>cena: <strong>69.9 PLN<\/strong><\/li>\n<li>marka: <strong>Jacqueline de Yong<\/strong><\/li>\n<li>p\u0142e\u0107: <strong>Female<\/strong><\/li>\n<li>kategoria: <strong>ONA \/ Odzie\u017c \/ Topy i t-shirty \/ Bez r\u0119kaw\u00f3w<\/strong><\/li>\n<li>kolor: <strong>czarny<\/strong><\/li>\n<\/ul>\n<p>Opis:<br \/>\nTop z kolekcji Jacqueline de Yong. Model wykonany z g\u0142adkiego materia\u0142u. &#8211; Spiczasty dekolt. &#8211; Prosty fason. &#8211; Model na rami\u0105czkach. &#8211; D\u0142ugo\u015b\u0107: 63 cm. &#8211; Szeroko\u015b\u0107 pod pachami: 44 cm. &#8211; Wymiary podane dla rozmiaru: 36. Wz\u00f3r: g\u0142adkie Dekolt: szpic Okazje: casual Sk\u0142ad: 100 % Poliester ID produktu: 4900-TSD0ZL Kod producenta: 15204462<\/p>\n","protected":false},"excerpt":{"rendered":"<p>Parametry produktu: cena: 69.9 PLN marka: Jacqueline de Yong p\u0142e\u0107: Female kategoria: ONA \/ Odzie\u017c \/ Topy i t-shirty \/ Bez r\u0119kaw\u00f3w kolor: czarny Opis: Top z kolekcji Jacqueline de<\/p>\n","protected":false},"featured_media":19899,"comment_status":"closed","ping_status":"open","template":"","meta":[],"class_list":{"0":"post-19898","1":"product","2":"type-product","3":"status-publish","5":"hentry","6":"product_cat-bez-rekawow","7":"product_cat-odziez","8":"product_cat-ona","9":"product_cat-topy-i-t-shirty","10":"product_tag-jacqueline-de-yong","11":"product_tag-jacqueline-de-yong-top"},"yoast_head":"<!-- This site is optimized with the Yoast SEO plugin v15.6.2 - https:\/\/yoast.com\/wordpress\/plugins\/seo\/ -->\n<title>Jacqueline de Yong - Top<\/title>\n<meta name=\"robots\" content=\"index, follow, max-snippet:-1, max-image-preview:large, max-video-preview:-1\" \/>\n<link rel=\"canonical\" href=\"https:\/\/torebunia.pl\/sklep\/produkt\/jacqueline-de-yong-top-7\/\" \/>\n<meta property=\"og:locale\" content=\"pl_PL\" \/>\n<meta property=\"og:type\" content=\"article\" \/>\n<meta property=\"og:title\" content=\"Jacqueline de Yong - Top\" \/>\n<meta property=\"og:description\" content=\"Parametry produktu: cena: 69.9 PLN marka: Jacqueline de Yong p\u0142e\u0107: Female kategoria: ONA \/ Odzie\u017c \/ Topy i t-shirty \/ Bez r\u0119kaw\u00f3w kolor: czarny Opis: Top z kolekcji Jacqueline de\" \/>\n<meta property=\"og:url\" content=\"https:\/\/torebunia.pl\/sklep\/produkt\/jacqueline-de-yong-top-7\/\" \/>\n<meta property=\"og:site_name\" content=\"Moje Blog\" \/>\n<meta property=\"article:modified_time\" content=\"2021-01-27T15:28:29+00:00\" \/>\n<meta property=\"og:image\" content=\"https:\/\/torebunia.pl\/sklep\/wp-content\/uploads\/2021\/01\/0a82f9b2699992dde1f53103357ab86bb5491c2b.jpg\" \/>\n\t<meta property=\"og:image:width\" content=\"855\" \/>\n\t<meta property=\"og:image:height\" content=\"1290\" \/>\n<meta name=\"twitter:card\" content=\"summary_large_image\" \/>\n<script type=\"application\/ld+json\" class=\"yoast-schema-graph\">{\"@context\":\"https:\/\/schema.org\",\"@graph\":[{\"@type\":\"WebSite\",\"@id\":\"https:\/\/torebunia.pl\/sklep\/#website\",\"url\":\"https:\/\/torebunia.pl\/sklep\/\",\"name\":\"Moje Blog\",\"description\":\"Kolejna witryna WordPress\",\"potentialAction\":[{\"@type\":\"SearchAction\",\"target\":\"https:\/\/torebunia.pl\/sklep\/?s={search_term_string}\",\"query-input\":\"required name=search_term_string\"}],\"inLanguage\":\"pl-PL\"},{\"@type\":\"ImageObject\",\"@id\":\"https:\/\/torebunia.pl\/sklep\/produkt\/jacqueline-de-yong-top-7\/#primaryimage\",\"inLanguage\":\"pl-PL\",\"url\":\"https:\/\/torebunia.pl\/sklep\/wp-content\/uploads\/2021\/01\/0a82f9b2699992dde1f53103357ab86bb5491c2b.jpg\",\"width\":855,\"height\":1290,\"caption\":\"Jacqueline de Yong - Top\"},{\"@type\":\"WebPage\",\"@id\":\"https:\/\/torebunia.pl\/sklep\/produkt\/jacqueline-de-yong-top-7\/#webpage\",\"url\":\"https:\/\/torebunia.pl\/sklep\/produkt\/jacqueline-de-yong-top-7\/\",\"name\":\"Jacqueline de Yong - Top\",\"isPartOf\":{\"@id\":\"https:\/\/torebunia.pl\/sklep\/#website\"},\"primaryImageOfPage\":{\"@id\":\"https:\/\/torebunia.pl\/sklep\/produkt\/jacqueline-de-yong-top-7\/#primaryimage\"},\"datePublished\":\"2020-04-08T07:05:04+00:00\",\"dateModified\":\"2021-01-27T15:28:29+00:00\",\"inLanguage\":\"pl-PL\",\"potentialAction\":[{\"@type\":\"ReadAction\",\"target\":[\"https:\/\/torebunia.pl\/sklep\/produkt\/jacqueline-de-yong-top-7\/\"]}]}]}<\/script>\n<!-- \/ Yoast SEO plugin. -->","_links":{"self":[{"href":"https:\/\/torebunia.pl\/sklep\/wp-json\/wp\/v2\/product\/19898","targetHints":{"allow":["GET"]}}],"collection":[{"href":"https:\/\/torebunia.pl\/sklep\/wp-json\/wp\/v2\/product"}],"about":[{"href":"https:\/\/torebunia.pl\/sklep\/wp-json\/wp\/v2\/types\/product"}],"replies":[{"embeddable":true,"href":"https:\/\/torebunia.pl\/sklep\/wp-json\/wp\/v2\/comments?post=19898"}],"wp:featuredmedia":[{"embeddable":true,"href":"https:\/\/torebunia.pl\/sklep\/wp-json\/wp\/v2\/media\/19899"}],"wp:attachment":[{"href":"https:\/\/torebunia.pl\/sklep\/wp-json\/wp\/v2\/media?parent=19898"}],"curies":[{"name":"wp","href":"https:\/\/api.w.org\/{rel}","templated":true}]}}