{"id":19858,"date":"2020-05-25T22:49:11","date_gmt":"2020-05-25T22:49:11","guid":{"rendered":"https:\/\/torebunia.pl\/sklep\/produkt\/answear-bluzka-35\/"},"modified":"2021-01-27T15:26:56","modified_gmt":"2021-01-27T15:26:56","slug":"answear-bluzka-35","status":"publish","type":"product","link":"https:\/\/torebunia.pl\/sklep\/produkt\/answear-bluzka-35\/","title":{"rendered":"Answear &#8211; Bluzka"},"content":{"rendered":"<p>Parametry produktu:<\/p>\n<ul>\n<li>cena: <strong>149.9 PLN<\/strong><\/li>\n<li>marka: <strong>ANSWEAR<\/strong><\/li>\n<li>p\u0142e\u0107: <strong>Female<\/strong><\/li>\n<li>kategoria: <strong>ONA \/ Odzie\u017c \/ Bluzki i koszule \/ Bluzki<\/strong><\/li>\n<li>kolor: <strong>be\u017cowy<\/strong><\/li>\n<\/ul>\n<p>Opis:<br \/>\nBluzka z kolekcji Answear. Model wykonany z wzorzystej tkaniny. Posiada ko\u0142nierzyk. &#8211; Lu\u017any fason. &#8211; Obni\u017cona linia ramion. &#8211; Model z ko\u0142nierzykiem. &#8211; Kieszonka na piersi. &#8211; Cienka, nieelastyczna tkanina. &#8211; D\u0142u\u017cszy ty\u0142. &#8211; D\u0142ugo\u015b\u0107 r\u0119kawa(mierzona od ko\u0142nierzyka): 69,5 cm. &#8211; D\u0142ugo\u015b\u0107 z przodu: 73 cm. &#8211; D\u0142ugo\u015b\u0107 z ty\u0142u: 86 cm. &#8211; Szeroko\u015b\u0107 pod pachami: 65 cm. &#8211; Wymiary podane dla rozmiaru: S. Wz\u00f3r: wzorzyste Wz\u00f3r: drobny wz\u00f3r Dekolt: szpic R\u0119kaw: d\u0142ugi Okazje: casual Fason: relaxed Sk\u0142ad: 100 % Wiskoza, ID produktu: -90-KDD01H Kod producenta: 5647.E<\/p>\n","protected":false},"excerpt":{"rendered":"<p>Parametry produktu: cena: 149.9 PLN marka: ANSWEAR p\u0142e\u0107: Female kategoria: ONA \/ Odzie\u017c \/ Bluzki i koszule \/ Bluzki kolor: be\u017cowy Opis: Bluzka z kolekcji Answear. Model wykonany z wzorzystej<\/p>\n","protected":false},"featured_media":19859,"comment_status":"closed","ping_status":"open","template":"","meta":[],"class_list":{"0":"post-19858","1":"product","2":"type-product","3":"status-publish","5":"hentry","6":"product_cat-bluzki","7":"product_cat-bluzki-i-koszule","8":"product_cat-odziez","9":"product_cat-ona","10":"product_tag-answear","11":"product_tag-answear-bluzka"},"yoast_head":"<!-- This site is optimized with the Yoast SEO plugin v15.6.2 - https:\/\/yoast.com\/wordpress\/plugins\/seo\/ -->\n<title>Answear - Bluzka<\/title>\n<meta name=\"robots\" content=\"index, follow, max-snippet:-1, max-image-preview:large, max-video-preview:-1\" \/>\n<link rel=\"canonical\" href=\"https:\/\/torebunia.pl\/sklep\/produkt\/answear-bluzka-35\/\" \/>\n<meta property=\"og:locale\" content=\"pl_PL\" \/>\n<meta property=\"og:type\" content=\"article\" \/>\n<meta property=\"og:title\" content=\"Answear - Bluzka\" \/>\n<meta property=\"og:description\" content=\"Parametry produktu: cena: 149.9 PLN marka: ANSWEAR p\u0142e\u0107: Female kategoria: ONA \/ Odzie\u017c \/ Bluzki i koszule \/ Bluzki kolor: be\u017cowy Opis: Bluzka z kolekcji Answear. Model wykonany z wzorzystej\" \/>\n<meta property=\"og:url\" content=\"https:\/\/torebunia.pl\/sklep\/produkt\/answear-bluzka-35\/\" \/>\n<meta property=\"og:site_name\" content=\"Moje Blog\" \/>\n<meta property=\"article:modified_time\" content=\"2021-01-27T15:26:56+00:00\" \/>\n<meta property=\"og:image\" content=\"https:\/\/torebunia.pl\/sklep\/wp-content\/uploads\/2021\/01\/f987660314291a2413fad4b0321e718ededfbde6.jpg\" \/>\n\t<meta property=\"og:image:width\" content=\"855\" \/>\n\t<meta property=\"og:image:height\" content=\"1290\" \/>\n<meta name=\"twitter:card\" content=\"summary_large_image\" \/>\n<meta name=\"twitter:label1\" content=\"Est. reading time\">\n\t<meta name=\"twitter:data1\" content=\"1 minuta\">\n<script type=\"application\/ld+json\" class=\"yoast-schema-graph\">{\"@context\":\"https:\/\/schema.org\",\"@graph\":[{\"@type\":\"WebSite\",\"@id\":\"https:\/\/torebunia.pl\/sklep\/#website\",\"url\":\"https:\/\/torebunia.pl\/sklep\/\",\"name\":\"Moje Blog\",\"description\":\"Kolejna witryna WordPress\",\"potentialAction\":[{\"@type\":\"SearchAction\",\"target\":\"https:\/\/torebunia.pl\/sklep\/?s={search_term_string}\",\"query-input\":\"required name=search_term_string\"}],\"inLanguage\":\"pl-PL\"},{\"@type\":\"ImageObject\",\"@id\":\"https:\/\/torebunia.pl\/sklep\/produkt\/answear-bluzka-35\/#primaryimage\",\"inLanguage\":\"pl-PL\",\"url\":\"https:\/\/torebunia.pl\/sklep\/wp-content\/uploads\/2021\/01\/f987660314291a2413fad4b0321e718ededfbde6.jpg\",\"width\":855,\"height\":1290,\"caption\":\"Answear - Bluzka\"},{\"@type\":\"WebPage\",\"@id\":\"https:\/\/torebunia.pl\/sklep\/produkt\/answear-bluzka-35\/#webpage\",\"url\":\"https:\/\/torebunia.pl\/sklep\/produkt\/answear-bluzka-35\/\",\"name\":\"Answear - Bluzka\",\"isPartOf\":{\"@id\":\"https:\/\/torebunia.pl\/sklep\/#website\"},\"primaryImageOfPage\":{\"@id\":\"https:\/\/torebunia.pl\/sklep\/produkt\/answear-bluzka-35\/#primaryimage\"},\"datePublished\":\"2020-05-25T22:49:11+00:00\",\"dateModified\":\"2021-01-27T15:26:56+00:00\",\"inLanguage\":\"pl-PL\",\"potentialAction\":[{\"@type\":\"ReadAction\",\"target\":[\"https:\/\/torebunia.pl\/sklep\/produkt\/answear-bluzka-35\/\"]}]}]}<\/script>\n<!-- \/ Yoast SEO plugin. -->","_links":{"self":[{"href":"https:\/\/torebunia.pl\/sklep\/wp-json\/wp\/v2\/product\/19858","targetHints":{"allow":["GET"]}}],"collection":[{"href":"https:\/\/torebunia.pl\/sklep\/wp-json\/wp\/v2\/product"}],"about":[{"href":"https:\/\/torebunia.pl\/sklep\/wp-json\/wp\/v2\/types\/product"}],"replies":[{"embeddable":true,"href":"https:\/\/torebunia.pl\/sklep\/wp-json\/wp\/v2\/comments?post=19858"}],"wp:featuredmedia":[{"embeddable":true,"href":"https:\/\/torebunia.pl\/sklep\/wp-json\/wp\/v2\/media\/19859"}],"wp:attachment":[{"href":"https:\/\/torebunia.pl\/sklep\/wp-json\/wp\/v2\/media?parent=19858"}],"curies":[{"name":"wp","href":"https:\/\/api.w.org\/{rel}","templated":true}]}}