{"id":19822,"date":"2020-12-11T00:42:18","date_gmt":"2020-12-11T00:42:18","guid":{"rendered":"https:\/\/torebunia.pl\/sklep\/produkt\/adidas-originals-kombinezon-2\/"},"modified":"2021-01-27T15:25:34","modified_gmt":"2021-01-27T15:25:34","slug":"adidas-originals-kombinezon-2","status":"publish","type":"product","link":"https:\/\/torebunia.pl\/sklep\/produkt\/adidas-originals-kombinezon-2\/","title":{"rendered":"adidas Originals &#8211; Kombinezon"},"content":{"rendered":"<p>Parametry produktu:<\/p>\n<ul>\n<li>cena: <strong>279.9 PLN<\/strong><\/li>\n<li>marka: <strong>adidas Originals<\/strong><\/li>\n<li>p\u0142e\u0107: <strong>Female<\/strong><\/li>\n<li>kategoria: <strong>ONA \/ Odzie\u017c \/ Kombinezony<\/strong><\/li>\n<li>kolor: <strong>czerwony<\/strong><\/li>\n<\/ul>\n<p>Opis:<br \/>\nKombinezon z kolekcji adidas Originals. Model bez r\u0119kaw\u00f3w, wykonany z dzianiny. &#8211; Dopasowany model. &#8211; Okr\u0105g\u0142y dekolt. &#8211; Zapi\u0119cie na suwak. &#8211; Cienka, elastyczna dzianina. &#8211; Szeroko\u015b\u0107 pod pachami: 36 cm. &#8211; Szeroko\u015b\u0107 w pasie: 33,5 cm. &#8211; Szeroko\u015b\u0107 w biodrach: 38 cm. &#8211; Wysoko\u015b\u0107 stanu: 34 cm. &#8211; Szeroko\u015b\u0107 nogawki na dole: 11 cm. &#8211; Szeroko\u015b\u0107 nogawki: 25 cm. &#8211; D\u0142ugo\u015b\u0107 nogawki: 99,5 cm. &#8211; D\u0142ugo\u015b\u0107: 139,5 cm. &#8211; Wymiary podane dla rozmiaru: 36. Wz\u00f3r: aplikacja Materia\u0142: dzianina R\u0119kaw: bez r\u0119kaw\u00f3w Dekolt: okr\u0105g\u0142y Materia\u0142: z elastanem Okazje: casual Nogawka: d\u0142uga Sk\u0142ad: 11 % Elastan, 70 % Poliester z recyklingu, 19 % Poliester ID produktu: 4900-SKD00S Kod producenta: GJ7719<\/p>\n","protected":false},"excerpt":{"rendered":"<p>Parametry produktu: cena: 279.9 PLN marka: adidas Originals p\u0142e\u0107: Female kategoria: ONA \/ Odzie\u017c \/ Kombinezony kolor: czerwony Opis: Kombinezon z kolekcji adidas Originals. Model bez r\u0119kaw\u00f3w, wykonany z dzianiny.<\/p>\n","protected":false},"featured_media":19823,"comment_status":"closed","ping_status":"open","template":"","meta":[],"class_list":{"0":"post-19822","1":"product","2":"type-product","3":"status-publish","5":"hentry","6":"product_cat-kombinezony","7":"product_cat-odziez","8":"product_cat-ona","9":"product_tag-adidas-originals","10":"product_tag-adidas-originals-kombinezon"},"yoast_head":"<!-- This site is optimized with the Yoast SEO plugin v15.6.2 - https:\/\/yoast.com\/wordpress\/plugins\/seo\/ -->\n<title>adidas Originals - Kombinezon<\/title>\n<meta name=\"robots\" content=\"index, follow, max-snippet:-1, max-image-preview:large, max-video-preview:-1\" \/>\n<link rel=\"canonical\" href=\"https:\/\/torebunia.pl\/sklep\/produkt\/adidas-originals-kombinezon-2\/\" \/>\n<meta property=\"og:locale\" content=\"pl_PL\" \/>\n<meta property=\"og:type\" content=\"article\" \/>\n<meta property=\"og:title\" content=\"adidas Originals - Kombinezon\" \/>\n<meta property=\"og:description\" content=\"Parametry produktu: cena: 279.9 PLN marka: adidas Originals p\u0142e\u0107: Female kategoria: ONA \/ Odzie\u017c \/ Kombinezony kolor: czerwony Opis: Kombinezon z kolekcji adidas Originals. Model bez r\u0119kaw\u00f3w, wykonany z dzianiny.\" \/>\n<meta property=\"og:url\" content=\"https:\/\/torebunia.pl\/sklep\/produkt\/adidas-originals-kombinezon-2\/\" \/>\n<meta property=\"og:site_name\" content=\"Moje Blog\" \/>\n<meta property=\"article:modified_time\" content=\"2021-01-27T15:25:34+00:00\" \/>\n<meta property=\"og:image\" content=\"https:\/\/torebunia.pl\/sklep\/wp-content\/uploads\/2021\/01\/5f9e1375fd5f893ae098cc8b202f6f04613e89dd.jpg\" \/>\n\t<meta property=\"og:image:width\" content=\"855\" \/>\n\t<meta property=\"og:image:height\" content=\"1290\" \/>\n<meta name=\"twitter:card\" content=\"summary_large_image\" \/>\n<meta name=\"twitter:label1\" content=\"Est. reading time\">\n\t<meta name=\"twitter:data1\" content=\"1 minuta\">\n<script type=\"application\/ld+json\" class=\"yoast-schema-graph\">{\"@context\":\"https:\/\/schema.org\",\"@graph\":[{\"@type\":\"WebSite\",\"@id\":\"https:\/\/torebunia.pl\/sklep\/#website\",\"url\":\"https:\/\/torebunia.pl\/sklep\/\",\"name\":\"Moje Blog\",\"description\":\"Kolejna witryna WordPress\",\"potentialAction\":[{\"@type\":\"SearchAction\",\"target\":\"https:\/\/torebunia.pl\/sklep\/?s={search_term_string}\",\"query-input\":\"required name=search_term_string\"}],\"inLanguage\":\"pl-PL\"},{\"@type\":\"ImageObject\",\"@id\":\"https:\/\/torebunia.pl\/sklep\/produkt\/adidas-originals-kombinezon-2\/#primaryimage\",\"inLanguage\":\"pl-PL\",\"url\":\"https:\/\/torebunia.pl\/sklep\/wp-content\/uploads\/2021\/01\/5f9e1375fd5f893ae098cc8b202f6f04613e89dd.jpg\",\"width\":855,\"height\":1290,\"caption\":\"adidas Originals - Kombinezon\"},{\"@type\":\"WebPage\",\"@id\":\"https:\/\/torebunia.pl\/sklep\/produkt\/adidas-originals-kombinezon-2\/#webpage\",\"url\":\"https:\/\/torebunia.pl\/sklep\/produkt\/adidas-originals-kombinezon-2\/\",\"name\":\"adidas Originals - Kombinezon\",\"isPartOf\":{\"@id\":\"https:\/\/torebunia.pl\/sklep\/#website\"},\"primaryImageOfPage\":{\"@id\":\"https:\/\/torebunia.pl\/sklep\/produkt\/adidas-originals-kombinezon-2\/#primaryimage\"},\"datePublished\":\"2020-12-11T00:42:18+00:00\",\"dateModified\":\"2021-01-27T15:25:34+00:00\",\"inLanguage\":\"pl-PL\",\"potentialAction\":[{\"@type\":\"ReadAction\",\"target\":[\"https:\/\/torebunia.pl\/sklep\/produkt\/adidas-originals-kombinezon-2\/\"]}]}]}<\/script>\n<!-- \/ Yoast SEO plugin. -->","_links":{"self":[{"href":"https:\/\/torebunia.pl\/sklep\/wp-json\/wp\/v2\/product\/19822","targetHints":{"allow":["GET"]}}],"collection":[{"href":"https:\/\/torebunia.pl\/sklep\/wp-json\/wp\/v2\/product"}],"about":[{"href":"https:\/\/torebunia.pl\/sklep\/wp-json\/wp\/v2\/types\/product"}],"replies":[{"embeddable":true,"href":"https:\/\/torebunia.pl\/sklep\/wp-json\/wp\/v2\/comments?post=19822"}],"wp:featuredmedia":[{"embeddable":true,"href":"https:\/\/torebunia.pl\/sklep\/wp-json\/wp\/v2\/media\/19823"}],"wp:attachment":[{"href":"https:\/\/torebunia.pl\/sklep\/wp-json\/wp\/v2\/media?parent=19822"}],"curies":[{"name":"wp","href":"https:\/\/api.w.org\/{rel}","templated":true}]}}