{"id":1981,"date":"2020-07-20T04:31:50","date_gmt":"2020-07-20T04:31:50","guid":{"rendered":"https:\/\/torebunia.pl\/sklep\/produkt\/karl-lagerfeld-biustonosz-kapielowy\/"},"modified":"2021-01-27T11:35:41","modified_gmt":"2021-01-27T11:35:41","slug":"karl-lagerfeld-biustonosz-kapielowy","status":"publish","type":"product","link":"https:\/\/torebunia.pl\/sklep\/produkt\/karl-lagerfeld-biustonosz-kapielowy\/","title":{"rendered":"Karl Lagerfeld &#8211; Biustonosz k\u0105pielowy"},"content":{"rendered":"<p>Parametry produktu:<\/p>\n<ul>\n<li>cena: <strong>389.9 PLN<\/strong><\/li>\n<li>marka: <strong>Karl Lagerfeld<\/strong><\/li>\n<li>p\u0142e\u0107: <strong>Female<\/strong><\/li>\n<li>kategoria: <strong>ONA \/ Odzie\u017c \/ Stroje k\u0105pielowe \/ Dwucz\u0119\u015bciowe<\/strong><\/li>\n<li>kolor: <strong>czarny<\/strong><\/li>\n<\/ul>\n<p>Opis:<br \/>\nBiustonosz k\u0105pielowy z kolekcji Karl Lagerfeld. Model wykonany z g\u0142adkiego materia\u0142u. &#8211; Regulowane, odpinane rami\u0105czka z wi\u0105zaniem na szyi. &#8211; Mi\u0119kka miseczka. &#8211; Zapi\u0119cie na haftk\u0119. &#8211; Elastyczny materia\u0142. Wz\u00f3r: g\u0142adkie Rodzaj: g\u00f3ra Miseczka: lekko usztywniana Sk\u0142ad: 18 % Elastan, 82 % Poliamid ID produktu: 4901-BID0ON Kod producenta: KL20WTP12<\/p>\n","protected":false},"excerpt":{"rendered":"<p>Parametry produktu: cena: 389.9 PLN marka: Karl Lagerfeld p\u0142e\u0107: Female kategoria: ONA \/ Odzie\u017c \/ Stroje k\u0105pielowe \/ Dwucz\u0119\u015bciowe kolor: czarny Opis: Biustonosz k\u0105pielowy z kolekcji Karl Lagerfeld. Model wykonany<\/p>\n","protected":false},"featured_media":1982,"comment_status":"closed","ping_status":"open","template":"","meta":[],"class_list":{"0":"post-1981","1":"product","2":"type-product","3":"status-publish","5":"hentry","6":"product_cat-dwuczesciowe","7":"product_cat-odziez","8":"product_cat-ona","9":"product_cat-stroje-kapielowe","10":"product_tag-karl-lagerfeld","11":"product_tag-karl-lagerfeld-biustonosz-kapielowy"},"yoast_head":"<!-- This site is optimized with the Yoast SEO plugin v15.6.2 - https:\/\/yoast.com\/wordpress\/plugins\/seo\/ -->\n<title>Karl Lagerfeld - Biustonosz k\u0105pielowy<\/title>\n<meta name=\"robots\" content=\"index, follow, max-snippet:-1, max-image-preview:large, max-video-preview:-1\" \/>\n<link rel=\"canonical\" href=\"https:\/\/torebunia.pl\/sklep\/produkt\/karl-lagerfeld-biustonosz-kapielowy\/\" \/>\n<meta property=\"og:locale\" content=\"pl_PL\" \/>\n<meta property=\"og:type\" content=\"article\" \/>\n<meta property=\"og:title\" content=\"Karl Lagerfeld - Biustonosz k\u0105pielowy\" \/>\n<meta property=\"og:description\" content=\"Parametry produktu: cena: 389.9 PLN marka: Karl Lagerfeld p\u0142e\u0107: Female kategoria: ONA \/ Odzie\u017c \/ Stroje k\u0105pielowe \/ Dwucz\u0119\u015bciowe kolor: czarny Opis: Biustonosz k\u0105pielowy z kolekcji Karl Lagerfeld. Model wykonany\" \/>\n<meta property=\"og:url\" content=\"https:\/\/torebunia.pl\/sklep\/produkt\/karl-lagerfeld-biustonosz-kapielowy\/\" \/>\n<meta property=\"og:site_name\" content=\"Moje Blog\" \/>\n<meta property=\"article:modified_time\" content=\"2021-01-27T11:35:41+00:00\" \/>\n<meta property=\"og:image\" content=\"https:\/\/torebunia.pl\/sklep\/wp-content\/uploads\/2021\/01\/a6408cd512b46d58362f186b5000592ba296e011.jpg\" \/>\n\t<meta property=\"og:image:width\" content=\"855\" \/>\n\t<meta property=\"og:image:height\" content=\"1290\" \/>\n<meta name=\"twitter:card\" content=\"summary_large_image\" \/>\n<script type=\"application\/ld+json\" class=\"yoast-schema-graph\">{\"@context\":\"https:\/\/schema.org\",\"@graph\":[{\"@type\":\"WebSite\",\"@id\":\"https:\/\/torebunia.pl\/sklep\/#website\",\"url\":\"https:\/\/torebunia.pl\/sklep\/\",\"name\":\"Moje Blog\",\"description\":\"Kolejna witryna WordPress\",\"potentialAction\":[{\"@type\":\"SearchAction\",\"target\":\"https:\/\/torebunia.pl\/sklep\/?s={search_term_string}\",\"query-input\":\"required name=search_term_string\"}],\"inLanguage\":\"pl-PL\"},{\"@type\":\"ImageObject\",\"@id\":\"https:\/\/torebunia.pl\/sklep\/produkt\/karl-lagerfeld-biustonosz-kapielowy\/#primaryimage\",\"inLanguage\":\"pl-PL\",\"url\":\"https:\/\/torebunia.pl\/sklep\/wp-content\/uploads\/2021\/01\/a6408cd512b46d58362f186b5000592ba296e011.jpg\",\"width\":855,\"height\":1290,\"caption\":\"Karl Lagerfeld - Biustonosz k\\u0105pielowy\"},{\"@type\":\"WebPage\",\"@id\":\"https:\/\/torebunia.pl\/sklep\/produkt\/karl-lagerfeld-biustonosz-kapielowy\/#webpage\",\"url\":\"https:\/\/torebunia.pl\/sklep\/produkt\/karl-lagerfeld-biustonosz-kapielowy\/\",\"name\":\"Karl Lagerfeld - Biustonosz k\\u0105pielowy\",\"isPartOf\":{\"@id\":\"https:\/\/torebunia.pl\/sklep\/#website\"},\"primaryImageOfPage\":{\"@id\":\"https:\/\/torebunia.pl\/sklep\/produkt\/karl-lagerfeld-biustonosz-kapielowy\/#primaryimage\"},\"datePublished\":\"2020-07-20T04:31:50+00:00\",\"dateModified\":\"2021-01-27T11:35:41+00:00\",\"inLanguage\":\"pl-PL\",\"potentialAction\":[{\"@type\":\"ReadAction\",\"target\":[\"https:\/\/torebunia.pl\/sklep\/produkt\/karl-lagerfeld-biustonosz-kapielowy\/\"]}]}]}<\/script>\n<!-- \/ Yoast SEO plugin. -->","_links":{"self":[{"href":"https:\/\/torebunia.pl\/sklep\/wp-json\/wp\/v2\/product\/1981","targetHints":{"allow":["GET"]}}],"collection":[{"href":"https:\/\/torebunia.pl\/sklep\/wp-json\/wp\/v2\/product"}],"about":[{"href":"https:\/\/torebunia.pl\/sklep\/wp-json\/wp\/v2\/types\/product"}],"replies":[{"embeddable":true,"href":"https:\/\/torebunia.pl\/sklep\/wp-json\/wp\/v2\/comments?post=1981"}],"wp:featuredmedia":[{"embeddable":true,"href":"https:\/\/torebunia.pl\/sklep\/wp-json\/wp\/v2\/media\/1982"}],"wp:attachment":[{"href":"https:\/\/torebunia.pl\/sklep\/wp-json\/wp\/v2\/media?parent=1981"}],"curies":[{"name":"wp","href":"https:\/\/api.w.org\/{rel}","templated":true}]}}