{"id":19800,"date":"2020-08-21T14:18:51","date_gmt":"2020-08-21T14:18:51","guid":{"rendered":"https:\/\/torebunia.pl\/sklep\/produkt\/liu-jo-pasek-5\/"},"modified":"2021-01-27T15:24:44","modified_gmt":"2021-01-27T15:24:44","slug":"liu-jo-pasek-5","status":"publish","type":"product","link":"https:\/\/torebunia.pl\/sklep\/produkt\/liu-jo-pasek-5\/","title":{"rendered":"Liu Jo &#8211; Pasek"},"content":{"rendered":"<p>Parametry produktu:<\/p>\n<ul>\n<li>cena: <strong>289.9 PLN<\/strong><\/li>\n<li>marka: <strong>Liu Jo<\/strong><\/li>\n<li>p\u0142e\u0107: <strong>Female<\/strong><\/li>\n<li>kategoria: <strong>ONA \/ Akcesoria \/ Paski<\/strong><\/li>\n<li>kolor: <strong>czarny<\/strong><\/li>\n<\/ul>\n<p>Opis:<br \/>\nPasek z kolekcji Liu Jo. Model wykonany z imitacji sk\u00f3ry. Uwaga: oryginalna rozmiar\u00f3wka produkt\u00f3w tej marki jest rozmiar\u00f3wk\u0105 w\u0142osk\u0105. Informujemy, \u017ce rozmiary na metkach mog\u0105 r\u00f3\u017cni\u0107 si\u0119 od zamawianych ze wzgl\u0119du na zastosowany przelicznik. &#8211; Zapi\u0119cie na klamr\u0119 ze szpilk\u0105. &#8211; D\u0142ugo\u015b\u0107 paska od pocz\u0105tku klamry do ostatniej dziurki: 89,5 cm. &#8211; D\u0142ugo\u015b\u0107 paska od szpilki do pierwszej dziurki: 75,5 cm. &#8211; Ilo\u015b\u0107 dziurek: 5. &#8211; Szeroko\u015b\u0107 paska: 2,8 cm. &#8211; Wymiary podane dla paska o rozmiarze: S. Materia\u0142: imitacja sk\u00f3ry licowej Sk\u0142ad: 100 % Poliuretan ID produktu: 4901-PAD03Y Kod producenta: UA0114.E0434<\/p>\n","protected":false},"excerpt":{"rendered":"<p>Parametry produktu: cena: 289.9 PLN marka: Liu Jo p\u0142e\u0107: Female kategoria: ONA \/ Akcesoria \/ Paski kolor: czarny Opis: Pasek z kolekcji Liu Jo. Model wykonany z imitacji sk\u00f3ry. Uwaga:<\/p>\n","protected":false},"featured_media":19801,"comment_status":"closed","ping_status":"open","template":"","meta":[],"class_list":{"0":"post-19800","1":"product","2":"type-product","3":"status-publish","5":"hentry","6":"product_cat-akcesoria","7":"product_cat-ona","8":"product_cat-paski","9":"product_tag-liu-jo","10":"product_tag-liu-jo-pasek"},"yoast_head":"<!-- This site is optimized with the Yoast SEO plugin v15.6.2 - https:\/\/yoast.com\/wordpress\/plugins\/seo\/ -->\n<title>Liu Jo - Pasek<\/title>\n<meta name=\"robots\" content=\"index, follow, max-snippet:-1, max-image-preview:large, max-video-preview:-1\" \/>\n<link rel=\"canonical\" href=\"https:\/\/torebunia.pl\/sklep\/produkt\/liu-jo-pasek-5\/\" \/>\n<meta property=\"og:locale\" content=\"pl_PL\" \/>\n<meta property=\"og:type\" content=\"article\" \/>\n<meta property=\"og:title\" content=\"Liu Jo - Pasek\" \/>\n<meta property=\"og:description\" content=\"Parametry produktu: cena: 289.9 PLN marka: Liu Jo p\u0142e\u0107: Female kategoria: ONA \/ Akcesoria \/ Paski kolor: czarny Opis: Pasek z kolekcji Liu Jo. Model wykonany z imitacji sk\u00f3ry. Uwaga:\" \/>\n<meta property=\"og:url\" content=\"https:\/\/torebunia.pl\/sklep\/produkt\/liu-jo-pasek-5\/\" \/>\n<meta property=\"og:site_name\" content=\"Moje Blog\" \/>\n<meta property=\"article:modified_time\" content=\"2021-01-27T15:24:44+00:00\" \/>\n<meta property=\"og:image\" content=\"https:\/\/torebunia.pl\/sklep\/wp-content\/uploads\/2021\/01\/a9a3147199f9874df017a77d213ef56ae9e75df1.jpg\" \/>\n\t<meta property=\"og:image:width\" content=\"855\" \/>\n\t<meta property=\"og:image:height\" content=\"1290\" \/>\n<meta name=\"twitter:card\" content=\"summary_large_image\" \/>\n<meta name=\"twitter:label1\" content=\"Est. reading time\">\n\t<meta name=\"twitter:data1\" content=\"1 minuta\">\n<script type=\"application\/ld+json\" class=\"yoast-schema-graph\">{\"@context\":\"https:\/\/schema.org\",\"@graph\":[{\"@type\":\"WebSite\",\"@id\":\"https:\/\/torebunia.pl\/sklep\/#website\",\"url\":\"https:\/\/torebunia.pl\/sklep\/\",\"name\":\"Moje Blog\",\"description\":\"Kolejna witryna WordPress\",\"potentialAction\":[{\"@type\":\"SearchAction\",\"target\":\"https:\/\/torebunia.pl\/sklep\/?s={search_term_string}\",\"query-input\":\"required name=search_term_string\"}],\"inLanguage\":\"pl-PL\"},{\"@type\":\"ImageObject\",\"@id\":\"https:\/\/torebunia.pl\/sklep\/produkt\/liu-jo-pasek-5\/#primaryimage\",\"inLanguage\":\"pl-PL\",\"url\":\"https:\/\/torebunia.pl\/sklep\/wp-content\/uploads\/2021\/01\/a9a3147199f9874df017a77d213ef56ae9e75df1.jpg\",\"width\":855,\"height\":1290,\"caption\":\"Liu Jo - Pasek\"},{\"@type\":\"WebPage\",\"@id\":\"https:\/\/torebunia.pl\/sklep\/produkt\/liu-jo-pasek-5\/#webpage\",\"url\":\"https:\/\/torebunia.pl\/sklep\/produkt\/liu-jo-pasek-5\/\",\"name\":\"Liu Jo - Pasek\",\"isPartOf\":{\"@id\":\"https:\/\/torebunia.pl\/sklep\/#website\"},\"primaryImageOfPage\":{\"@id\":\"https:\/\/torebunia.pl\/sklep\/produkt\/liu-jo-pasek-5\/#primaryimage\"},\"datePublished\":\"2020-08-21T14:18:51+00:00\",\"dateModified\":\"2021-01-27T15:24:44+00:00\",\"inLanguage\":\"pl-PL\",\"potentialAction\":[{\"@type\":\"ReadAction\",\"target\":[\"https:\/\/torebunia.pl\/sklep\/produkt\/liu-jo-pasek-5\/\"]}]}]}<\/script>\n<!-- \/ Yoast SEO plugin. -->","_links":{"self":[{"href":"https:\/\/torebunia.pl\/sklep\/wp-json\/wp\/v2\/product\/19800","targetHints":{"allow":["GET"]}}],"collection":[{"href":"https:\/\/torebunia.pl\/sklep\/wp-json\/wp\/v2\/product"}],"about":[{"href":"https:\/\/torebunia.pl\/sklep\/wp-json\/wp\/v2\/types\/product"}],"replies":[{"embeddable":true,"href":"https:\/\/torebunia.pl\/sklep\/wp-json\/wp\/v2\/comments?post=19800"}],"wp:featuredmedia":[{"embeddable":true,"href":"https:\/\/torebunia.pl\/sklep\/wp-json\/wp\/v2\/media\/19801"}],"wp:attachment":[{"href":"https:\/\/torebunia.pl\/sklep\/wp-json\/wp\/v2\/media?parent=19800"}],"curies":[{"name":"wp","href":"https:\/\/api.w.org\/{rel}","templated":true}]}}