{"id":19796,"date":"2020-05-31T04:43:55","date_gmt":"2020-05-31T04:43:55","guid":{"rendered":"https:\/\/torebunia.pl\/sklep\/produkt\/answear-plecak-20\/"},"modified":"2021-01-27T15:24:32","modified_gmt":"2021-01-27T15:24:32","slug":"answear-plecak-20","status":"publish","type":"product","link":"https:\/\/torebunia.pl\/sklep\/produkt\/answear-plecak-20\/","title":{"rendered":"Answear &#8211; Plecak"},"content":{"rendered":"<p>Parametry produktu:<\/p>\n<ul>\n<li>cena: <strong>149.9 PLN<\/strong><\/li>\n<li>marka: <strong>ANSWEAR<\/strong><\/li>\n<li>p\u0142e\u0107: <strong>Female<\/strong><\/li>\n<li>kategoria: <strong>ONA \/ Akcesoria \/ Plecaki<\/strong><\/li>\n<li>kolor: <strong>czarny<\/strong><\/li>\n<\/ul>\n<p>Opis:<br \/>\nPlecak z kolekcji Answear. Model wykonany z sk\u00f3ry ekologicznej. &#8211; Jednokomorowy model. &#8211; Zapi\u0119cie na suwak. &#8211; Wewn\u0105trz dodatkowe kieszenie. &#8211; Zewn\u0119trzne kieszenie. &#8211; Mie\u015bci format A4. &#8211; Uchwyt do r\u0119ki. &#8211; Regulowana d\u0142ugo\u015b\u0107 pask\u00f3w. &#8211; G\u0142\u0119boko\u015b\u0107: 13,5 cm. &#8211; Wysoko\u015b\u0107: 35,5 cm. &#8211; Szeroko\u015b\u0107 u podstawy: 36 cm. Wz\u00f3r: g\u0142adkie Wielko\u015b\u0107: mie\u015bci A4 Materia\u0142: imitacja sk\u00f3ry licowej Sk\u0142ad: 100 % Poliuretan ID produktu: -100-PKD05Y Kod producenta: PB568.K<\/p>\n","protected":false},"excerpt":{"rendered":"<p>Parametry produktu: cena: 149.9 PLN marka: ANSWEAR p\u0142e\u0107: Female kategoria: ONA \/ Akcesoria \/ Plecaki kolor: czarny Opis: Plecak z kolekcji Answear. Model wykonany z sk\u00f3ry ekologicznej. &#8211; Jednokomorowy model.<\/p>\n","protected":false},"featured_media":19797,"comment_status":"closed","ping_status":"open","template":"","meta":[],"class_list":{"0":"post-19796","1":"product","2":"type-product","3":"status-publish","5":"hentry","6":"product_cat-akcesoria","7":"product_cat-ona","8":"product_cat-plecaki","9":"product_tag-answear","10":"product_tag-answear-plecak"},"yoast_head":"<!-- This site is optimized with the Yoast SEO plugin v15.6.2 - https:\/\/yoast.com\/wordpress\/plugins\/seo\/ -->\n<title>Answear - Plecak<\/title>\n<meta name=\"robots\" content=\"index, follow, max-snippet:-1, max-image-preview:large, max-video-preview:-1\" \/>\n<link rel=\"canonical\" href=\"https:\/\/torebunia.pl\/sklep\/produkt\/answear-plecak-20\/\" \/>\n<meta property=\"og:locale\" content=\"pl_PL\" \/>\n<meta property=\"og:type\" content=\"article\" \/>\n<meta property=\"og:title\" content=\"Answear - Plecak\" \/>\n<meta property=\"og:description\" content=\"Parametry produktu: cena: 149.9 PLN marka: ANSWEAR p\u0142e\u0107: Female kategoria: ONA \/ Akcesoria \/ Plecaki kolor: czarny Opis: Plecak z kolekcji Answear. Model wykonany z sk\u00f3ry ekologicznej. &#8211; Jednokomorowy model.\" \/>\n<meta property=\"og:url\" content=\"https:\/\/torebunia.pl\/sklep\/produkt\/answear-plecak-20\/\" \/>\n<meta property=\"og:site_name\" content=\"Moje Blog\" \/>\n<meta property=\"article:modified_time\" content=\"2021-01-27T15:24:32+00:00\" \/>\n<meta property=\"og:image\" content=\"https:\/\/torebunia.pl\/sklep\/wp-content\/uploads\/2021\/01\/0d5c64e256ccf7f3e763c316e01d6ac7bb630cba.jpg\" \/>\n\t<meta property=\"og:image:width\" content=\"855\" \/>\n\t<meta property=\"og:image:height\" content=\"1290\" \/>\n<meta name=\"twitter:card\" content=\"summary_large_image\" \/>\n<script type=\"application\/ld+json\" class=\"yoast-schema-graph\">{\"@context\":\"https:\/\/schema.org\",\"@graph\":[{\"@type\":\"WebSite\",\"@id\":\"https:\/\/torebunia.pl\/sklep\/#website\",\"url\":\"https:\/\/torebunia.pl\/sklep\/\",\"name\":\"Moje Blog\",\"description\":\"Kolejna witryna WordPress\",\"potentialAction\":[{\"@type\":\"SearchAction\",\"target\":\"https:\/\/torebunia.pl\/sklep\/?s={search_term_string}\",\"query-input\":\"required name=search_term_string\"}],\"inLanguage\":\"pl-PL\"},{\"@type\":\"ImageObject\",\"@id\":\"https:\/\/torebunia.pl\/sklep\/produkt\/answear-plecak-20\/#primaryimage\",\"inLanguage\":\"pl-PL\",\"url\":\"https:\/\/torebunia.pl\/sklep\/wp-content\/uploads\/2021\/01\/0d5c64e256ccf7f3e763c316e01d6ac7bb630cba.jpg\",\"width\":855,\"height\":1290,\"caption\":\"Answear - Plecak\"},{\"@type\":\"WebPage\",\"@id\":\"https:\/\/torebunia.pl\/sklep\/produkt\/answear-plecak-20\/#webpage\",\"url\":\"https:\/\/torebunia.pl\/sklep\/produkt\/answear-plecak-20\/\",\"name\":\"Answear - Plecak\",\"isPartOf\":{\"@id\":\"https:\/\/torebunia.pl\/sklep\/#website\"},\"primaryImageOfPage\":{\"@id\":\"https:\/\/torebunia.pl\/sklep\/produkt\/answear-plecak-20\/#primaryimage\"},\"datePublished\":\"2020-05-31T04:43:55+00:00\",\"dateModified\":\"2021-01-27T15:24:32+00:00\",\"inLanguage\":\"pl-PL\",\"potentialAction\":[{\"@type\":\"ReadAction\",\"target\":[\"https:\/\/torebunia.pl\/sklep\/produkt\/answear-plecak-20\/\"]}]}]}<\/script>\n<!-- \/ Yoast SEO plugin. -->","_links":{"self":[{"href":"https:\/\/torebunia.pl\/sklep\/wp-json\/wp\/v2\/product\/19796","targetHints":{"allow":["GET"]}}],"collection":[{"href":"https:\/\/torebunia.pl\/sklep\/wp-json\/wp\/v2\/product"}],"about":[{"href":"https:\/\/torebunia.pl\/sklep\/wp-json\/wp\/v2\/types\/product"}],"replies":[{"embeddable":true,"href":"https:\/\/torebunia.pl\/sklep\/wp-json\/wp\/v2\/comments?post=19796"}],"wp:featuredmedia":[{"embeddable":true,"href":"https:\/\/torebunia.pl\/sklep\/wp-json\/wp\/v2\/media\/19797"}],"wp:attachment":[{"href":"https:\/\/torebunia.pl\/sklep\/wp-json\/wp\/v2\/media?parent=19796"}],"curies":[{"name":"wp","href":"https:\/\/api.w.org\/{rel}","templated":true}]}}