{"id":19766,"date":"2020-10-10T07:54:26","date_gmt":"2020-10-10T07:54:26","guid":{"rendered":"https:\/\/torebunia.pl\/sklep\/produkt\/calvin-klein-jeans-sukienka-9\/"},"modified":"2021-01-27T15:23:34","modified_gmt":"2021-01-27T15:23:34","slug":"calvin-klein-jeans-sukienka-9","status":"publish","type":"product","link":"https:\/\/torebunia.pl\/sklep\/produkt\/calvin-klein-jeans-sukienka-9\/","title":{"rendered":"Calvin Klein Jeans &#8211; Sukienka"},"content":{"rendered":"<p>Parametry produktu:<\/p>\n<ul>\n<li>cena: <strong>499.9 PLN<\/strong><\/li>\n<li>marka: <strong>Calvin Klein Jeans<\/strong><\/li>\n<li>p\u0142e\u0107: <strong>Female<\/strong><\/li>\n<li>kategoria: <strong>ONA \/ Odzie\u017c \/ Sukienki<\/strong><\/li>\n<li>kolor: <strong>czarny<\/strong><\/li>\n<\/ul>\n<p>Opis:<br \/>\nSukienka z kolekcji Calvin Klein Jeans. Lu\u017any model wykonany z g\u0142adkiej dzianiny. &#8211; Lu\u017any fason. &#8211; D\u0142ugi r\u0119kaw. &#8211; Wsuwane kieszenie. &#8211; Kr\u00f3tkie zapi\u0119cie na suwak. &#8211; Gruba, nieelastyczna dzianina. &#8211; Szeroko\u015b\u0107 pod pachami: 53 cm. &#8211; D\u0142ugo\u015b\u0107 r\u0119kawa: 65 cm. &#8211; D\u0142ugo\u015b\u0107: 88 cm. &#8211; Wymiary podane dla rozmiaru: S. Wz\u00f3r: g\u0142adkie Materia\u0142: dzianina D\u0142ugo\u015b\u0107: mini R\u0119kaw: d\u0142ugi Okazje: casual Fason: oversize Dekolt: p\u00f3\u0142golf Sk\u0142ad: 63 % Bawe\u0142na, 37 % Poliester ID produktu: 4900-SUD06M Kod producenta: J20J214924<\/p>\n","protected":false},"excerpt":{"rendered":"<p>Parametry produktu: cena: 499.9 PLN marka: Calvin Klein Jeans p\u0142e\u0107: Female kategoria: ONA \/ Odzie\u017c \/ Sukienki kolor: czarny Opis: Sukienka z kolekcji Calvin Klein Jeans. Lu\u017any model wykonany z<\/p>\n","protected":false},"featured_media":19767,"comment_status":"closed","ping_status":"open","template":"","meta":[],"class_list":{"0":"post-19766","1":"product","2":"type-product","3":"status-publish","5":"hentry","6":"product_cat-odziez","7":"product_cat-ona","8":"product_cat-sukienki","9":"product_tag-calvin-klein-jeans","10":"product_tag-calvin-klein-jeans-sukienka"},"yoast_head":"<!-- This site is optimized with the Yoast SEO plugin v15.6.2 - https:\/\/yoast.com\/wordpress\/plugins\/seo\/ -->\n<title>Calvin Klein Jeans - Sukienka<\/title>\n<meta name=\"robots\" content=\"index, follow, max-snippet:-1, max-image-preview:large, max-video-preview:-1\" \/>\n<link rel=\"canonical\" href=\"https:\/\/torebunia.pl\/sklep\/produkt\/calvin-klein-jeans-sukienka-9\/\" \/>\n<meta property=\"og:locale\" content=\"pl_PL\" \/>\n<meta property=\"og:type\" content=\"article\" \/>\n<meta property=\"og:title\" content=\"Calvin Klein Jeans - Sukienka\" \/>\n<meta property=\"og:description\" content=\"Parametry produktu: cena: 499.9 PLN marka: Calvin Klein Jeans p\u0142e\u0107: Female kategoria: ONA \/ Odzie\u017c \/ Sukienki kolor: czarny Opis: Sukienka z kolekcji Calvin Klein Jeans. Lu\u017any model wykonany z\" \/>\n<meta property=\"og:url\" content=\"https:\/\/torebunia.pl\/sklep\/produkt\/calvin-klein-jeans-sukienka-9\/\" \/>\n<meta property=\"og:site_name\" content=\"Moje Blog\" \/>\n<meta property=\"article:modified_time\" content=\"2021-01-27T15:23:34+00:00\" \/>\n<meta property=\"og:image\" content=\"https:\/\/torebunia.pl\/sklep\/wp-content\/uploads\/2021\/01\/f8cb1e3ff297e3fc0ddb452fcc29f45a648a6fe5.jpg\" \/>\n\t<meta property=\"og:image:width\" content=\"855\" \/>\n\t<meta property=\"og:image:height\" content=\"1290\" \/>\n<meta name=\"twitter:card\" content=\"summary_large_image\" \/>\n<meta name=\"twitter:label1\" content=\"Est. reading time\">\n\t<meta name=\"twitter:data1\" content=\"1 minuta\">\n<script type=\"application\/ld+json\" class=\"yoast-schema-graph\">{\"@context\":\"https:\/\/schema.org\",\"@graph\":[{\"@type\":\"WebSite\",\"@id\":\"https:\/\/torebunia.pl\/sklep\/#website\",\"url\":\"https:\/\/torebunia.pl\/sklep\/\",\"name\":\"Moje Blog\",\"description\":\"Kolejna witryna WordPress\",\"potentialAction\":[{\"@type\":\"SearchAction\",\"target\":\"https:\/\/torebunia.pl\/sklep\/?s={search_term_string}\",\"query-input\":\"required name=search_term_string\"}],\"inLanguage\":\"pl-PL\"},{\"@type\":\"ImageObject\",\"@id\":\"https:\/\/torebunia.pl\/sklep\/produkt\/calvin-klein-jeans-sukienka-9\/#primaryimage\",\"inLanguage\":\"pl-PL\",\"url\":\"https:\/\/torebunia.pl\/sklep\/wp-content\/uploads\/2021\/01\/f8cb1e3ff297e3fc0ddb452fcc29f45a648a6fe5.jpg\",\"width\":855,\"height\":1290,\"caption\":\"Calvin Klein Jeans - Sukienka\"},{\"@type\":\"WebPage\",\"@id\":\"https:\/\/torebunia.pl\/sklep\/produkt\/calvin-klein-jeans-sukienka-9\/#webpage\",\"url\":\"https:\/\/torebunia.pl\/sklep\/produkt\/calvin-klein-jeans-sukienka-9\/\",\"name\":\"Calvin Klein Jeans - Sukienka\",\"isPartOf\":{\"@id\":\"https:\/\/torebunia.pl\/sklep\/#website\"},\"primaryImageOfPage\":{\"@id\":\"https:\/\/torebunia.pl\/sklep\/produkt\/calvin-klein-jeans-sukienka-9\/#primaryimage\"},\"datePublished\":\"2020-10-10T07:54:26+00:00\",\"dateModified\":\"2021-01-27T15:23:34+00:00\",\"inLanguage\":\"pl-PL\",\"potentialAction\":[{\"@type\":\"ReadAction\",\"target\":[\"https:\/\/torebunia.pl\/sklep\/produkt\/calvin-klein-jeans-sukienka-9\/\"]}]}]}<\/script>\n<!-- \/ Yoast SEO plugin. -->","_links":{"self":[{"href":"https:\/\/torebunia.pl\/sklep\/wp-json\/wp\/v2\/product\/19766","targetHints":{"allow":["GET"]}}],"collection":[{"href":"https:\/\/torebunia.pl\/sklep\/wp-json\/wp\/v2\/product"}],"about":[{"href":"https:\/\/torebunia.pl\/sklep\/wp-json\/wp\/v2\/types\/product"}],"replies":[{"embeddable":true,"href":"https:\/\/torebunia.pl\/sklep\/wp-json\/wp\/v2\/comments?post=19766"}],"wp:featuredmedia":[{"embeddable":true,"href":"https:\/\/torebunia.pl\/sklep\/wp-json\/wp\/v2\/media\/19767"}],"wp:attachment":[{"href":"https:\/\/torebunia.pl\/sklep\/wp-json\/wp\/v2\/media?parent=19766"}],"curies":[{"name":"wp","href":"https:\/\/api.w.org\/{rel}","templated":true}]}}